{"id":995,"date":"2025-01-30T11:34:56","date_gmt":"2025-01-30T10:34:56","guid":{"rendered":"https:\/\/lekdetectiecentrale.be\/fr\/?page_id=995"},"modified":"2025-01-30T11:49:12","modified_gmt":"2025-01-30T10:49:12","slug":"methode-de-colorant","status":"publish","type":"page","link":"https:\/\/lekdetectiecentrale.be\/fr\/methode-de-colorant","title":{"rendered":"M\u00e9thode de colorant"},"content":{"rendered":"[mk_page_section bg_color=\u00a0\u00bb#005094&Prime; bg_stretch=\u00a0\u00bbtrue\u00a0\u00bb min_height=\u00a0\u00bb20&Prime; padding_top=\u00a0\u00bb0&Prime; padding_bottom=\u00a0\u00bb0&Prime; sidebar=\u00a0\u00bbsidebar-1&Prime;][vc_column][vc_row_inner css=\u00a0\u00bb.vc_custom_1485252305388{padding-top: 20px !important;background-color: #005094 !important;}\u00a0\u00bb][vc_column_inner width=\u00a0\u00bb1\/3&Prime;][mk_icon_box icon=\u00a0\u00bbmk-moon-home\u00a0\u00bb title=\u00a0\u00bbD\u00e9tection sans d\u00e9molition\u00a0\u00bb text_size=\u00a0\u00bb20&Prime; icon_size=\u00a0\u00bblarge\u00a0\u00bb icon_color=\u00a0\u00bb#2bb0e0&Prime; icon_circle_color=\u00a0\u00bb\u00a0\u00bb title_color=\u00a0\u00bb#ffffff\u00a0\u00bb margin=\u00a0\u00bb0&Prime;][\/mk_icon_box][\/vc_column_inner][vc_column_inner width=\u00a0\u00bb1\/3&Prime;][mk_icon_box icon=\u00a0\u00bbmk-moon-credit\u00a0\u00bb title=\u00a0\u00bbAucun frais inutile\u00a0\u00bb text_size=\u00a0\u00bb20&Prime; icon_size=\u00a0\u00bblarge\u00a0\u00bb icon_color=\u00a0\u00bb#2bb0e0&Prime; icon_circle_color=\u00a0\u00bb\u00a0\u00bb title_color=\u00a0\u00bb#ffffff\u00a0\u00bb margin=\u00a0\u00bb0&Prime;][\/mk_icon_box][\/vc_column_inner][vc_column_inner width=\u00a0\u00bb1\/3&Prime;][mk_icon_box icon=\u00a0\u00bbmk-moon-file-check-2&Prime; title=\u00a0\u00bbCo\u00fbt de la d\u00e9tection de fuite souvent pris en charge par les assurances\u00a0\u00bb text_size=\u00a0\u00bb20&Prime; icon_size=\u00a0\u00bblarge\u00a0\u00bb icon_color=\u00a0\u00bb#2bb0e0&Prime; icon_circle_color=\u00a0\u00bb\u00a0\u00bb title_color=\u00a0\u00bb#ffffff\u00a0\u00bb margin=\u00a0\u00bb0&Prime;][\/mk_icon_box][\/vc_column_inner][\/vc_row_inner][\/vc_column][\/mk_page_section][mk_page_section bg_image=\u00a0\u00bbhttp:\/\/lekdetectiecentrale.be\/fr\/wp-content\/uploads\/2017\/01\/moersleutel-compri2.jpg\u00a0\u00bb bg_position=\u00a0\u00bbcenter center\u00a0\u00bb bg_repeat=\u00a0\u00bbno-repeat\u00a0\u00bb bg_stretch=\u00a0\u00bbtrue\u00a0\u00bb speed_factor=\u00a0\u00bb3&Prime; video_loop=\u00a0\u00bbfalse\u00a0\u00bb video_mask=\u00a0\u00bbtrue\u00a0\u00bb video_color_mask=\u00a0\u00bb#83cee4&Prime; video_opacity=\u00a0\u00bb0.1&Prime; padding_top=\u00a0\u00bb0&Prime; sidebar=\u00a0\u00bbsidebar-1&Prime;][vc_column][vc_row_inner][vc_column_inner width=\u00a0\u00bb2\/3&Prime;][mk_padding_divider size=\u00a0\u00bb20&Prime;][mk_padding_divider size=\u00a0\u00bb80&Prime; visibility=\u00a0\u00bbhidden-sm\u00a0\u00bb][mk_fancy_title tag_name=\u00a0\u00bbh1&Prime; color=\u00a0\u00bb#ffffff\u00a0\u00bb size=\u00a0\u00bb42&Prime; force_font_size=\u00a0\u00bbtrue\u00a0\u00bb size_tablet=\u00a0\u00bb28&Prime; size_phone=\u00a0\u00bb24&Prime; font_weight=\u00a0\u00bbbold\u00a0\u00bb txt_transform=\u00a0\u00bbuppercase\u00a0\u00bb margin_bottom=\u00a0\u00bb0&Prime; font_family=\u00a0\u00bbnone\u00a0\u00bb]M\u00e9thode de colorant[\/mk_fancy_title][mk_fancy_title tag_name=\u00a0\u00bbspan\u00a0\u00bb color=\u00a0\u00bb#ffffff\u00a0\u00bb size=\u00a0\u00bb18&Prime; font_family=\u00a0\u00bbnone\u00a0\u00bb]En ajoutant un colorant \u00e0 l\u2019eau des conduites,<br \/>\nil est possible d\u2019identifier l\u2019endroit o\u00f9 l\u2019eau fuit gr\u00e2ce \u00e0 la couleur.[\/mk_fancy_title][mk_button dimension=\u00a0\u00bbflat\u00a0\u00bb size=\u00a0\u00bblarge\u00a0\u00bb icon=\u00a0\u00bbmk-icon-phone\u00a0\u00bb url=\u00a0\u00bb\/fr\/contact\u00a0\u00bb animation=\u00a0\u00bbbottom-to-top\u00a0\u00bb bg_color=\u00a0\u00bb#005094&Prime; btn_hover_bg=\u00a0\u00bb#80cce3&Prime;]Prenez rendez-vous![\/mk_button][mk_padding_divider size=\u00a0\u00bb80&Prime; visibility=\u00a0\u00bbhidden-sm\u00a0\u00bb][mk_padding_divider size=\u00a0\u00bb20&Prime;][\/vc_column_inner][vc_column_inner width=\u00a0\u00bb1\/3&Prime;][mk_padding_divider size=\u00a0\u00bb130&Prime; visibility=\u00a0\u00bbhidden-sm\u00a0\u00bb][mk_custom_list style=\u00a0\u00bbmk-moon-checkmark-3&Prime; icon_color=\u00a0\u00bb#2bb0e0&Prime; animation=\u00a0\u00bbfade-in\u00a0\u00bb]\n<ul>\n<li><span style=\"color: #ffffff; font-size: 20px;\">D\u00e9tection de fuite professionel<\/span><\/li>\n<li><span style=\"color: #ffffff; font-size: 20px;\">Pas de d\u00e9molition inutile<\/span><\/li>\n<li><span style=\"color: #ffffff; font-size: 20px;\">Transparence des prix<\/span><\/li>\n<li><span style=\"color: #ffffff; font-size: 20px;\">Clart\u00e9 des devis et des rapports<\/span><\/li>\n<li><span style=\"color: #ffffff; font-size: 20px;\">Co\u00fbt des travaux est g\u00e9n\u00e9ralement couvert par les assurances<\/span><\/li>\n<li><span style=\"color: #ffffff; font-size: 20px;\">Disponible le jour\u00a0m\u00eame<\/span><\/li>\n<\/ul>\n[\/mk_custom_list][\/vc_column_inner][\/vc_row_inner][\/vc_column][\/mk_page_section][mk_page_section padding_top=\u00a0\u00bb50&Prime; padding_bottom=\u00a0\u00bb40&Prime; sidebar=\u00a0\u00bbsidebar-1&Prime;][vc_column width=\u00a0\u00bb2\/3&Prime;][vc_column_text]\n<h2>D\u00e9tection de fuites avec la m\u00e9thode de la couleur<\/h2>\n<p>Les fuites peuvent appara\u00eetre \u00e0 diff\u00e9rents endroits \u00e0 l&rsquo;int\u00e9rieur et autour de l\u2019habitation. Parmi les types de fuites que nous rencontrons fr\u00e9quemment, on retrouve les fuites de conduites et les fuites de toiture. Une canalisation qui fuit peut causer d\u2019importants d\u00e9g\u00e2ts, tout comme une fuite de toit. Il est donc essentiel de d\u00e9tecter rapidement l\u2019origine de la fuite. Nous pouvons nous en charger pour vous. Chez LCS D\u00e9tection des fuites, nous sommes sp\u00e9cialis\u00e9s dans la d\u00e9tection de fuites gr\u00e2ce \u00e0 diff\u00e9rentes techniques. L\u2019une des m\u00e9thodes que nous utilisons r\u00e9guli\u00e8rement est la <strong>m\u00e9thode de la couleur<\/strong>. Cette m\u00e9thode peut \u00eatre combin\u00e9e avec d\u2019autres techniques de d\u00e9tection de fuites, comme la mesure de l\u2019humidit\u00e9.<\/p>\n<h2>Fonctionnement de la m\u00e9thode de la couleur<\/h2>\n<p>La m\u00e9thode de la couleur est une technique relativement simple mais tr\u00e8s efficace. Elle consiste \u00e0 m\u00e9langer de l\u2019eau avec un colorant sp\u00e9cifique. L\u00e0 o\u00f9 une fuite est pr\u00e9sente, l\u2019eau color\u00e9e devient visible. Il est possible d\u2019utiliser plusieurs couleurs en m\u00eame temps. Par exemple, diff\u00e9rentes teintes peuvent \u00eatre appliqu\u00e9es \u00e0 divers r\u00e9seaux de conduites ou \u00e0 diff\u00e9rentes sections d\u2019un toit. Cela permet d\u2019identifier pr\u00e9cis\u00e9ment l\u2019origine de la fuite, sans confusion. En utilisant plusieurs couleurs, nous pouvons \u00e9viter des travaux de d\u00e9molition inutiles et exclure certaines zones. Cette m\u00e9thode est donc une solution \u00e9conomique et efficace. Par ailleurs, il est \u00e9galement possible d\u2019utiliser un colorant sp\u00e9cial visible uniquement sous une lampe UV. Ce colorant, appel\u00e9 UV-laminaat, permet d\u2019effectuer une d\u00e9tection plus discr\u00e8te et cibl\u00e9e.<\/p>\n<h2>Application de la m\u00e9thode de la couleur<\/h2>\n<p>La m\u00e9thode de la couleur est applicable aux fuites de conduites et aux fuites de toitures (notamment les toits plats). Dans les deux cas, le principe est le m\u00eame : l\u2019endroit o\u00f9 l\u2019eau color\u00e9e appara\u00eet indique pr\u00e9cis\u00e9ment l\u2019emplacement de la fuite. Lorsqu\u2019il s\u2019agit d\u2019une fuite dans une conduite, l\u2019eau color\u00e9e est transport\u00e9e par le flux de la canalisation, r\u00e9v\u00e9lant ainsi le point de fuite. En cas de fuite de toiture, les colorants sont dispers\u00e9s, par exemple, par l\u2019eau de pluie, permettant ainsi de localiser la zone probl\u00e9matique.[\/vc_column_text][mk_padding_divider size=\u00a0\u00bb30&Prime;][mk_blockquote font_family=\u00a0\u00bbnone\u00a0\u00bb animation=\u00a0\u00bbflip-x\u00a0\u00bb el_class=\u00a0\u00bbblockquote\u00a0\u00bb]\n<p>Pr\u00e9vention des d\u00e9g\u00e2ts des eaux : n\u2019attendez pas trop longtemps pour r\u00e9parer la fuite ! Par ailleurs, votre assurance couvre probablement la d\u00e9tection.<\/p>\n[\/mk_blockquote][\/vc_column][vc_column width=\u00a0\u00bb1\/3&Prime;][mk_padding_divider size=\u00a0\u00bb10&Prime;][mk_fancy_title tag_name=\u00a0\u00bbspan\u00a0\u00bb color=\u00a0\u00bb#000000&Prime; size=\u00a0\u00bb36&Prime; font_weight=\u00a0\u00bbbold\u00a0\u00bb txt_transform=\u00a0\u00bbuppercase\u00a0\u00bb margin_bottom=\u00a0\u00bb0&Prime; font_family=\u00a0\u00bbnone\u00a0\u00bb]Nos services[\/mk_fancy_title][mk_fancy_title tag_name=\u00a0\u00bbspan\u00a0\u00bb color=\u00a0\u00bb#000000&Prime; size=\u00a0\u00bb18&Prime; font_family=\u00a0\u00bbnone\u00a0\u00bb]LCS D\u00e9tection des fuites intervient dans toute la Belgique. Nous sommes pr\u00e9sents par exemple dans les villes indiqu\u00e9es ci-dessous.[\/mk_fancy_title][vc_row_inner][vc_column_inner width=\u00a0\u00bb1\/2&Prime;][vc_column_text]<a href=\"\/fr\/detection-de-fuite-anderlecht\">Anderlecht<\/a><br \/>\n<a href=\"https:\/\/lekdetectiecentrale.be\/fr\/detection-de-fuite-ath\">Ath<\/a><br \/>\n<a href=\"https:\/\/lekdetectiecentrale.be\/fr\/detection-de-fuite-binche\">Binche<\/a><br \/>\n<a href=\"\/fr\/detection-de-fuite-braine-lalleud\">Braine-l&rsquo;Alleud<\/a><br \/>\n<a href=\"\/fr\/detection-de-fuite-bruxelles\">Bruxelles<\/a><br \/>\n<a href=\"https:\/\/lekdetectiecentrale.be\/fr\/detection-de-fuite-charleroi\">Charleroi<\/a><br \/>\n<a href=\"https:\/\/lekdetectiecentrale.be\/fr\/detection-de-fuite-chatelet\">Ch\u00e2telet<\/a><br \/>\n<a href=\"https:\/\/lekdetectiecentrale.be\/fr\/detection-de-fuite-courcelles\">Courcelles<\/a><br \/>\n<a href=\"https:\/\/lekdetectiecentrale.be\/fr\/detection-de-fuite-hannut\">Hannut<\/a><br \/>\n<a href=\"\/fr\/detection-de-fuite-ixelles\">Ixelles<\/a>[\/vc_column_text][\/vc_column_inner][vc_column_inner width=\u00a0\u00bb1\/2&Prime;][vc_column_text]<a href=\"https:\/\/lekdetectiecentrale.be\/fr\/detection-de-fuite-la-louviere\">La Louvi\u00e8re<\/a><br \/>\n<a href=\"https:\/\/lekdetectiecentrale.be\/fr\/detection-de-fuite-mons\">Mons<\/a><br \/>\n<a href=\"https:\/\/lekdetectiecentrale.be\/fr\/detection-de-fuite-namur\">Namur<\/a><br \/>\n<a href=\"\/fr\/detection-de-fuite-nivelles\">Nivelles<\/a><br \/>\n<a href=\"\/fr\/detection-de-fuite-schaerbeek\">Schaerbeek<\/a><br \/>\n<a href=\"https:\/\/lekdetectiecentrale.be\/fr\/detection-de-fuite-tournai\">Tournai<\/a><br \/>\n<a href=\"\/fr\/detection-de-fuite-uccle\">Uccle<\/a><br \/>\n<a href=\"https:\/\/lekdetectiecentrale.be\/fr\/detection-de-fuite-waremme\">Waremme<\/a><br \/>\n<a href=\"https:\/\/lekdetectiecentrale.be\/fr\/detection-de-fuite-waterloo\">Waterloo<\/a><br \/>\n<a href=\"\/fr\/detection-de-fuite-wavre\">Wavre<\/a>[\/vc_column_text][\/vc_column_inner][\/vc_row_inner][mk_padding_divider size=\u00a0\u00bb20&Prime;][vc_row_inner][vc_column_inner][mk_fancy_title tag_name=\u00a0\u00bbspan\u00a0\u00bb size=\u00a0\u00bb20&Prime; margin_bottom=\u00a0\u00bb0&Prime; font_family=\u00a0\u00bbnone\u00a0\u00bb align=\u00a0\u00bbcenter\u00a0\u00bb]Prenez rendez-vous ![\/mk_fancy_title][mk_padding_divider size=\u00a0\u00bb20&Prime;][\/vc_column_inner][\/vc_row_inner][vc_row_inner][vc_column_inner width=\u00a0\u00bb1\/2&Prime;][vc_column_text]\n<p style=\"text-align: center; margin-bottom: 10px;\">REGION ATH<\/p>\n<p style=\"text-align: center; margin-bottom: 20px;\"><span style=\"color: #005094;\"><a style=\"color: #005094; font-size: 24px;\" href=\"tel:068480396\">068 48 03 96<\/a><\/span><\/p>\n<p style=\"text-align: center; margin-bottom: 10px;\">REGION BRUXELLES<\/p>\n<p style=\"text-align: center; margin-bottom: 20px;\"><span style=\"color: #005094;\"><a style=\"color: #005094; font-size: 24px;\" href=\"tel:010280256\">010 28 02 56<\/a><\/span><\/p>\n<p style=\"text-align: center; margin-bottom: 10px;\">REGION CHARLEROI<\/p>\n<p style=\"text-align: center; margin-bottom: 20px;\"><span style=\"color: #005094;\"><a style=\"color: #005094; font-size: 24px;\" href=\"tel:071962914\">071 96 29 14<\/a><\/span><\/p>\n<p style=\"text-align: center; margin-bottom: 10px;\">REGION LA LOUVI\u00c8RE<\/p>\n<p style=\"text-align: center; margin-bottom: 20px;\"><span style=\"color: #005094;\"><a style=\"color: #005094; font-size: 24px;\" href=\"tel:064680103\">064 68 01 03<\/a><\/span><\/p>\n[\/vc_column_text][\/vc_column_inner][vc_column_inner width=\u00a0\u00bb1\/2&Prime;][vc_column_text]\n<p style=\"text-align: center; margin-bottom: 10px;\">REGION MONS<\/p>\n<p style=\"text-align: center; margin-bottom: 20px;\"><span style=\"color: #005094;\"><a style=\"color: #005094; font-size: 24px;\" href=\"tel:065680114\">065 68 01 14<\/a><\/span><\/p>\n<p style=\"text-align: center; margin-bottom: 10px;\">REGION NAMUR<\/p>\n<p style=\"text-align: center; margin-bottom: 20px;\"><span style=\"color: #005094;\"><a style=\"color: #005094; font-size: 24px;\" href=\"tel:081280204\">081 28 02 04<\/a><\/span><\/p>\n<p style=\"text-align: center; margin-bottom: 10px;\">REGION TOURNAI<\/p>\n<p style=\"text-align: center; margin-bottom: 20px;\"><span style=\"color: #005094;\"><a style=\"color: #005094; font-size: 24px;\" href=\"tel:069480103\">069 48 01 03<\/a><\/span><\/p>\n<p style=\"text-align: center; margin-bottom: 10px;\">REGION WAREMME<\/p>\n<p style=\"text-align: center; margin-bottom: 20px;\"><span style=\"color: #005094;\"><a style=\"color: #005094; font-size: 24px;\" href=\"tel:019480387\">019 48 03 87<\/a><\/span><\/p>\n[\/vc_column_text][\/vc_column_inner][\/vc_row_inner][mk_padding_divider][mk_image src=\u00a0\u00bbhttp:\/\/lekdetectiecentrale.be\/fr\/wp-content\/uploads\/2017\/01\/moersleutel-compri-e1485336635803.jpg\u00a0\u00bb image_size=\u00a0\u00bbfull\u00a0\u00bb align=\u00a0\u00bbcenter\u00a0\u00bb][mk_padding_divider visibility=\u00a0\u00bbvisible-sm\u00a0\u00bb][\/vc_column][\/mk_page_section][mk_page_section margin_bottom=\u00a0\u00bb20&Prime; sidebar=\u00a0\u00bbsidebar-1&Prime;][vc_column width=\u00a0\u00bb1\/3&Prime;][vc_row_inner][vc_column_inner][mk_font_icons icon=\u00a0\u00bbmk-moon-droplet-4&Prime; color=\u00a0\u00bb#005094&Prime; size=\u00a0\u00bbmedium\u00a0\u00bb align=\u00a0\u00bbcenter\u00a0\u00bb][mk_fancy_title color=\u00a0\u00bb#000000&Prime; size=\u00a0\u00bb28&Prime; txt_transform=\u00a0\u00bbuppercase\u00a0\u00bb margin_bottom=\u00a0\u00bb0&Prime; font_family=\u00a0\u00bbnone\u00a0\u00bb align=\u00a0\u00bbcenter\u00a0\u00bb]1.\u00a0Fuites[\/mk_fancy_title][vc_column_text align=\u00a0\u00bbcenter\u00a0\u00bb]Vous avez constat\u00e9 une fuite, mais vous ignorez d\u2019o\u00f9 elle provient. Naturellement, cela est ennuyeux, d\u2019autant plus que la fuite a provoqu\u00e9 des d\u00e9g\u00e2ts consid\u00e9rables et qu\u2019une intervention sans d\u00e9molition semble impossible.[\/vc_column_text][\/vc_column_inner][\/vc_row_inner][\/vc_column][vc_column width=\u00a0\u00bb1\/3&Prime;][vc_row_inner][vc_column_inner][mk_font_icons icon=\u00a0\u00bbmk-moon-search-5&Prime; color=\u00a0\u00bb#005094&Prime; size=\u00a0\u00bbmedium\u00a0\u00bb align=\u00a0\u00bbcenter\u00a0\u00bb][mk_fancy_title color=\u00a0\u00bb#000000&Prime; size=\u00a0\u00bb28&Prime; txt_transform=\u00a0\u00bbuppercase\u00a0\u00bb margin_bottom=\u00a0\u00bb0&Prime; font_family=\u00a0\u00bbnone\u00a0\u00bb align=\u00a0\u00bbcenter\u00a0\u00bb]2.\u00a0D\u00e9tection des fuites[\/mk_fancy_title][vc_column_text align=\u00a0\u00bbcenter\u00a0\u00bb]Gr\u00e2ce \u00e0 nos \u00e9quipements ultramodernes, nous d\u00e9tectons les fuites sans rien casser. L\u2019emplacement de la fuite est localis\u00e9 rapidement et avec pr\u00e9cision. De plus, nos appareils d\u00e9tectent \u00e9galement les fuites de chaleur.[\/vc_column_text][\/vc_column_inner][\/vc_row_inner][\/vc_column][vc_column width=\u00a0\u00bb1\/3&Prime;][vc_row_inner][vc_column_inner][mk_font_icons icon=\u00a0\u00bbmk-moon-certificate\u00a0\u00bb color=\u00a0\u00bb#005094&Prime; size=\u00a0\u00bbmedium\u00a0\u00bb align=\u00a0\u00bbcenter\u00a0\u00bb][mk_fancy_title color=\u00a0\u00bb#000000&Prime; size=\u00a0\u00bb28&Prime; txt_transform=\u00a0\u00bbuppercase\u00a0\u00bb margin_bottom=\u00a0\u00bb0&Prime; font_family=\u00a0\u00bbnone\u00a0\u00bb align=\u00a0\u00bbcenter\u00a0\u00bb]3. Rapport[\/mk_fancy_title][vc_column_text align=\u00a0\u00bbcenter\u00a0\u00bb]Nos rapports indiquent clairement l\u2019emplacement et la nature de la fuite afin que le plombier ou chauffagiste sache exactement o\u00f9 intervenir. Ils constituent \u00e9galement un \u00e9l\u00e9ment d\u2019information important pour les assureurs.[\/vc_column_text][\/vc_column_inner][\/vc_row_inner][\/vc_column][\/mk_page_section]\n","protected":false},"excerpt":{"rendered":"<p>[mk_page_section bg_color=\u00a0\u00bb#005094&Prime; bg_stretch=\u00a0\u00bbtrue\u00a0\u00bb min_height=\u00a0\u00bb20&Prime; padding_top=\u00a0\u00bb0&Prime; padding_bottom=\u00a0\u00bb0&Prime; sidebar=\u00a0\u00bbsidebar-1&Prime;][vc_column][vc_row_inner css=\u00a0\u00bb.vc_custom_1485252305388{padding-top: 20px !important;background-color: #005094 !important;}\u00a0\u00bb][vc_column_inner width=\u00a0\u00bb1\/3&Prime;][mk_icon_box icon=\u00a0\u00bbmk-moon-home\u00a0\u00bb title=\u00a0\u00bbD\u00e9tection sans d\u00e9molition\u00a0\u00bb text_size=\u00a0\u00bb20&Prime; icon_size=\u00a0\u00bblarge\u00a0\u00bb icon_color=\u00a0\u00bb#2bb0e0&Prime; icon_circle_color=\u00a0\u00bb\u00a0\u00bb title_color=\u00a0\u00bb#ffffff\u00a0\u00bb margin=\u00a0\u00bb0&Prime;][\/mk_icon_box][\/vc_column_inner][vc_column_inner width=\u00a0\u00bb1\/3&Prime;][mk_icon_box icon=\u00a0\u00bbmk-moon-credit\u00a0\u00bb title=\u00a0\u00bbAucun frais inutile\u00a0\u00bb text_size=\u00a0\u00bb20&Prime; icon_size=\u00a0\u00bblarge\u00a0\u00bb icon_color=\u00a0\u00bb#2bb0e0&Prime; icon_circle_color=\u00a0\u00bb\u00a0\u00bb title_color=\u00a0\u00bb#ffffff\u00a0\u00bb margin=\u00a0\u00bb0&Prime;][\/mk_icon_box][\/vc_column_inner][vc_column_inner width=\u00a0\u00bb1\/3&Prime;][mk_icon_box icon=\u00a0\u00bbmk-moon-file-check-2&Prime; title=\u00a0\u00bbCo\u00fbt de la d\u00e9tection de fuite souvent pris en charge par les assurances\u00a0\u00bb text_size=\u00a0\u00bb20&Prime; icon_size=\u00a0\u00bblarge\u00a0\u00bb icon_color=\u00a0\u00bb#2bb0e0&Prime; icon_circle_color=\u00a0\u00bb\u00a0\u00bb title_color=\u00a0\u00bb#ffffff\u00a0\u00bb margin=\u00a0\u00bb0&Prime;][\/mk_icon_box][\/vc_column_inner][\/vc_row_inner][\/vc_column][\/mk_page_section][mk_page_section [&hellip;]<\/p>\n","protected":false},"author":1,"featured_media":0,"parent":0,"menu_order":0,"comment_status":"closed","ping_status":"closed","template":"","meta":{"_monsterinsights_skip_tracking":false,"_monsterinsights_sitenote_active":false,"_monsterinsights_sitenote_note":"","_monsterinsights_sitenote_category":0,"footnotes":""},"class_list":["post-995","page","type-page","status-publish","hentry"],"yoast_head":"<!-- This site is optimized with the Yoast SEO plugin v24.0 - https:\/\/yoast.com\/wordpress\/plugins\/seo\/ -->\n<title>D\u00e9tection de fuites avec la m\u00e9thode de la couleur \u2013 Aucune d\u00e9molition n\u00e9cessaire!<\/title>\n<meta name=\"description\" content=\"La d\u00e9tection de fuites par la m\u00e9thode de la couleur localise les fuites dans les conduites sans travaux de d\u00e9molition.\" \/>\n<meta name=\"robots\" content=\"index, follow, max-snippet:-1, max-image-preview:large, max-video-preview:-1\" \/>\n<link rel=\"canonical\" href=\"https:\/\/lekdetectiecentrale.be\/fr\/methode-de-colorant\" \/>\n<meta property=\"og:locale\" content=\"fr_FR\" \/>\n<meta property=\"og:type\" content=\"article\" \/>\n<meta property=\"og:title\" content=\"D\u00e9tection de fuites avec la m\u00e9thode de la couleur \u2013 Aucune d\u00e9molition n\u00e9cessaire!\" \/>\n<meta property=\"og:description\" content=\"La d\u00e9tection de fuites par la m\u00e9thode de la couleur localise les fuites dans les conduites sans travaux de d\u00e9molition.\" \/>\n<meta property=\"og:url\" content=\"https:\/\/lekdetectiecentrale.be\/fr\/methode-de-colorant\" \/>\n<meta property=\"og:site_name\" content=\"LCS D\u00e9tection des fuites\" \/>\n<meta property=\"article:modified_time\" content=\"2025-01-30T10:49:12+00:00\" \/>\n<meta name=\"twitter:card\" content=\"summary_large_image\" \/>\n<meta name=\"twitter:label1\" content=\"Dur\u00e9e de lecture est.\" \/>\n\t<meta name=\"twitter:data1\" content=\"4 minutes\" \/>\n<script type=\"application\/ld+json\" class=\"yoast-schema-graph\">{\"@context\":\"https:\/\/schema.org\",\"@graph\":[{\"@type\":\"WebPage\",\"@id\":\"https:\/\/lekdetectiecentrale.be\/fr\/methode-de-colorant\",\"url\":\"https:\/\/lekdetectiecentrale.be\/fr\/methode-de-colorant\",\"name\":\"D\u00e9tection de fuites avec la m\u00e9thode de la couleur \u2013 Aucune d\u00e9molition n\u00e9cessaire!\",\"isPartOf\":{\"@id\":\"https:\/\/lekdetectiecentrale.be\/fr\/#website\"},\"datePublished\":\"2025-01-30T10:34:56+00:00\",\"dateModified\":\"2025-01-30T10:49:12+00:00\",\"description\":\"La d\u00e9tection de fuites par la m\u00e9thode de la couleur localise les fuites dans les conduites sans travaux de d\u00e9molition.\",\"breadcrumb\":{\"@id\":\"https:\/\/lekdetectiecentrale.be\/fr\/methode-de-colorant#breadcrumb\"},\"inLanguage\":\"fr-BE\",\"potentialAction\":[{\"@type\":\"ReadAction\",\"target\":[\"https:\/\/lekdetectiecentrale.be\/fr\/methode-de-colorant\"]}]},{\"@type\":\"BreadcrumbList\",\"@id\":\"https:\/\/lekdetectiecentrale.be\/fr\/methode-de-colorant#breadcrumb\",\"itemListElement\":[{\"@type\":\"ListItem\",\"position\":1,\"name\":\"Home\",\"item\":\"https:\/\/lekdetectiecentrale.be\/fr\/\"},{\"@type\":\"ListItem\",\"position\":2,\"name\":\"M\u00e9thode de colorant\"}]},{\"@type\":\"WebSite\",\"@id\":\"https:\/\/lekdetectiecentrale.be\/fr\/#website\",\"url\":\"https:\/\/lekdetectiecentrale.be\/fr\/\",\"name\":\"LCS D\u00e9tection des fuites\",\"description\":\"Le sp\u00e9cialiste en d\u00e9tection des fuites\",\"publisher\":{\"@id\":\"https:\/\/lekdetectiecentrale.be\/fr\/#organization\"},\"potentialAction\":[{\"@type\":\"SearchAction\",\"target\":{\"@type\":\"EntryPoint\",\"urlTemplate\":\"https:\/\/lekdetectiecentrale.be\/fr\/?s={search_term_string}\"},\"query-input\":{\"@type\":\"PropertyValueSpecification\",\"valueRequired\":true,\"valueName\":\"search_term_string\"}}],\"inLanguage\":\"fr-BE\"},{\"@type\":\"Organization\",\"@id\":\"https:\/\/lekdetectiecentrale.be\/fr\/#organization\",\"name\":\"LCS D\u00e9tection des fuites\",\"url\":\"https:\/\/lekdetectiecentrale.be\/fr\/\",\"logo\":{\"@type\":\"ImageObject\",\"inLanguage\":\"fr-BE\",\"@id\":\"https:\/\/lekdetectiecentrale.be\/fr\/#\/schema\/logo\/image\/\",\"url\":\"https:\/\/lekdetectiecentrale.be\/fr\/wp-content\/uploads\/2017\/09\/lcs-detection-des-fuites.png\",\"contentUrl\":\"https:\/\/lekdetectiecentrale.be\/fr\/wp-content\/uploads\/2017\/09\/lcs-detection-des-fuites.png\",\"width\":250,\"height\":142,\"caption\":\"LCS D\u00e9tection des fuites\"},\"image\":{\"@id\":\"https:\/\/lekdetectiecentrale.be\/fr\/#\/schema\/logo\/image\/\"}}]}<\/script>\n<!-- \/ Yoast SEO plugin. -->","yoast_head_json":{"title":"D\u00e9tection de fuites avec la m\u00e9thode de la couleur \u2013 Aucune d\u00e9molition n\u00e9cessaire!","description":"La d\u00e9tection de fuites par la m\u00e9thode de la couleur localise les fuites dans les conduites sans travaux de d\u00e9molition.","robots":{"index":"index","follow":"follow","max-snippet":"max-snippet:-1","max-image-preview":"max-image-preview:large","max-video-preview":"max-video-preview:-1"},"canonical":"https:\/\/lekdetectiecentrale.be\/fr\/methode-de-colorant","og_locale":"fr_FR","og_type":"article","og_title":"D\u00e9tection de fuites avec la m\u00e9thode de la couleur \u2013 Aucune d\u00e9molition n\u00e9cessaire!","og_description":"La d\u00e9tection de fuites par la m\u00e9thode de la couleur localise les fuites dans les conduites sans travaux de d\u00e9molition.","og_url":"https:\/\/lekdetectiecentrale.be\/fr\/methode-de-colorant","og_site_name":"LCS D\u00e9tection des fuites","article_modified_time":"2025-01-30T10:49:12+00:00","twitter_card":"summary_large_image","twitter_misc":{"Dur\u00e9e de lecture est.":"4 minutes"},"schema":{"@context":"https:\/\/schema.org","@graph":[{"@type":"WebPage","@id":"https:\/\/lekdetectiecentrale.be\/fr\/methode-de-colorant","url":"https:\/\/lekdetectiecentrale.be\/fr\/methode-de-colorant","name":"D\u00e9tection de fuites avec la m\u00e9thode de la couleur \u2013 Aucune d\u00e9molition n\u00e9cessaire!","isPartOf":{"@id":"https:\/\/lekdetectiecentrale.be\/fr\/#website"},"datePublished":"2025-01-30T10:34:56+00:00","dateModified":"2025-01-30T10:49:12+00:00","description":"La d\u00e9tection de fuites par la m\u00e9thode de la couleur localise les fuites dans les conduites sans travaux de d\u00e9molition.","breadcrumb":{"@id":"https:\/\/lekdetectiecentrale.be\/fr\/methode-de-colorant#breadcrumb"},"inLanguage":"fr-BE","potentialAction":[{"@type":"ReadAction","target":["https:\/\/lekdetectiecentrale.be\/fr\/methode-de-colorant"]}]},{"@type":"BreadcrumbList","@id":"https:\/\/lekdetectiecentrale.be\/fr\/methode-de-colorant#breadcrumb","itemListElement":[{"@type":"ListItem","position":1,"name":"Home","item":"https:\/\/lekdetectiecentrale.be\/fr\/"},{"@type":"ListItem","position":2,"name":"M\u00e9thode de colorant"}]},{"@type":"WebSite","@id":"https:\/\/lekdetectiecentrale.be\/fr\/#website","url":"https:\/\/lekdetectiecentrale.be\/fr\/","name":"LCS D\u00e9tection des fuites","description":"Le sp\u00e9cialiste en d\u00e9tection des fuites","publisher":{"@id":"https:\/\/lekdetectiecentrale.be\/fr\/#organization"},"potentialAction":[{"@type":"SearchAction","target":{"@type":"EntryPoint","urlTemplate":"https:\/\/lekdetectiecentrale.be\/fr\/?s={search_term_string}"},"query-input":{"@type":"PropertyValueSpecification","valueRequired":true,"valueName":"search_term_string"}}],"inLanguage":"fr-BE"},{"@type":"Organization","@id":"https:\/\/lekdetectiecentrale.be\/fr\/#organization","name":"LCS D\u00e9tection des fuites","url":"https:\/\/lekdetectiecentrale.be\/fr\/","logo":{"@type":"ImageObject","inLanguage":"fr-BE","@id":"https:\/\/lekdetectiecentrale.be\/fr\/#\/schema\/logo\/image\/","url":"https:\/\/lekdetectiecentrale.be\/fr\/wp-content\/uploads\/2017\/09\/lcs-detection-des-fuites.png","contentUrl":"https:\/\/lekdetectiecentrale.be\/fr\/wp-content\/uploads\/2017\/09\/lcs-detection-des-fuites.png","width":250,"height":142,"caption":"LCS D\u00e9tection des fuites"},"image":{"@id":"https:\/\/lekdetectiecentrale.be\/fr\/#\/schema\/logo\/image\/"}}]}},"_links":{"self":[{"href":"https:\/\/lekdetectiecentrale.be\/fr\/wp-json\/wp\/v2\/pages\/995","targetHints":{"allow":["GET"]}}],"collection":[{"href":"https:\/\/lekdetectiecentrale.be\/fr\/wp-json\/wp\/v2\/pages"}],"about":[{"href":"https:\/\/lekdetectiecentrale.be\/fr\/wp-json\/wp\/v2\/types\/page"}],"author":[{"embeddable":true,"href":"https:\/\/lekdetectiecentrale.be\/fr\/wp-json\/wp\/v2\/users\/1"}],"replies":[{"embeddable":true,"href":"https:\/\/lekdetectiecentrale.be\/fr\/wp-json\/wp\/v2\/comments?post=995"}],"version-history":[{"count":4,"href":"https:\/\/lekdetectiecentrale.be\/fr\/wp-json\/wp\/v2\/pages\/995\/revisions"}],"predecessor-version":[{"id":1027,"href":"https:\/\/lekdetectiecentrale.be\/fr\/wp-json\/wp\/v2\/pages\/995\/revisions\/1027"}],"wp:attachment":[{"href":"https:\/\/lekdetectiecentrale.be\/fr\/wp-json\/wp\/v2\/media?parent=995"}],"curies":[{"name":"wp","href":"https:\/\/api.w.org\/{rel}","templated":true}]}}