{"id":276,"date":"2017-01-26T12:09:11","date_gmt":"2017-01-26T11:09:11","guid":{"rendered":"http:\/\/lekdetectiecentrale.be\/fr\/?page_id=276"},"modified":"2026-03-16T10:29:41","modified_gmt":"2026-03-16T09:29:41","slug":"detection-des-fuites-drains","status":"publish","type":"page","link":"https:\/\/lekdetectiecentrale.be\/fr\/detection-des-fuites-drains","title":{"rendered":"Drains"},"content":{"rendered":"[mk_page_section bg_color=\u00a0\u00bb#005094&Prime; bg_stretch=\u00a0\u00bbtrue\u00a0\u00bb min_height=\u00a0\u00bb20&Prime; padding_top=\u00a0\u00bb0&Prime; padding_bottom=\u00a0\u00bb0&Prime; sidebar=\u00a0\u00bbsidebar-1&Prime;][vc_column][vc_row_inner css=\u00a0\u00bb.vc_custom_1485252305388{padding-top: 20px !important;background-color: #005094 !important;}\u00a0\u00bb][vc_column_inner width=\u00a0\u00bb1\/3&Prime;][mk_icon_box icon=\u00a0\u00bbmk-moon-home\u00a0\u00bb title=\u00a0\u00bbD\u00e9tection sans d\u00e9molition\u00a0\u00bb text_size=\u00a0\u00bb20&Prime; icon_size=\u00a0\u00bblarge\u00a0\u00bb icon_color=\u00a0\u00bb#2bb0e0&Prime; icon_circle_color=\u00a0\u00bb\u00a0\u00bb title_color=\u00a0\u00bb#ffffff\u00a0\u00bb margin=\u00a0\u00bb0&Prime;][\/mk_icon_box][\/vc_column_inner][vc_column_inner width=\u00a0\u00bb1\/3&Prime;][mk_icon_box icon=\u00a0\u00bbmk-moon-credit\u00a0\u00bb title=\u00a0\u00bbAucun frais inutile\u00a0\u00bb text_size=\u00a0\u00bb20&Prime; icon_size=\u00a0\u00bblarge\u00a0\u00bb icon_color=\u00a0\u00bb#2bb0e0&Prime; icon_circle_color=\u00a0\u00bb\u00a0\u00bb title_color=\u00a0\u00bb#ffffff\u00a0\u00bb margin=\u00a0\u00bb0&Prime;][\/mk_icon_box][\/vc_column_inner][vc_column_inner width=\u00a0\u00bb1\/3&Prime;][mk_icon_box icon=\u00a0\u00bbmk-moon-file-check-2&Prime; title=\u00a0\u00bbCo\u00fbt de la d\u00e9tection de fuite souvent pris en charge par les assurances\u00a0\u00bb text_size=\u00a0\u00bb20&Prime; icon_size=\u00a0\u00bblarge\u00a0\u00bb icon_color=\u00a0\u00bb#2bb0e0&Prime; icon_circle_color=\u00a0\u00bb\u00a0\u00bb title_color=\u00a0\u00bb#ffffff\u00a0\u00bb margin=\u00a0\u00bb0&Prime;][\/mk_icon_box][\/vc_column_inner][\/vc_row_inner][\/vc_column][\/mk_page_section][mk_page_section bg_image=\u00a0\u00bbhttp:\/\/lekdetectiecentrale.be\/fr\/wp-content\/uploads\/2017\/01\/moersleutel-compri2.jpg\u00a0\u00bb bg_position=\u00a0\u00bbcenter center\u00a0\u00bb bg_repeat=\u00a0\u00bbno-repeat\u00a0\u00bb bg_stretch=\u00a0\u00bbtrue\u00a0\u00bb speed_factor=\u00a0\u00bb3&Prime; video_loop=\u00a0\u00bbfalse\u00a0\u00bb video_mask=\u00a0\u00bbtrue\u00a0\u00bb video_color_mask=\u00a0\u00bb#83cee4&Prime; video_opacity=\u00a0\u00bb0.1&Prime; padding_top=\u00a0\u00bb0&Prime; sidebar=\u00a0\u00bbsidebar-1&Prime;][vc_column][vc_row_inner][vc_column_inner width=\u00a0\u00bb2\/3&Prime;][mk_padding_divider size=\u00a0\u00bb20&Prime;][mk_padding_divider size=\u00a0\u00bb80&Prime; visibility=\u00a0\u00bbhidden-sm\u00a0\u00bb][mk_fancy_title tag_name=\u00a0\u00bbh1&Prime; color=\u00a0\u00bb#ffffff\u00a0\u00bb size=\u00a0\u00bb42&Prime; force_font_size=\u00a0\u00bbtrue\u00a0\u00bb size_tablet=\u00a0\u00bb28&Prime; size_phone=\u00a0\u00bb24&Prime; font_weight=\u00a0\u00bbbold\u00a0\u00bb txt_transform=\u00a0\u00bbuppercase\u00a0\u00bb margin_bottom=\u00a0\u00bb0&Prime; font_family=\u00a0\u00bbnone\u00a0\u00bb]D\u00e9tection des fuites dans les drains[\/mk_fancy_title][mk_fancy_title tag_name=\u00a0\u00bbspan\u00a0\u00bb color=\u00a0\u00bb#ffffff\u00a0\u00bb size=\u00a0\u00bb18&Prime; font_family=\u00a0\u00bbnone\u00a0\u00bb]Vous avez constat\u00e9 une fuite dans vos drains et vous ne parvenez pas \u00e0 trouver sa source ?<br \/>\nNous la cherchons \u00e0 votre place ! D\u00e9tection rapide sans aucun travail de d\u00e9molition !<br \/>\n[\/mk_fancy_title][mk_button dimension=\u00a0\u00bbflat\u00a0\u00bb size=\u00a0\u00bblarge\u00a0\u00bb icon=\u00a0\u00bbmk-icon-phone\u00a0\u00bb url=\u00a0\u00bb\/fr\/contact\u00a0\u00bb animation=\u00a0\u00bbbottom-to-top\u00a0\u00bb bg_color=\u00a0\u00bb#005094&Prime; btn_hover_bg=\u00a0\u00bb#80cce3&Prime;]Prenez rendez-vous![\/mk_button][mk_padding_divider size=\u00a0\u00bb80&Prime; visibility=\u00a0\u00bbhidden-sm\u00a0\u00bb][mk_padding_divider size=\u00a0\u00bb20&Prime;][\/vc_column_inner][vc_column_inner width=\u00a0\u00bb1\/3&Prime;][mk_padding_divider size=\u00a0\u00bb130&Prime; visibility=\u00a0\u00bbhidden-sm\u00a0\u00bb][mk_custom_list style=\u00a0\u00bbmk-moon-checkmark-3&Prime; icon_color=\u00a0\u00bb#2bb0e0&Prime; animation=\u00a0\u00bbfade-in\u00a0\u00bb]\n<ul>\n<li><span style=\"color: #ffffff; font-size: 20px;\">D\u00e9tection de fuite professionel<\/span><\/li>\n<li><span style=\"color: #ffffff; font-size: 20px;\">Pas de d\u00e9molition inutile<\/span><\/li>\n<li><span style=\"color: #ffffff; font-size: 20px;\">Transparence des prix<\/span><\/li>\n<li><span style=\"color: #ffffff; font-size: 20px;\">Clart\u00e9 des devis et des rapports<\/span><\/li>\n<li><span style=\"color: #ffffff; font-size: 20px;\">Co\u00fbt des travaux est g\u00e9n\u00e9ralement couvert par les assurances<\/span><\/li>\n<li><span style=\"color: #ffffff; font-size: 20px;\">Disponible le jour\u00a0m\u00eame<\/span><\/li>\n<\/ul>\n[\/mk_custom_list][\/vc_column_inner][\/vc_row_inner][\/vc_column][\/mk_page_section][mk_page_section padding_top=\u00a0\u00bb50&Prime; padding_bottom=\u00a0\u00bb40&Prime; sidebar=\u00a0\u00bbsidebar-1&Prime;][vc_column width=\u00a0\u00bb2\/3&Prime;][vc_column_text]\n<h2>Besoin de d\u00e9tecter une fuite dans vos drains difficile \u00e0 rep\u00e9rer ? Faites appel \u00e0 LCS D\u00e9tection des fuites !<\/h2>\n<p>Vous ne vous y attendiez pas. Pourtant, c\u2019est arriv\u00e9 : vous avez constat\u00e9 une fuite au niveau d\u2019un drain. Pire encore, vous ne parvenez pas \u00e0 rep\u00e9rer l\u2019origine de la fuite. LCS D\u00e9tection des fuites vous aide \u00e0 d\u00e9tecter rapidement l\u2019emplacement exact des fuites dans les drains. Plus vous attendez pour r\u00e9parer la fuite, plus les d\u00e9g\u00e2ts occasionn\u00e9s peuvent \u00eatre importants. N\u2019attendez pas davantage et faites appel \u00e0 notre \u00e9quipe qui dispose d\u2019appareils ultramodernes pour <strong>d\u00e9tecter les fuites dans les drains<\/strong>!<\/p>\n<h2>D\u00e9tection des fuites avec une cam\u00e9ra thermique<\/h2>\n<p>Le principal avantage de cette technique utilis\u00e9e pour rep\u00e9rer les fuites au niveau des drains est qu\u2019elle permet une d\u00e9tection pr\u00e9cise sans avoir \u00e0 r\u00e9aliser de travail de d\u00e9molition. Le fonctionnement de la <a href=\"http:\/\/lekdetectiecentrale.be\/fr\/camera-thermique\">cam\u00e9ra thermique<\/a> repose sur les rayonnements infrarouges. Elle permet de visualiser les diff\u00e9rences de temp\u00e9ratures entre les sources de chaleur. En cas de fuite au niveau d\u2019un drain, l\u2019eau qui s\u2019\u00e9chappe refroidit. La cam\u00e9ra thermique permet de voir l\u2019\u00e9cart de temp\u00e9rature entre l\u2019eau qui se trouve \u00e0 l\u2019int\u00e9rieur du drain et celle situ\u00e9e \u00e0 l\u2019ext\u00e9rieur. Elle indique ainsi l\u2019emplacement exact de la fuite.<\/p>\n<h2>Rapport d\u00e9taill\u00e9 pour les plombiers et les assurances<\/h2>\n<p>Apr\u00e8s avoir d\u00e9tect\u00e9 la fuite au niveau de l\u2019un de vos drains, nos sp\u00e9cialistes vous remettent un rapport complet qui contient plusieurs informations utiles. Le plombier ou le chauffagiste peut utiliser ce rapport pour conna\u00eetre l\u2019origine de la fuite et proposer une solution sur mesure avant la r\u00e9paration. Notre rapport est aussi utile aux assureurs si vous envisagez de r\u00e9clamer le remboursement des frais li\u00e9s \u00e0 la d\u00e9tection de la fuite au niveau du drain.[\/vc_column_text][mk_padding_divider size=\u00a0\u00bb30&Prime;][mk_blockquote font_family=\u00a0\u00bbnone\u00a0\u00bb animation=\u00a0\u00bbflip-x\u00a0\u00bb el_class=\u00a0\u00bbblockquote\u00a0\u00bb]Pr\u00e9vention des d\u00e9g\u00e2ts des eaux : n\u2019attendez pas trop longtemps pour r\u00e9parer la fuite ! Par ailleurs, votre assurance couvre probablement la d\u00e9tection.[\/mk_blockquote][\/vc_column][vc_column width=\u00a0\u00bb1\/3&Prime;][mk_padding_divider size=\u00a0\u00bb10&Prime;][mk_fancy_title tag_name=\u00a0\u00bbspan\u00a0\u00bb color=\u00a0\u00bb#000000&Prime; size=\u00a0\u00bb36&Prime; font_weight=\u00a0\u00bbbold\u00a0\u00bb txt_transform=\u00a0\u00bbuppercase\u00a0\u00bb margin_bottom=\u00a0\u00bb0&Prime; font_family=\u00a0\u00bbnone\u00a0\u00bb]Nos services[\/mk_fancy_title][mk_fancy_title tag_name=\u00a0\u00bbspan\u00a0\u00bb color=\u00a0\u00bb#000000&Prime; size=\u00a0\u00bb18&Prime; font_family=\u00a0\u00bbnone\u00a0\u00bb]LCS D\u00e9tection des fuites intervient dans toute la Belgique. Nous sommes pr\u00e9sents par exemple dans les villes indiqu\u00e9es ci-dessous.[\/mk_fancy_title][vc_row_inner][vc_column_inner width=\u00a0\u00bb1\/2&Prime;][vc_column_text]<a href=\"\/fr\/detection-de-fuite-anderlecht\">Anderlecht<\/a><br \/>\n<a href=\"https:\/\/lekdetectiecentrale.be\/fr\/detection-de-fuite-ath\">Ath<\/a><br \/>\n<a href=\"https:\/\/lekdetectiecentrale.be\/fr\/detection-de-fuite-binche\">Binche<\/a><br \/>\n<a href=\"\/fr\/detection-de-fuite-braine-lalleud\">Braine-l&rsquo;Alleud<\/a><br \/>\n<a href=\"\/fr\/detection-de-fuite-bruxelles\">Bruxelles<\/a><br \/>\n<a href=\"https:\/\/lekdetectiecentrale.be\/fr\/detection-de-fuite-charleroi\">Charleroi<\/a><br \/>\n<a href=\"https:\/\/lekdetectiecentrale.be\/fr\/detection-de-fuite-chatelet\">Ch\u00e2telet<\/a><br \/>\n<a href=\"https:\/\/lekdetectiecentrale.be\/fr\/detection-de-fuite-courcelles\">Courcelles<\/a><br \/>\n<a href=\"https:\/\/lekdetectiecentrale.be\/fr\/detection-de-fuite-hannut\">Hannut<\/a><br \/>\n<a href=\"\/fr\/detection-de-fuite-ixelles\">Ixelles<\/a>[\/vc_column_text][\/vc_column_inner][vc_column_inner width=\u00a0\u00bb1\/2&Prime;][vc_column_text]<a href=\"https:\/\/lekdetectiecentrale.be\/fr\/detection-de-fuite-la-louviere\">La Louvi\u00e8re<\/a><br \/>\n<a href=\"https:\/\/lekdetectiecentrale.be\/fr\/detection-de-fuite-mons\">Mons<\/a><br \/>\n<a href=\"https:\/\/lekdetectiecentrale.be\/fr\/detection-de-fuite-namur\">Namur<\/a><br \/>\n<a href=\"\/fr\/detection-de-fuite-nivelles\">Nivelles<\/a><br \/>\n<a href=\"\/fr\/detection-de-fuite-schaerbeek\">Schaerbeek<\/a><br \/>\n<a href=\"https:\/\/lekdetectiecentrale.be\/fr\/detection-de-fuite-tournai\">Tournai<\/a><br \/>\n<a href=\"\/fr\/detection-de-fuite-uccle\">Uccle<\/a><br \/>\n<a href=\"https:\/\/lekdetectiecentrale.be\/fr\/detection-de-fuite-waremme\">Waremme<\/a><br \/>\n<a href=\"https:\/\/lekdetectiecentrale.be\/fr\/detection-de-fuite-waterloo\">Waterloo<\/a><br \/>\n<a href=\"\/fr\/detection-de-fuite-wavre\">Wavre<\/a>[\/vc_column_text][\/vc_column_inner][\/vc_row_inner][mk_padding_divider size=\u00a0\u00bb20&Prime;][vc_row_inner][vc_column_inner][mk_fancy_title tag_name=\u00a0\u00bbspan\u00a0\u00bb size=\u00a0\u00bb20&Prime; margin_bottom=\u00a0\u00bb0&Prime; font_family=\u00a0\u00bbnone\u00a0\u00bb align=\u00a0\u00bbcenter\u00a0\u00bb]Prenez rendez-vous ![\/mk_fancy_title][mk_padding_divider size=\u00a0\u00bb20&Prime;][\/vc_column_inner][\/vc_row_inner][vc_row_inner][vc_column_inner width=\u00a0\u00bb1\/2&Prime;][vc_column_text]\n<p style=\"text-align: center; margin-bottom: 10px;\">REGION ATH<\/p>\n<p style=\"text-align: center; margin-bottom: 20px;\"><span style=\"color: #005094;\"><a style=\"color: #005094; font-size: 24px;\" href=\"tel:068480396\">068 48 03 96<\/a><\/span><\/p>\n<p style=\"text-align: center; margin-bottom: 10px;\">REGION BRUXELLES<\/p>\n<p style=\"text-align: center; margin-bottom: 20px;\"><span style=\"color: #005094;\"><a style=\"color: #005094; font-size: 24px;\" href=\"tel:010280256\">010 28 02 56<\/a><\/span><\/p>\n<p style=\"text-align: center; margin-bottom: 10px;\">REGION CHARLEROI<\/p>\n<p style=\"text-align: center; margin-bottom: 20px;\"><span style=\"color: #005094;\"><a style=\"color: #005094; font-size: 24px;\" href=\"tel:071962914\">071 96 29 14<\/a><\/span><\/p>\n<p style=\"text-align: center; margin-bottom: 10px;\">REGION LA LOUVI\u00c8RE<\/p>\n<p style=\"text-align: center; margin-bottom: 20px;\"><span style=\"color: #005094;\"><a style=\"color: #005094; font-size: 24px;\" href=\"tel:064680103\">064 68 01 03<\/a><\/span><\/p>\n[\/vc_column_text][\/vc_column_inner][vc_column_inner width=\u00a0\u00bb1\/2&Prime;][vc_column_text]\n<p style=\"text-align: center; margin-bottom: 10px;\">REGION MONS<\/p>\n<p style=\"text-align: center; margin-bottom: 20px;\"><span style=\"color: #005094;\"><a style=\"color: #005094; font-size: 24px;\" href=\"tel:065680114\">065 68 01 14<\/a><\/span><\/p>\n<p style=\"text-align: center; margin-bottom: 10px;\">REGION NAMUR<\/p>\n<p style=\"text-align: center; margin-bottom: 20px;\"><span style=\"color: #005094;\"><a style=\"color: #005094; font-size: 24px;\" href=\"tel:081280204\">081 28 02 04<\/a><\/span><\/p>\n<p style=\"text-align: center; margin-bottom: 10px;\">REGION TOURNAI<\/p>\n<p style=\"text-align: center; margin-bottom: 20px;\"><span style=\"color: #005094;\"><a style=\"color: #005094; font-size: 24px;\" href=\"tel:069480103\">069 48 01 03<\/a><\/span><\/p>\n<p style=\"text-align: center; margin-bottom: 10px;\">REGION WAREMME<\/p>\n<p style=\"text-align: center; margin-bottom: 20px;\"><span style=\"color: #005094;\"><a style=\"color: #005094; font-size: 24px;\" href=\"tel:019480387\">019 48 03 87<\/a><\/span><\/p>\n[\/vc_column_text][\/vc_column_inner][\/vc_row_inner][mk_padding_divider][mk_image src=\u00a0\u00bbhttp:\/\/lekdetectiecentrale.be\/fr\/wp-content\/uploads\/2017\/01\/lekdetectie-lekkage-compri-crop-6.jpg\u00a0\u00bb image_size=\u00a0\u00bbmedium\u00a0\u00bb align=\u00a0\u00bbcenter\u00a0\u00bb][mk_padding_divider visibility=\u00a0\u00bbvisible-sm\u00a0\u00bb][\/vc_column][\/mk_page_section][mk_page_section margin_bottom=\u00a0\u00bb20&Prime; sidebar=\u00a0\u00bbsidebar-1&Prime;][vc_column width=\u00a0\u00bb1\/3&Prime;][vc_row_inner][vc_column_inner][mk_font_icons icon=\u00a0\u00bbmk-moon-droplet-4&Prime; color=\u00a0\u00bb#005094&Prime; size=\u00a0\u00bbmedium\u00a0\u00bb align=\u00a0\u00bbcenter\u00a0\u00bb][mk_fancy_title color=\u00a0\u00bb#000000&Prime; size=\u00a0\u00bb28&Prime; txt_transform=\u00a0\u00bbuppercase\u00a0\u00bb margin_bottom=\u00a0\u00bb0&Prime; font_family=\u00a0\u00bbnone\u00a0\u00bb align=\u00a0\u00bbcenter\u00a0\u00bb]1.\u00a0Fuites[\/mk_fancy_title][vc_column_text align=\u00a0\u00bbcenter\u00a0\u00bb]Vous avez constat\u00e9 une fuite, mais vous ignorez d\u2019o\u00f9 elle provient. Naturellement, cela est ennuyeux, d\u2019autant plus que la fuite a provoqu\u00e9 des d\u00e9g\u00e2ts consid\u00e9rables et qu\u2019une intervention sans d\u00e9molition semble impossible.[\/vc_column_text][\/vc_column_inner][\/vc_row_inner][\/vc_column][vc_column width=\u00a0\u00bb1\/3&Prime;][vc_row_inner][vc_column_inner][mk_font_icons icon=\u00a0\u00bbmk-moon-search-5&Prime; color=\u00a0\u00bb#005094&Prime; size=\u00a0\u00bbmedium\u00a0\u00bb align=\u00a0\u00bbcenter\u00a0\u00bb][mk_fancy_title color=\u00a0\u00bb#000000&Prime; size=\u00a0\u00bb28&Prime; txt_transform=\u00a0\u00bbuppercase\u00a0\u00bb margin_bottom=\u00a0\u00bb0&Prime; font_family=\u00a0\u00bbnone\u00a0\u00bb align=\u00a0\u00bbcenter\u00a0\u00bb]2.\u00a0D\u00e9tection des fuites[\/mk_fancy_title][vc_column_text align=\u00a0\u00bbcenter\u00a0\u00bb]\n<p>Gr\u00e2ce \u00e0 nos \u00e9quipements ultramodernes, nous d\u00e9tectons les fuites sans rien casser. L\u2019emplacement de la fuite est localis\u00e9 rapidement et avec pr\u00e9cision. De plus, nos appareils d\u00e9tectent \u00e9galement les fuites de chaleur.<\/p>\n[\/vc_column_text][\/vc_column_inner][\/vc_row_inner][\/vc_column][vc_column width=\u00a0\u00bb1\/3&Prime;][vc_row_inner][vc_column_inner][mk_font_icons icon=\u00a0\u00bbmk-moon-certificate\u00a0\u00bb color=\u00a0\u00bb#005094&Prime; size=\u00a0\u00bbmedium\u00a0\u00bb align=\u00a0\u00bbcenter\u00a0\u00bb][mk_fancy_title color=\u00a0\u00bb#000000&Prime; size=\u00a0\u00bb28&Prime; txt_transform=\u00a0\u00bbuppercase\u00a0\u00bb margin_bottom=\u00a0\u00bb0&Prime; font_family=\u00a0\u00bbnone\u00a0\u00bb align=\u00a0\u00bbcenter\u00a0\u00bb]3. Rapport[\/mk_fancy_title][vc_column_text align=\u00a0\u00bbcenter\u00a0\u00bb]Nos rapports indiquent clairement l\u2019emplacement et la nature de la fuite afin que le plombier ou chauffagiste sache exactement o\u00f9 intervenir. Ils constituent \u00e9galement un \u00e9l\u00e9ment d\u2019information important pour les assureurs.[\/vc_column_text][\/vc_column_inner][\/vc_row_inner][\/vc_column][\/mk_page_section]\n","protected":false},"excerpt":{"rendered":"<p>[mk_page_section bg_color=\u00a0\u00bb#005094&Prime; bg_stretch=\u00a0\u00bbtrue\u00a0\u00bb min_height=\u00a0\u00bb20&Prime; padding_top=\u00a0\u00bb0&Prime; padding_bottom=\u00a0\u00bb0&Prime; sidebar=\u00a0\u00bbsidebar-1&Prime;][vc_column][vc_row_inner css=\u00a0\u00bb.vc_custom_1485252305388{padding-top: 20px !important;background-color: #005094 !important;}\u00a0\u00bb][vc_column_inner width=\u00a0\u00bb1\/3&Prime;][mk_icon_box icon=\u00a0\u00bbmk-moon-home\u00a0\u00bb title=\u00a0\u00bbD\u00e9tection sans d\u00e9molition\u00a0\u00bb text_size=\u00a0\u00bb20&Prime; icon_size=\u00a0\u00bblarge\u00a0\u00bb icon_color=\u00a0\u00bb#2bb0e0&Prime; icon_circle_color=\u00a0\u00bb\u00a0\u00bb title_color=\u00a0\u00bb#ffffff\u00a0\u00bb margin=\u00a0\u00bb0&Prime;][\/mk_icon_box][\/vc_column_inner][vc_column_inner width=\u00a0\u00bb1\/3&Prime;][mk_icon_box icon=\u00a0\u00bbmk-moon-credit\u00a0\u00bb title=\u00a0\u00bbAucun frais inutile\u00a0\u00bb text_size=\u00a0\u00bb20&Prime; icon_size=\u00a0\u00bblarge\u00a0\u00bb icon_color=\u00a0\u00bb#2bb0e0&Prime; icon_circle_color=\u00a0\u00bb\u00a0\u00bb title_color=\u00a0\u00bb#ffffff\u00a0\u00bb margin=\u00a0\u00bb0&Prime;][\/mk_icon_box][\/vc_column_inner][vc_column_inner width=\u00a0\u00bb1\/3&Prime;][mk_icon_box icon=\u00a0\u00bbmk-moon-file-check-2&Prime; title=\u00a0\u00bbCo\u00fbt de la d\u00e9tection de fuite souvent pris en charge par les assurances\u00a0\u00bb text_size=\u00a0\u00bb20&Prime; icon_size=\u00a0\u00bblarge\u00a0\u00bb icon_color=\u00a0\u00bb#2bb0e0&Prime; icon_circle_color=\u00a0\u00bb\u00a0\u00bb title_color=\u00a0\u00bb#ffffff\u00a0\u00bb margin=\u00a0\u00bb0&Prime;][\/mk_icon_box][\/vc_column_inner][\/vc_row_inner][\/vc_column][\/mk_page_section][mk_page_section [&hellip;]<\/p>\n","protected":false},"author":1,"featured_media":0,"parent":0,"menu_order":0,"comment_status":"closed","ping_status":"closed","template":"","meta":{"_monsterinsights_skip_tracking":false,"_monsterinsights_sitenote_active":false,"_monsterinsights_sitenote_note":"","_monsterinsights_sitenote_category":0,"footnotes":""},"class_list":["post-276","page","type-page","status-publish","hentry"],"yoast_head":"<!-- This site is optimized with the Yoast SEO plugin v24.0 - https:\/\/yoast.com\/wordpress\/plugins\/seo\/ -->\n<title>Drains - LCS D\u00e9tection des fuites<\/title>\n<meta name=\"description\" content=\"D\u00e9couvrez comment d\u00e9tecter une fuite dans les drains et \u00e9viter des d\u00e9g\u00e2ts dans votre syst\u00e8me d\u2019\u00e9vacuation.\" \/>\n<meta name=\"robots\" content=\"index, follow, max-snippet:-1, max-image-preview:large, max-video-preview:-1\" \/>\n<link rel=\"canonical\" href=\"https:\/\/lekdetectiecentrale.be\/fr\/detection-des-fuites-drains\" \/>\n<meta property=\"og:locale\" content=\"fr_FR\" \/>\n<meta property=\"og:type\" content=\"article\" \/>\n<meta property=\"og:title\" content=\"Drains - LCS D\u00e9tection des fuites\" \/>\n<meta property=\"og:description\" content=\"D\u00e9couvrez comment d\u00e9tecter une fuite dans les drains et \u00e9viter des d\u00e9g\u00e2ts dans votre syst\u00e8me d\u2019\u00e9vacuation.\" \/>\n<meta property=\"og:url\" content=\"https:\/\/lekdetectiecentrale.be\/fr\/detection-des-fuites-drains\" \/>\n<meta property=\"og:site_name\" content=\"LCS D\u00e9tection des fuites\" \/>\n<meta property=\"article:modified_time\" content=\"2026-03-16T09:29:41+00:00\" \/>\n<meta name=\"twitter:card\" content=\"summary_large_image\" \/>\n<meta name=\"twitter:label1\" content=\"Dur\u00e9e de lecture est.\" \/>\n\t<meta name=\"twitter:data1\" content=\"4 minutes\" \/>\n<script type=\"application\/ld+json\" class=\"yoast-schema-graph\">{\"@context\":\"https:\/\/schema.org\",\"@graph\":[{\"@type\":\"WebPage\",\"@id\":\"https:\/\/lekdetectiecentrale.be\/fr\/detection-des-fuites-drains\",\"url\":\"https:\/\/lekdetectiecentrale.be\/fr\/detection-des-fuites-drains\",\"name\":\"Drains - LCS D\u00e9tection des fuites\",\"isPartOf\":{\"@id\":\"https:\/\/lekdetectiecentrale.be\/fr\/#website\"},\"datePublished\":\"2017-01-26T11:09:11+00:00\",\"dateModified\":\"2026-03-16T09:29:41+00:00\",\"description\":\"D\u00e9couvrez comment d\u00e9tecter une fuite dans les drains et \u00e9viter des d\u00e9g\u00e2ts dans votre syst\u00e8me d\u2019\u00e9vacuation.\",\"breadcrumb\":{\"@id\":\"https:\/\/lekdetectiecentrale.be\/fr\/detection-des-fuites-drains#breadcrumb\"},\"inLanguage\":\"fr-BE\",\"potentialAction\":[{\"@type\":\"ReadAction\",\"target\":[\"https:\/\/lekdetectiecentrale.be\/fr\/detection-des-fuites-drains\"]}]},{\"@type\":\"BreadcrumbList\",\"@id\":\"https:\/\/lekdetectiecentrale.be\/fr\/detection-des-fuites-drains#breadcrumb\",\"itemListElement\":[{\"@type\":\"ListItem\",\"position\":1,\"name\":\"Home\",\"item\":\"https:\/\/lekdetectiecentrale.be\/fr\/\"},{\"@type\":\"ListItem\",\"position\":2,\"name\":\"Drains\"}]},{\"@type\":\"WebSite\",\"@id\":\"https:\/\/lekdetectiecentrale.be\/fr\/#website\",\"url\":\"https:\/\/lekdetectiecentrale.be\/fr\/\",\"name\":\"LCS D\u00e9tection des fuites\",\"description\":\"Le sp\u00e9cialiste en d\u00e9tection des fuites\",\"publisher\":{\"@id\":\"https:\/\/lekdetectiecentrale.be\/fr\/#organization\"},\"potentialAction\":[{\"@type\":\"SearchAction\",\"target\":{\"@type\":\"EntryPoint\",\"urlTemplate\":\"https:\/\/lekdetectiecentrale.be\/fr\/?s={search_term_string}\"},\"query-input\":{\"@type\":\"PropertyValueSpecification\",\"valueRequired\":true,\"valueName\":\"search_term_string\"}}],\"inLanguage\":\"fr-BE\"},{\"@type\":\"Organization\",\"@id\":\"https:\/\/lekdetectiecentrale.be\/fr\/#organization\",\"name\":\"LCS D\u00e9tection des fuites\",\"url\":\"https:\/\/lekdetectiecentrale.be\/fr\/\",\"logo\":{\"@type\":\"ImageObject\",\"inLanguage\":\"fr-BE\",\"@id\":\"https:\/\/lekdetectiecentrale.be\/fr\/#\/schema\/logo\/image\/\",\"url\":\"https:\/\/lekdetectiecentrale.be\/fr\/wp-content\/uploads\/2017\/09\/lcs-detection-des-fuites.png\",\"contentUrl\":\"https:\/\/lekdetectiecentrale.be\/fr\/wp-content\/uploads\/2017\/09\/lcs-detection-des-fuites.png\",\"width\":250,\"height\":142,\"caption\":\"LCS D\u00e9tection des fuites\"},\"image\":{\"@id\":\"https:\/\/lekdetectiecentrale.be\/fr\/#\/schema\/logo\/image\/\"}}]}<\/script>\n<!-- \/ Yoast SEO plugin. -->","yoast_head_json":{"title":"Drains - LCS D\u00e9tection des fuites","description":"D\u00e9couvrez comment d\u00e9tecter une fuite dans les drains et \u00e9viter des d\u00e9g\u00e2ts dans votre syst\u00e8me d\u2019\u00e9vacuation.","robots":{"index":"index","follow":"follow","max-snippet":"max-snippet:-1","max-image-preview":"max-image-preview:large","max-video-preview":"max-video-preview:-1"},"canonical":"https:\/\/lekdetectiecentrale.be\/fr\/detection-des-fuites-drains","og_locale":"fr_FR","og_type":"article","og_title":"Drains - LCS D\u00e9tection des fuites","og_description":"D\u00e9couvrez comment d\u00e9tecter une fuite dans les drains et \u00e9viter des d\u00e9g\u00e2ts dans votre syst\u00e8me d\u2019\u00e9vacuation.","og_url":"https:\/\/lekdetectiecentrale.be\/fr\/detection-des-fuites-drains","og_site_name":"LCS D\u00e9tection des fuites","article_modified_time":"2026-03-16T09:29:41+00:00","twitter_card":"summary_large_image","twitter_misc":{"Dur\u00e9e de lecture est.":"4 minutes"},"schema":{"@context":"https:\/\/schema.org","@graph":[{"@type":"WebPage","@id":"https:\/\/lekdetectiecentrale.be\/fr\/detection-des-fuites-drains","url":"https:\/\/lekdetectiecentrale.be\/fr\/detection-des-fuites-drains","name":"Drains - LCS D\u00e9tection des fuites","isPartOf":{"@id":"https:\/\/lekdetectiecentrale.be\/fr\/#website"},"datePublished":"2017-01-26T11:09:11+00:00","dateModified":"2026-03-16T09:29:41+00:00","description":"D\u00e9couvrez comment d\u00e9tecter une fuite dans les drains et \u00e9viter des d\u00e9g\u00e2ts dans votre syst\u00e8me d\u2019\u00e9vacuation.","breadcrumb":{"@id":"https:\/\/lekdetectiecentrale.be\/fr\/detection-des-fuites-drains#breadcrumb"},"inLanguage":"fr-BE","potentialAction":[{"@type":"ReadAction","target":["https:\/\/lekdetectiecentrale.be\/fr\/detection-des-fuites-drains"]}]},{"@type":"BreadcrumbList","@id":"https:\/\/lekdetectiecentrale.be\/fr\/detection-des-fuites-drains#breadcrumb","itemListElement":[{"@type":"ListItem","position":1,"name":"Home","item":"https:\/\/lekdetectiecentrale.be\/fr\/"},{"@type":"ListItem","position":2,"name":"Drains"}]},{"@type":"WebSite","@id":"https:\/\/lekdetectiecentrale.be\/fr\/#website","url":"https:\/\/lekdetectiecentrale.be\/fr\/","name":"LCS D\u00e9tection des fuites","description":"Le sp\u00e9cialiste en d\u00e9tection des fuites","publisher":{"@id":"https:\/\/lekdetectiecentrale.be\/fr\/#organization"},"potentialAction":[{"@type":"SearchAction","target":{"@type":"EntryPoint","urlTemplate":"https:\/\/lekdetectiecentrale.be\/fr\/?s={search_term_string}"},"query-input":{"@type":"PropertyValueSpecification","valueRequired":true,"valueName":"search_term_string"}}],"inLanguage":"fr-BE"},{"@type":"Organization","@id":"https:\/\/lekdetectiecentrale.be\/fr\/#organization","name":"LCS D\u00e9tection des fuites","url":"https:\/\/lekdetectiecentrale.be\/fr\/","logo":{"@type":"ImageObject","inLanguage":"fr-BE","@id":"https:\/\/lekdetectiecentrale.be\/fr\/#\/schema\/logo\/image\/","url":"https:\/\/lekdetectiecentrale.be\/fr\/wp-content\/uploads\/2017\/09\/lcs-detection-des-fuites.png","contentUrl":"https:\/\/lekdetectiecentrale.be\/fr\/wp-content\/uploads\/2017\/09\/lcs-detection-des-fuites.png","width":250,"height":142,"caption":"LCS D\u00e9tection des fuites"},"image":{"@id":"https:\/\/lekdetectiecentrale.be\/fr\/#\/schema\/logo\/image\/"}}]}},"_links":{"self":[{"href":"https:\/\/lekdetectiecentrale.be\/fr\/wp-json\/wp\/v2\/pages\/276","targetHints":{"allow":["GET"]}}],"collection":[{"href":"https:\/\/lekdetectiecentrale.be\/fr\/wp-json\/wp\/v2\/pages"}],"about":[{"href":"https:\/\/lekdetectiecentrale.be\/fr\/wp-json\/wp\/v2\/types\/page"}],"author":[{"embeddable":true,"href":"https:\/\/lekdetectiecentrale.be\/fr\/wp-json\/wp\/v2\/users\/1"}],"replies":[{"embeddable":true,"href":"https:\/\/lekdetectiecentrale.be\/fr\/wp-json\/wp\/v2\/comments?post=276"}],"version-history":[{"count":22,"href":"https:\/\/lekdetectiecentrale.be\/fr\/wp-json\/wp\/v2\/pages\/276\/revisions"}],"predecessor-version":[{"id":970,"href":"https:\/\/lekdetectiecentrale.be\/fr\/wp-json\/wp\/v2\/pages\/276\/revisions\/970"}],"wp:attachment":[{"href":"https:\/\/lekdetectiecentrale.be\/fr\/wp-json\/wp\/v2\/media?parent=276"}],"curies":[{"name":"wp","href":"https:\/\/api.w.org\/{rel}","templated":true}]}}