{"id":272,"date":"2017-01-26T12:08:24","date_gmt":"2017-01-26T11:08:24","guid":{"rendered":"http:\/\/lekdetectiecentrale.be\/fr\/?page_id=272"},"modified":"2026-03-16T10:25:01","modified_gmt":"2026-03-16T09:25:01","slug":"detection-des-fuites-circuit-chauffage-central","status":"publish","type":"page","link":"https:\/\/lekdetectiecentrale.be\/fr\/detection-des-fuites-circuit-chauffage-central","title":{"rendered":"Circuit de chauffage central"},"content":{"rendered":"[mk_page_section bg_color=\u00a0\u00bb#005094&Prime; bg_stretch=\u00a0\u00bbtrue\u00a0\u00bb min_height=\u00a0\u00bb20&Prime; padding_top=\u00a0\u00bb0&Prime; padding_bottom=\u00a0\u00bb0&Prime; sidebar=\u00a0\u00bbsidebar-1&Prime;][vc_column][vc_row_inner css=\u00a0\u00bb.vc_custom_1485252305388{padding-top: 20px !important;background-color: #005094 !important;}\u00a0\u00bb][vc_column_inner width=\u00a0\u00bb1\/3&Prime;][mk_icon_box icon=\u00a0\u00bbmk-moon-home\u00a0\u00bb title=\u00a0\u00bbD\u00e9tection sans d\u00e9molition\u00a0\u00bb text_size=\u00a0\u00bb20&Prime; icon_size=\u00a0\u00bblarge\u00a0\u00bb icon_color=\u00a0\u00bb#2bb0e0&Prime; icon_circle_color=\u00a0\u00bb\u00a0\u00bb title_color=\u00a0\u00bb#ffffff\u00a0\u00bb margin=\u00a0\u00bb0&Prime;][\/mk_icon_box][\/vc_column_inner][vc_column_inner width=\u00a0\u00bb1\/3&Prime;][mk_icon_box icon=\u00a0\u00bbmk-moon-credit\u00a0\u00bb title=\u00a0\u00bbAucun frais inutile\u00a0\u00bb text_size=\u00a0\u00bb20&Prime; icon_size=\u00a0\u00bblarge\u00a0\u00bb icon_color=\u00a0\u00bb#2bb0e0&Prime; icon_circle_color=\u00a0\u00bb\u00a0\u00bb title_color=\u00a0\u00bb#ffffff\u00a0\u00bb margin=\u00a0\u00bb0&Prime;][\/mk_icon_box][\/vc_column_inner][vc_column_inner width=\u00a0\u00bb1\/3&Prime;][mk_icon_box icon=\u00a0\u00bbmk-moon-file-check-2&Prime; title=\u00a0\u00bbCo\u00fbt de la d\u00e9tection de fuite souvent pris en charge par les assurances\u00a0\u00bb text_size=\u00a0\u00bb20&Prime; icon_size=\u00a0\u00bblarge\u00a0\u00bb icon_color=\u00a0\u00bb#2bb0e0&Prime; icon_circle_color=\u00a0\u00bb\u00a0\u00bb title_color=\u00a0\u00bb#ffffff\u00a0\u00bb margin=\u00a0\u00bb0&Prime;][\/mk_icon_box][\/vc_column_inner][\/vc_row_inner][\/vc_column][\/mk_page_section][mk_page_section bg_image=\u00a0\u00bbhttp:\/\/lekdetectiecentrale.be\/fr\/wp-content\/uploads\/2017\/01\/moersleutel-compri2.jpg\u00a0\u00bb bg_position=\u00a0\u00bbcenter center\u00a0\u00bb bg_repeat=\u00a0\u00bbno-repeat\u00a0\u00bb bg_stretch=\u00a0\u00bbtrue\u00a0\u00bb speed_factor=\u00a0\u00bb3&Prime; video_loop=\u00a0\u00bbfalse\u00a0\u00bb video_mask=\u00a0\u00bbtrue\u00a0\u00bb video_color_mask=\u00a0\u00bb#83cee4&Prime; video_opacity=\u00a0\u00bb0.1&Prime; padding_top=\u00a0\u00bb0&Prime; sidebar=\u00a0\u00bbsidebar-1&Prime;][vc_column][vc_row_inner][vc_column_inner width=\u00a0\u00bb2\/3&Prime;][mk_padding_divider size=\u00a0\u00bb20&Prime;][mk_padding_divider size=\u00a0\u00bb80&Prime; visibility=\u00a0\u00bbhidden-sm\u00a0\u00bb][mk_fancy_title tag_name=\u00a0\u00bbh1&Prime; color=\u00a0\u00bb#ffffff\u00a0\u00bb size=\u00a0\u00bb42&Prime; force_font_size=\u00a0\u00bbtrue\u00a0\u00bb size_tablet=\u00a0\u00bb28&Prime; size_phone=\u00a0\u00bb24&Prime; font_weight=\u00a0\u00bbbold\u00a0\u00bb txt_transform=\u00a0\u00bbuppercase\u00a0\u00bb margin_bottom=\u00a0\u00bb0&Prime; font_family=\u00a0\u00bbnone\u00a0\u00bb]D\u00e9tection des fuites dans le circuit<br \/>\nde chauffage central[\/mk_fancy_title][mk_fancy_title tag_name=\u00a0\u00bbspan\u00a0\u00bb color=\u00a0\u00bb#ffffff\u00a0\u00bb size=\u00a0\u00bb18&Prime; font_family=\u00a0\u00bbnone\u00a0\u00bb]Vous avez constat\u00e9 une fuite dans votre chauffage central et vous ne parvenez pas \u00e0 trouver<br \/>\nsa source ? Nous la cherchons \u00e0 votre place ! D\u00e9tection rapide sans aucun travail de d\u00e9molition ![\/mk_fancy_title][mk_button dimension=\u00a0\u00bbflat\u00a0\u00bb size=\u00a0\u00bblarge\u00a0\u00bb icon=\u00a0\u00bbmk-icon-phone\u00a0\u00bb url=\u00a0\u00bb\/fr\/contact\u00a0\u00bb animation=\u00a0\u00bbbottom-to-top\u00a0\u00bb bg_color=\u00a0\u00bb#005094&Prime; btn_hover_bg=\u00a0\u00bb#80cce3&Prime;]Prenez rendez-vous![\/mk_button][mk_padding_divider size=\u00a0\u00bb80&Prime; visibility=\u00a0\u00bbhidden-sm\u00a0\u00bb][mk_padding_divider size=\u00a0\u00bb20&Prime;][\/vc_column_inner][vc_column_inner width=\u00a0\u00bb1\/3&Prime;][mk_padding_divider size=\u00a0\u00bb150&Prime; visibility=\u00a0\u00bbhidden-sm\u00a0\u00bb][mk_custom_list style=\u00a0\u00bbmk-moon-checkmark-3&Prime; icon_color=\u00a0\u00bb#2bb0e0&Prime; animation=\u00a0\u00bbfade-in\u00a0\u00bb]\n<ul>\n<li><span style=\"color: #ffffff; font-size: 20px;\">D\u00e9tection de fuite professionel<\/span><\/li>\n<li><span style=\"color: #ffffff; font-size: 20px;\">Pas de d\u00e9molition inutile<\/span><\/li>\n<li><span style=\"color: #ffffff; font-size: 20px;\">Transparence des prix<\/span><\/li>\n<li><span style=\"color: #ffffff; font-size: 20px;\">Clart\u00e9 des devis et des rapports<\/span><\/li>\n<li><span style=\"color: #ffffff; font-size: 20px;\">Co\u00fbt des travaux est g\u00e9n\u00e9ralement couvert par les assurances<\/span><\/li>\n<li><span style=\"color: #ffffff; font-size: 20px;\">Disponible le jour\u00a0m\u00eame<\/span><\/li>\n<\/ul>\n[\/mk_custom_list][\/vc_column_inner][\/vc_row_inner][\/vc_column][\/mk_page_section][mk_page_section padding_top=\u00a0\u00bb50&Prime; padding_bottom=\u00a0\u00bb40&Prime; sidebar=\u00a0\u00bbsidebar-1&Prime;][vc_column width=\u00a0\u00bb2\/3&Prime;][vc_column_text]\n<h2>Besoin de d\u00e9tecter une fuite dans votre chauffage central ? Faites appel \u00e0 LCS D\u00e9tection des fuites !<\/h2>\n<p>Toute maison et toute entreprise poss\u00e8de un chauffage central dont le r\u00f4le consiste \u00e0 chauffer toutes les pi\u00e8ces. Une fuite au niveau du chauffage central peut causer des d\u00e9g\u00e2ts tr\u00e8s importants, parfois irr\u00e9versibles. L\u2019eau peut s\u2019infiltrer dans les murs, le plancher, le plafond et dans vos poutres en bois. Des taches d\u2019humidit\u00e9 et de moisissure apparaissent. Afin d\u2019\u00e9viter un tel sc\u00e9nario, il est recommand\u00e9 de faire appel \u00e0 un sp\u00e9cialiste le plus t\u00f4t possible pour rep\u00e9rer et r\u00e9parer la fuite. LCS D\u00e9tection des fuites vous aide \u00e0 <strong>d\u00e9tecter les fuites dans votre circuit de chauffage central<\/strong>.<\/p>\n<h2>Techniques utilis\u00e9es pour d\u00e9tecter les fuites dans le circuit de chauffage central<\/h2>\n<p>LCS D\u00e9tection des fuites d\u00e9tecte les fuites de chauffage central sans aucun travail de d\u00e9molition. Cela vous \u00e9vite de r\u00e9aliser d\u2019importants travaux apr\u00e8s la r\u00e9paration de la fuite. Cette d\u00e9tection sans destruction est possible gr\u00e2ce \u00e0 l\u2019utilisation de deux appareils ultramodernes : la cam\u00e9ra thermique et le capteur <a href=\"http:\/\/lekdetectiecentrale.be\/fr\/detection-ultrasons\">d\u2019ultrasons<\/a>.<\/p>\n<p>La d\u00e9tection par ultrasons est surtout utilis\u00e9e pour les fuites qui apparaissent dans les tuyaux d\u2019eau froide. En cas de fuite dans les conduits d\u2019eau chaude, la cam\u00e9ra thermique est plus efficace.<\/p>\n<h2>Rapport d\u00e9taill\u00e9 apr\u00e8s la d\u00e9tection de la fuite<\/h2>\n<p>Apr\u00e8s avoir d\u00e9tect\u00e9 la fuite dans votre chauffage central, nos sp\u00e9cialistes r\u00e9digent un rapport complet qui vous est ensuite remis. Il contient plusieurs informations importantes, parfois m\u00eame des photographies de l\u2019origine de la fuite. Ce rapport est un support pr\u00e9cieux pour le plombier ou le chauffagiste qui va intervenir pour r\u00e9parer la fuite. Il peut aussi \u00eatre transmis \u00e0 votre assurance pour r\u00e9clamer un remboursement, si votre assurance couvre les frais li\u00e9s \u00e0 la d\u00e9tection des fuites.[\/vc_column_text][mk_padding_divider size=\u00a0\u00bb30&Prime;][mk_blockquote font_family=\u00a0\u00bbnone\u00a0\u00bb animation=\u00a0\u00bbflip-x\u00a0\u00bb el_class=\u00a0\u00bbblockquote\u00a0\u00bb]Pr\u00e9vention des d\u00e9g\u00e2ts des eaux : n\u2019attendez pas trop longtemps pour r\u00e9parer la fuite ! Par ailleurs, votre assurance couvre probablement la d\u00e9tection.[\/mk_blockquote][\/vc_column][vc_column width=\u00a0\u00bb1\/3&Prime;][mk_padding_divider size=\u00a0\u00bb10&Prime;][mk_fancy_title tag_name=\u00a0\u00bbspan\u00a0\u00bb color=\u00a0\u00bb#000000&Prime; size=\u00a0\u00bb36&Prime; font_weight=\u00a0\u00bbbold\u00a0\u00bb txt_transform=\u00a0\u00bbuppercase\u00a0\u00bb margin_bottom=\u00a0\u00bb0&Prime; font_family=\u00a0\u00bbnone\u00a0\u00bb]Nos services[\/mk_fancy_title][mk_fancy_title tag_name=\u00a0\u00bbspan\u00a0\u00bb color=\u00a0\u00bb#000000&Prime; size=\u00a0\u00bb18&Prime; font_family=\u00a0\u00bbnone\u00a0\u00bb]LCS D\u00e9tection des fuites intervient dans toute la Belgique. Nous sommes pr\u00e9sents par exemple dans les villes indiqu\u00e9es ci-dessous.[\/mk_fancy_title][vc_row_inner][vc_column_inner width=\u00a0\u00bb1\/2&Prime;][vc_column_text]<a href=\"\/fr\/detection-de-fuite-anderlecht\">Anderlecht<\/a><br \/>\n<a href=\"https:\/\/lekdetectiecentrale.be\/fr\/detection-de-fuite-ath\">Ath<\/a><br \/>\n<a href=\"https:\/\/lekdetectiecentrale.be\/fr\/detection-de-fuite-binche\">Binche<\/a><br \/>\n<a href=\"\/fr\/detection-de-fuite-braine-lalleud\">Braine-l&rsquo;Alleud<\/a><br \/>\n<a href=\"\/fr\/detection-de-fuite-bruxelles\">Bruxelles<\/a><br \/>\n<a href=\"https:\/\/lekdetectiecentrale.be\/fr\/detection-de-fuite-charleroi\">Charleroi<\/a><br \/>\n<a href=\"https:\/\/lekdetectiecentrale.be\/fr\/detection-de-fuite-chatelet\">Ch\u00e2telet<\/a><br \/>\n<a href=\"https:\/\/lekdetectiecentrale.be\/fr\/detection-de-fuite-courcelles\">Courcelles<\/a><br \/>\n<a href=\"https:\/\/lekdetectiecentrale.be\/fr\/detection-de-fuite-hannut\">Hannut<\/a><br \/>\n<a href=\"\/fr\/detection-de-fuite-ixelles\">Ixelles<\/a>[\/vc_column_text][\/vc_column_inner][vc_column_inner width=\u00a0\u00bb1\/2&Prime;][vc_column_text]<a href=\"https:\/\/lekdetectiecentrale.be\/fr\/detection-de-fuite-la-louviere\">La Louvi\u00e8re<\/a><br \/>\n<a href=\"https:\/\/lekdetectiecentrale.be\/fr\/detection-de-fuite-mons\">Mons<\/a><br \/>\n<a href=\"https:\/\/lekdetectiecentrale.be\/fr\/detection-de-fuite-namur\">Namur<\/a><br \/>\n<a href=\"\/fr\/detection-de-fuite-nivelles\">Nivelles<\/a><br \/>\n<a href=\"\/fr\/detection-de-fuite-schaerbeek\">Schaerbeek<\/a><br \/>\n<a href=\"https:\/\/lekdetectiecentrale.be\/fr\/detection-de-fuite-tournai\">Tournai<\/a><br \/>\n<a href=\"\/fr\/detection-de-fuite-uccle\">Uccle<\/a><br \/>\n<a href=\"https:\/\/lekdetectiecentrale.be\/fr\/detection-de-fuite-waremme\">Waremme<\/a><br \/>\n<a href=\"https:\/\/lekdetectiecentrale.be\/fr\/detection-de-fuite-waterloo\">Waterloo<\/a><br \/>\n<a href=\"\/fr\/detection-de-fuite-wavre\">Wavre<\/a>[\/vc_column_text][\/vc_column_inner][\/vc_row_inner][mk_padding_divider size=\u00a0\u00bb20&Prime;][vc_row_inner][vc_column_inner][mk_fancy_title tag_name=\u00a0\u00bbspan\u00a0\u00bb size=\u00a0\u00bb20&Prime; margin_bottom=\u00a0\u00bb0&Prime; font_family=\u00a0\u00bbnone\u00a0\u00bb align=\u00a0\u00bbcenter\u00a0\u00bb]Prenez rendez-vous ![\/mk_fancy_title][mk_padding_divider size=\u00a0\u00bb20&Prime;][\/vc_column_inner][\/vc_row_inner][vc_row_inner][vc_column_inner width=\u00a0\u00bb1\/2&Prime;][vc_column_text]\n<p style=\"text-align: center; margin-bottom: 10px;\">REGION ATH<\/p>\n<p style=\"text-align: center; margin-bottom: 20px;\"><span style=\"color: #005094;\"><a style=\"color: #005094; font-size: 24px;\" href=\"tel:068480396\">068 48 03 96<\/a><\/span><\/p>\n<p style=\"text-align: center; margin-bottom: 10px;\">REGION BRUXELLES<\/p>\n<p style=\"text-align: center; margin-bottom: 20px;\"><span style=\"color: #005094;\"><a style=\"color: #005094; font-size: 24px;\" href=\"tel:010280256\">010 28 02 56<\/a><\/span><\/p>\n<p style=\"text-align: center; margin-bottom: 10px;\">REGION CHARLEROI<\/p>\n<p style=\"text-align: center; margin-bottom: 20px;\"><span style=\"color: #005094;\"><a style=\"color: #005094; font-size: 24px;\" href=\"tel:071962914\">071 96 29 14<\/a><\/span><\/p>\n<p style=\"text-align: center; margin-bottom: 10px;\">REGION LA LOUVI\u00c8RE<\/p>\n<p style=\"text-align: center; margin-bottom: 20px;\"><span style=\"color: #005094;\"><a style=\"color: #005094; font-size: 24px;\" href=\"tel:064680103\">064 68 01 03<\/a><\/span><\/p>\n[\/vc_column_text][\/vc_column_inner][vc_column_inner width=\u00a0\u00bb1\/2&Prime;][vc_column_text]\n<p style=\"text-align: center; margin-bottom: 10px;\">REGION MONS<\/p>\n<p style=\"text-align: center; margin-bottom: 20px;\"><span style=\"color: #005094;\"><a style=\"color: #005094; font-size: 24px;\" href=\"tel:065680114\">065 68 01 14<\/a><\/span><\/p>\n<p style=\"text-align: center; margin-bottom: 10px;\">REGION NAMUR<\/p>\n<p style=\"text-align: center; margin-bottom: 20px;\"><span style=\"color: #005094;\"><a style=\"color: #005094; font-size: 24px;\" href=\"tel:081280204\">081 28 02 04<\/a><\/span><\/p>\n<p style=\"text-align: center; margin-bottom: 10px;\">REGION TOURNAI<\/p>\n<p style=\"text-align: center; margin-bottom: 20px;\"><span style=\"color: #005094;\"><a style=\"color: #005094; font-size: 24px;\" href=\"tel:069480103\">069 48 01 03<\/a><\/span><\/p>\n<p style=\"text-align: center; margin-bottom: 10px;\">REGION WAREMME<\/p>\n<p style=\"text-align: center; margin-bottom: 20px;\"><span style=\"color: #005094;\"><a style=\"color: #005094; font-size: 24px;\" href=\"tel:019480387\">019 48 03 87<\/a><\/span><\/p>\n[\/vc_column_text][\/vc_column_inner][\/vc_row_inner][mk_padding_divider][mk_image src=\u00a0\u00bbhttp:\/\/lekdetectiecentrale.be\/fr\/wp-content\/uploads\/2017\/01\/lekdetectie-lekkage-compri-crop-2.jpg\u00a0\u00bb image_size=\u00a0\u00bbmedium\u00a0\u00bb align=\u00a0\u00bbcenter\u00a0\u00bb][mk_padding_divider visibility=\u00a0\u00bbvisible-sm\u00a0\u00bb][\/vc_column][\/mk_page_section][mk_page_section margin_bottom=\u00a0\u00bb20&Prime; sidebar=\u00a0\u00bbsidebar-1&Prime;][vc_column width=\u00a0\u00bb1\/3&Prime;][vc_row_inner][vc_column_inner][mk_font_icons icon=\u00a0\u00bbmk-moon-droplet-4&Prime; color=\u00a0\u00bb#005094&Prime; size=\u00a0\u00bbmedium\u00a0\u00bb align=\u00a0\u00bbcenter\u00a0\u00bb][mk_fancy_title color=\u00a0\u00bb#000000&Prime; size=\u00a0\u00bb28&Prime; txt_transform=\u00a0\u00bbuppercase\u00a0\u00bb margin_bottom=\u00a0\u00bb0&Prime; font_family=\u00a0\u00bbnone\u00a0\u00bb align=\u00a0\u00bbcenter\u00a0\u00bb]1.\u00a0Fuites[\/mk_fancy_title][vc_column_text align=\u00a0\u00bbcenter\u00a0\u00bb]Vous avez constat\u00e9 une fuite, mais vous ignorez d\u2019o\u00f9 elle provient. Naturellement, cela est ennuyeux, d\u2019autant plus que la fuite a provoqu\u00e9 des d\u00e9g\u00e2ts consid\u00e9rables et qu\u2019une intervention sans d\u00e9molition semble impossible.[\/vc_column_text][\/vc_column_inner][\/vc_row_inner][\/vc_column][vc_column width=\u00a0\u00bb1\/3&Prime;][vc_row_inner][vc_column_inner][mk_font_icons icon=\u00a0\u00bbmk-moon-search-5&Prime; color=\u00a0\u00bb#005094&Prime; size=\u00a0\u00bbmedium\u00a0\u00bb align=\u00a0\u00bbcenter\u00a0\u00bb][mk_fancy_title color=\u00a0\u00bb#000000&Prime; size=\u00a0\u00bb28&Prime; txt_transform=\u00a0\u00bbuppercase\u00a0\u00bb margin_bottom=\u00a0\u00bb0&Prime; font_family=\u00a0\u00bbnone\u00a0\u00bb align=\u00a0\u00bbcenter\u00a0\u00bb]2.\u00a0D\u00e9tection des fuites[\/mk_fancy_title][vc_column_text align=\u00a0\u00bbcenter\u00a0\u00bb]Gr\u00e2ce \u00e0 nos \u00e9quipements ultramodernes, nous d\u00e9tectons les fuites sans rien casser. L\u2019emplacement de la fuite est localis\u00e9 rapidement et avec pr\u00e9cision. De plus, nos appareils d\u00e9tectent \u00e9galement les fuites de chaleur.[\/vc_column_text][\/vc_column_inner][\/vc_row_inner][\/vc_column][vc_column width=\u00a0\u00bb1\/3&Prime;][vc_row_inner][vc_column_inner][mk_font_icons icon=\u00a0\u00bbmk-moon-certificate\u00a0\u00bb color=\u00a0\u00bb#005094&Prime; size=\u00a0\u00bbmedium\u00a0\u00bb align=\u00a0\u00bbcenter\u00a0\u00bb][mk_fancy_title color=\u00a0\u00bb#000000&Prime; size=\u00a0\u00bb28&Prime; txt_transform=\u00a0\u00bbuppercase\u00a0\u00bb margin_bottom=\u00a0\u00bb0&Prime; font_family=\u00a0\u00bbnone\u00a0\u00bb align=\u00a0\u00bbcenter\u00a0\u00bb]3. Rapport[\/mk_fancy_title][vc_column_text align=\u00a0\u00bbcenter\u00a0\u00bb]Nos rapports indiquent clairement l\u2019emplacement et la nature de la fuite afin que le plombier ou chauffagiste sache exactement o\u00f9 intervenir. Ils constituent \u00e9galement un \u00e9l\u00e9ment d\u2019information important pour les assureurs.[\/vc_column_text][\/vc_column_inner][\/vc_row_inner][\/vc_column][\/mk_page_section]\n","protected":false},"excerpt":{"rendered":"<p>[mk_page_section bg_color=\u00a0\u00bb#005094&Prime; bg_stretch=\u00a0\u00bbtrue\u00a0\u00bb min_height=\u00a0\u00bb20&Prime; padding_top=\u00a0\u00bb0&Prime; padding_bottom=\u00a0\u00bb0&Prime; sidebar=\u00a0\u00bbsidebar-1&Prime;][vc_column][vc_row_inner css=\u00a0\u00bb.vc_custom_1485252305388{padding-top: 20px !important;background-color: #005094 !important;}\u00a0\u00bb][vc_column_inner width=\u00a0\u00bb1\/3&Prime;][mk_icon_box icon=\u00a0\u00bbmk-moon-home\u00a0\u00bb title=\u00a0\u00bbD\u00e9tection sans d\u00e9molition\u00a0\u00bb text_size=\u00a0\u00bb20&Prime; icon_size=\u00a0\u00bblarge\u00a0\u00bb icon_color=\u00a0\u00bb#2bb0e0&Prime; icon_circle_color=\u00a0\u00bb\u00a0\u00bb title_color=\u00a0\u00bb#ffffff\u00a0\u00bb margin=\u00a0\u00bb0&Prime;][\/mk_icon_box][\/vc_column_inner][vc_column_inner width=\u00a0\u00bb1\/3&Prime;][mk_icon_box icon=\u00a0\u00bbmk-moon-credit\u00a0\u00bb title=\u00a0\u00bbAucun frais inutile\u00a0\u00bb text_size=\u00a0\u00bb20&Prime; icon_size=\u00a0\u00bblarge\u00a0\u00bb icon_color=\u00a0\u00bb#2bb0e0&Prime; icon_circle_color=\u00a0\u00bb\u00a0\u00bb title_color=\u00a0\u00bb#ffffff\u00a0\u00bb margin=\u00a0\u00bb0&Prime;][\/mk_icon_box][\/vc_column_inner][vc_column_inner width=\u00a0\u00bb1\/3&Prime;][mk_icon_box icon=\u00a0\u00bbmk-moon-file-check-2&Prime; title=\u00a0\u00bbCo\u00fbt de la d\u00e9tection de fuite souvent pris en charge par les assurances\u00a0\u00bb text_size=\u00a0\u00bb20&Prime; icon_size=\u00a0\u00bblarge\u00a0\u00bb icon_color=\u00a0\u00bb#2bb0e0&Prime; icon_circle_color=\u00a0\u00bb\u00a0\u00bb title_color=\u00a0\u00bb#ffffff\u00a0\u00bb margin=\u00a0\u00bb0&Prime;][\/mk_icon_box][\/vc_column_inner][\/vc_row_inner][\/vc_column][\/mk_page_section][mk_page_section [&hellip;]<\/p>\n","protected":false},"author":1,"featured_media":0,"parent":0,"menu_order":0,"comment_status":"closed","ping_status":"closed","template":"","meta":{"_monsterinsights_skip_tracking":false,"_monsterinsights_sitenote_active":false,"_monsterinsights_sitenote_note":"","_monsterinsights_sitenote_category":0,"footnotes":""},"class_list":["post-272","page","type-page","status-publish","hentry"],"yoast_head":"<!-- This site is optimized with the Yoast SEO plugin v24.0 - https:\/\/yoast.com\/wordpress\/plugins\/seo\/ -->\n<title>Circuit de chauffage central - LCS D\u00e9tection des fuites<\/title>\n<meta name=\"description\" content=\"Conseils pour d\u00e9tecter une fuite dans un circuit de chauffage central et limiter les dommages. LCS Detection des fuites.\" \/>\n<meta name=\"robots\" content=\"index, follow, max-snippet:-1, max-image-preview:large, max-video-preview:-1\" \/>\n<link rel=\"canonical\" href=\"https:\/\/lekdetectiecentrale.be\/fr\/detection-des-fuites-circuit-chauffage-central\" \/>\n<meta property=\"og:locale\" content=\"fr_FR\" \/>\n<meta property=\"og:type\" content=\"article\" \/>\n<meta property=\"og:title\" content=\"Circuit de chauffage central - LCS D\u00e9tection des fuites\" \/>\n<meta property=\"og:description\" content=\"Conseils pour d\u00e9tecter une fuite dans un circuit de chauffage central et limiter les dommages. LCS Detection des fuites.\" \/>\n<meta property=\"og:url\" content=\"https:\/\/lekdetectiecentrale.be\/fr\/detection-des-fuites-circuit-chauffage-central\" \/>\n<meta property=\"og:site_name\" content=\"LCS D\u00e9tection des fuites\" \/>\n<meta property=\"article:modified_time\" content=\"2026-03-16T09:25:01+00:00\" \/>\n<meta name=\"twitter:card\" content=\"summary_large_image\" \/>\n<meta name=\"twitter:label1\" content=\"Dur\u00e9e de lecture est.\" \/>\n\t<meta name=\"twitter:data1\" content=\"4 minutes\" \/>\n<script type=\"application\/ld+json\" class=\"yoast-schema-graph\">{\"@context\":\"https:\/\/schema.org\",\"@graph\":[{\"@type\":\"WebPage\",\"@id\":\"https:\/\/lekdetectiecentrale.be\/fr\/detection-des-fuites-circuit-chauffage-central\",\"url\":\"https:\/\/lekdetectiecentrale.be\/fr\/detection-des-fuites-circuit-chauffage-central\",\"name\":\"Circuit de chauffage central - LCS D\u00e9tection des fuites\",\"isPartOf\":{\"@id\":\"https:\/\/lekdetectiecentrale.be\/fr\/#website\"},\"datePublished\":\"2017-01-26T11:08:24+00:00\",\"dateModified\":\"2026-03-16T09:25:01+00:00\",\"description\":\"Conseils pour d\u00e9tecter une fuite dans un circuit de chauffage central et limiter les dommages. LCS Detection des fuites.\",\"breadcrumb\":{\"@id\":\"https:\/\/lekdetectiecentrale.be\/fr\/detection-des-fuites-circuit-chauffage-central#breadcrumb\"},\"inLanguage\":\"fr-BE\",\"potentialAction\":[{\"@type\":\"ReadAction\",\"target\":[\"https:\/\/lekdetectiecentrale.be\/fr\/detection-des-fuites-circuit-chauffage-central\"]}]},{\"@type\":\"BreadcrumbList\",\"@id\":\"https:\/\/lekdetectiecentrale.be\/fr\/detection-des-fuites-circuit-chauffage-central#breadcrumb\",\"itemListElement\":[{\"@type\":\"ListItem\",\"position\":1,\"name\":\"Home\",\"item\":\"https:\/\/lekdetectiecentrale.be\/fr\/\"},{\"@type\":\"ListItem\",\"position\":2,\"name\":\"Circuit de chauffage central\"}]},{\"@type\":\"WebSite\",\"@id\":\"https:\/\/lekdetectiecentrale.be\/fr\/#website\",\"url\":\"https:\/\/lekdetectiecentrale.be\/fr\/\",\"name\":\"LCS D\u00e9tection des fuites\",\"description\":\"Le sp\u00e9cialiste en d\u00e9tection des fuites\",\"publisher\":{\"@id\":\"https:\/\/lekdetectiecentrale.be\/fr\/#organization\"},\"potentialAction\":[{\"@type\":\"SearchAction\",\"target\":{\"@type\":\"EntryPoint\",\"urlTemplate\":\"https:\/\/lekdetectiecentrale.be\/fr\/?s={search_term_string}\"},\"query-input\":{\"@type\":\"PropertyValueSpecification\",\"valueRequired\":true,\"valueName\":\"search_term_string\"}}],\"inLanguage\":\"fr-BE\"},{\"@type\":\"Organization\",\"@id\":\"https:\/\/lekdetectiecentrale.be\/fr\/#organization\",\"name\":\"LCS D\u00e9tection des fuites\",\"url\":\"https:\/\/lekdetectiecentrale.be\/fr\/\",\"logo\":{\"@type\":\"ImageObject\",\"inLanguage\":\"fr-BE\",\"@id\":\"https:\/\/lekdetectiecentrale.be\/fr\/#\/schema\/logo\/image\/\",\"url\":\"https:\/\/lekdetectiecentrale.be\/fr\/wp-content\/uploads\/2017\/09\/lcs-detection-des-fuites.png\",\"contentUrl\":\"https:\/\/lekdetectiecentrale.be\/fr\/wp-content\/uploads\/2017\/09\/lcs-detection-des-fuites.png\",\"width\":250,\"height\":142,\"caption\":\"LCS D\u00e9tection des fuites\"},\"image\":{\"@id\":\"https:\/\/lekdetectiecentrale.be\/fr\/#\/schema\/logo\/image\/\"}}]}<\/script>\n<!-- \/ Yoast SEO plugin. -->","yoast_head_json":{"title":"Circuit de chauffage central - LCS D\u00e9tection des fuites","description":"Conseils pour d\u00e9tecter une fuite dans un circuit de chauffage central et limiter les dommages. LCS Detection des fuites.","robots":{"index":"index","follow":"follow","max-snippet":"max-snippet:-1","max-image-preview":"max-image-preview:large","max-video-preview":"max-video-preview:-1"},"canonical":"https:\/\/lekdetectiecentrale.be\/fr\/detection-des-fuites-circuit-chauffage-central","og_locale":"fr_FR","og_type":"article","og_title":"Circuit de chauffage central - LCS D\u00e9tection des fuites","og_description":"Conseils pour d\u00e9tecter une fuite dans un circuit de chauffage central et limiter les dommages. LCS Detection des fuites.","og_url":"https:\/\/lekdetectiecentrale.be\/fr\/detection-des-fuites-circuit-chauffage-central","og_site_name":"LCS D\u00e9tection des fuites","article_modified_time":"2026-03-16T09:25:01+00:00","twitter_card":"summary_large_image","twitter_misc":{"Dur\u00e9e de lecture est.":"4 minutes"},"schema":{"@context":"https:\/\/schema.org","@graph":[{"@type":"WebPage","@id":"https:\/\/lekdetectiecentrale.be\/fr\/detection-des-fuites-circuit-chauffage-central","url":"https:\/\/lekdetectiecentrale.be\/fr\/detection-des-fuites-circuit-chauffage-central","name":"Circuit de chauffage central - LCS D\u00e9tection des fuites","isPartOf":{"@id":"https:\/\/lekdetectiecentrale.be\/fr\/#website"},"datePublished":"2017-01-26T11:08:24+00:00","dateModified":"2026-03-16T09:25:01+00:00","description":"Conseils pour d\u00e9tecter une fuite dans un circuit de chauffage central et limiter les dommages. LCS Detection des fuites.","breadcrumb":{"@id":"https:\/\/lekdetectiecentrale.be\/fr\/detection-des-fuites-circuit-chauffage-central#breadcrumb"},"inLanguage":"fr-BE","potentialAction":[{"@type":"ReadAction","target":["https:\/\/lekdetectiecentrale.be\/fr\/detection-des-fuites-circuit-chauffage-central"]}]},{"@type":"BreadcrumbList","@id":"https:\/\/lekdetectiecentrale.be\/fr\/detection-des-fuites-circuit-chauffage-central#breadcrumb","itemListElement":[{"@type":"ListItem","position":1,"name":"Home","item":"https:\/\/lekdetectiecentrale.be\/fr\/"},{"@type":"ListItem","position":2,"name":"Circuit de chauffage central"}]},{"@type":"WebSite","@id":"https:\/\/lekdetectiecentrale.be\/fr\/#website","url":"https:\/\/lekdetectiecentrale.be\/fr\/","name":"LCS D\u00e9tection des fuites","description":"Le sp\u00e9cialiste en d\u00e9tection des fuites","publisher":{"@id":"https:\/\/lekdetectiecentrale.be\/fr\/#organization"},"potentialAction":[{"@type":"SearchAction","target":{"@type":"EntryPoint","urlTemplate":"https:\/\/lekdetectiecentrale.be\/fr\/?s={search_term_string}"},"query-input":{"@type":"PropertyValueSpecification","valueRequired":true,"valueName":"search_term_string"}}],"inLanguage":"fr-BE"},{"@type":"Organization","@id":"https:\/\/lekdetectiecentrale.be\/fr\/#organization","name":"LCS D\u00e9tection des fuites","url":"https:\/\/lekdetectiecentrale.be\/fr\/","logo":{"@type":"ImageObject","inLanguage":"fr-BE","@id":"https:\/\/lekdetectiecentrale.be\/fr\/#\/schema\/logo\/image\/","url":"https:\/\/lekdetectiecentrale.be\/fr\/wp-content\/uploads\/2017\/09\/lcs-detection-des-fuites.png","contentUrl":"https:\/\/lekdetectiecentrale.be\/fr\/wp-content\/uploads\/2017\/09\/lcs-detection-des-fuites.png","width":250,"height":142,"caption":"LCS D\u00e9tection des fuites"},"image":{"@id":"https:\/\/lekdetectiecentrale.be\/fr\/#\/schema\/logo\/image\/"}}]}},"_links":{"self":[{"href":"https:\/\/lekdetectiecentrale.be\/fr\/wp-json\/wp\/v2\/pages\/272","targetHints":{"allow":["GET"]}}],"collection":[{"href":"https:\/\/lekdetectiecentrale.be\/fr\/wp-json\/wp\/v2\/pages"}],"about":[{"href":"https:\/\/lekdetectiecentrale.be\/fr\/wp-json\/wp\/v2\/types\/page"}],"author":[{"embeddable":true,"href":"https:\/\/lekdetectiecentrale.be\/fr\/wp-json\/wp\/v2\/users\/1"}],"replies":[{"embeddable":true,"href":"https:\/\/lekdetectiecentrale.be\/fr\/wp-json\/wp\/v2\/comments?post=272"}],"version-history":[{"count":25,"href":"https:\/\/lekdetectiecentrale.be\/fr\/wp-json\/wp\/v2\/pages\/272\/revisions"}],"predecessor-version":[{"id":966,"href":"https:\/\/lekdetectiecentrale.be\/fr\/wp-json\/wp\/v2\/pages\/272\/revisions\/966"}],"wp:attachment":[{"href":"https:\/\/lekdetectiecentrale.be\/fr\/wp-json\/wp\/v2\/media?parent=272"}],"curies":[{"name":"wp","href":"https:\/\/api.w.org\/{rel}","templated":true}]}}