{"id":27,"date":"2017-01-12T12:06:28","date_gmt":"2017-01-12T11:06:28","guid":{"rendered":"http:\/\/lekdetectiecentrale.be\/fr\/?page_id=27"},"modified":"2026-03-16T10:21:09","modified_gmt":"2026-03-16T09:21:09","slug":"types-de-fuites","status":"publish","type":"page","link":"https:\/\/lekdetectiecentrale.be\/fr\/types-de-fuites","title":{"rendered":"Types de fuites"},"content":{"rendered":"[mk_page_section padding_bottom=\u00a0\u00bb0&Prime; top_shape_color=\u00a0\u00bb#ffffff\u00a0\u00bb bottom_shape_color=\u00a0\u00bb#ffffff\u00a0\u00bb sidebar=\u00a0\u00bbsidebar-1&Prime;][vc_column width=\u00a0\u00bb1\/2&Prime;][mk_padding_divider size=\u00a0\u00bb50&Prime;][mk_fancy_title tag_name=\u00a0\u00bbspan\u00a0\u00bb size=\u00a0\u00bb18&Prime; margin_bottom=\u00a0\u00bb0&Prime; font_family=\u00a0\u00bbnone\u00a0\u00bb]Pour rep\u00e9rer les fuites, nous avons recours \u00e0 plusieurs techniques telles que la d\u00e9tection par ultrasons et la thermographie infrarouge. Le point sur les techniques et appareils utilis\u00e9s :[\/mk_fancy_title][vc_row_inner][vc_column_inner width=\u00a0\u00bb1\/2&Prime;][vc_column_text]FUITES D\u2019EAU[\/vc_column_text][mk_custom_list icon_color=\u00a0\u00bb#2bb0e0&Prime;]\n<ul>\n<li><a href=\"http:\/\/lekdetectiecentrale.be\/fr\/detection-des-fuites-chauffage-au-sol\">Chauffage au sol<\/a><\/li>\n<li><a href=\"http:\/\/lekdetectiecentrale.be\/fr\/detection-des-fuites-circuit-chauffage-central\">Circuit de chauffage central<\/a><\/li>\n<li><a href=\"http:\/\/lekdetectiecentrale.be\/fr\/detection-des-fuites-systemes-de-chauffage\">Syst\u00e8mes de chauffage<\/a><\/li>\n<li><a href=\"http:\/\/lekdetectiecentrale.be\/fr\/detection-fuites-de-radiateur\">Fuites de radiateur<\/a><\/li>\n<li><a href=\"http:\/\/lekdetectiecentrale.be\/fr\/detection-des-fuites-conduits-eau-froide\">Conduits d&rsquo;eau froide<\/a><\/li>\n<li><a href=\"http:\/\/lekdetectiecentrale.be\/fr\/detection-des-fuites-drains\">Drains<\/a><\/li>\n<li><a href=\"http:\/\/lekdetectiecentrale.be\/fr\/detection-des-fuites-siphons\">Siphons<\/a><\/li>\n<\/ul>\n[\/mk_custom_list][\/vc_column_inner][vc_column_inner width=\u00a0\u00bb1\/2&Prime;][vc_column_text]FUITES DE CHALEUR[\/vc_column_text][mk_custom_list icon_color=\u00a0\u00bb#2bb0e0&Prime;]\n<ul>\n<li>Toits<\/li>\n<li>Toitures en verre<\/li>\n<li>Fen\u00eatres<\/li>\n<li>Portes<\/li>\n<li>Murs<\/li>\n<li>Joints<\/li>\n<\/ul>\n[\/mk_custom_list][\/vc_column_inner][\/vc_row_inner][\/vc_column][vc_column width=\u00a0\u00bb1\/2&Prime;][mk_padding_divider size=\u00a0\u00bb50&Prime;][vc_row_inner animation=\u00a0\u00bbright-to-left\u00a0\u00bb css=\u00a0\u00bb.vc_custom_1484566072193{padding-bottom: 20px !important;}\u00a0\u00bb][vc_column_inner width=\u00a0\u00bb1\/4&Prime;][mk_font_icons icon=\u00a0\u00bbmk-moon-feed\u00a0\u00bb color=\u00a0\u00bb#005094&Prime; size=\u00a0\u00bbx-large\u00a0\u00bb circle=\u00a0\u00bbtrue\u00a0\u00bb circle_border_style=\u00a0\u00bbdashed\u00a0\u00bb circle_border_color=\u00a0\u00bb#ffffff\u00a0\u00bb align=\u00a0\u00bbcenter\u00a0\u00bb link=\u00a0\u00bb\/fr\/detection-ultrasons\u00a0\u00bb][\/vc_column_inner][vc_column_inner width=\u00a0\u00bb3\/4&Prime;][mk_fancy_title tag_name=\u00a0\u00bbspan\u00a0\u00bb color=\u00a0\u00bb#ffffff\u00a0\u00bb font_weight=\u00a0\u00bbbold\u00a0\u00bb txt_transform=\u00a0\u00bbuppercase\u00a0\u00bb margin_bottom=\u00a0\u00bb0&Prime; font_family=\u00a0\u00bbnone\u00a0\u00bb]<a href=\"http:\/\/lekdetectiecentrale.be\/fr\/detection-ultrasons\">D\u00e9tection par ultrasons<\/a>[\/mk_fancy_title][mk_fancy_title tag_name=\u00a0\u00bbspan\u00a0\u00bb size=\u00a0\u00bb16&Prime; font_weight=\u00a0\u00bb100&Prime; font_family=\u00a0\u00bbnone\u00a0\u00bb]Les ultrasons permettent de d\u00e9tecter rapidement les fuites. Cette technique est particuli\u00e8rement efficace pour les fuites d\u2019eau froide.[\/mk_fancy_title][\/vc_column_inner][\/vc_row_inner][vc_row_inner animation=\u00a0\u00bbright-to-left\u00a0\u00bb css=\u00a0\u00bb.vc_custom_1484566145951{padding-bottom: 20px !important;}\u00a0\u00bb][vc_column_inner width=\u00a0\u00bb1\/4&Prime;][mk_font_icons icon=\u00a0\u00bbmk-moon-picassa\u00a0\u00bb color=\u00a0\u00bb#005094&Prime; size=\u00a0\u00bbx-large\u00a0\u00bb circle=\u00a0\u00bbtrue\u00a0\u00bb circle_border_style=\u00a0\u00bbdashed\u00a0\u00bb circle_border_color=\u00a0\u00bb#ffffff\u00a0\u00bb align=\u00a0\u00bbcenter\u00a0\u00bb link=\u00a0\u00bb\/fr\/thermographie-infrarouge\u00a0\u00bb][\/vc_column_inner][vc_column_inner width=\u00a0\u00bb3\/4&Prime;][mk_fancy_title tag_name=\u00a0\u00bbspan\u00a0\u00bb color=\u00a0\u00bb#ffffff\u00a0\u00bb font_weight=\u00a0\u00bbbold\u00a0\u00bb txt_transform=\u00a0\u00bbuppercase\u00a0\u00bb margin_bottom=\u00a0\u00bb0&Prime; font_family=\u00a0\u00bbnone\u00a0\u00bb]<a href=\"http:\/\/lekdetectiecentrale.be\/fr\/thermographie-infrarouge\">Thermographique infrarouge<\/a>[\/mk_fancy_title][mk_fancy_title tag_name=\u00a0\u00bbspan\u00a0\u00bb size=\u00a0\u00bb16&Prime; font_weight=\u00a0\u00bb100&Prime; font_family=\u00a0\u00bbnone\u00a0\u00bb]Cette technique de pointe utilise les rayonnements infrarouges pour d\u00e9tecter l\u2019origine de la fuite.[\/mk_fancy_title][\/vc_column_inner][\/vc_row_inner][vc_row_inner animation=\u00a0\u00bbright-to-left\u00a0\u00bb][vc_column_inner width=\u00a0\u00bb1\/4&Prime;][mk_font_icons icon=\u00a0\u00bbmk-icon-camera\u00a0\u00bb color=\u00a0\u00bb#005094&Prime; size=\u00a0\u00bbx-large\u00a0\u00bb circle=\u00a0\u00bbtrue\u00a0\u00bb circle_border_style=\u00a0\u00bbdashed\u00a0\u00bb circle_border_color=\u00a0\u00bb#ffffff\u00a0\u00bb align=\u00a0\u00bbcenter\u00a0\u00bb link=\u00a0\u00bb\/fr\/camera-thermique\u00a0\u00bb][\/vc_column_inner][vc_column_inner width=\u00a0\u00bb3\/4&Prime;][mk_fancy_title tag_name=\u00a0\u00bbspan\u00a0\u00bb color=\u00a0\u00bb#ffffff\u00a0\u00bb font_weight=\u00a0\u00bbbold\u00a0\u00bb txt_transform=\u00a0\u00bbuppercase\u00a0\u00bb margin_bottom=\u00a0\u00bb0&Prime; font_family=\u00a0\u00bbnone\u00a0\u00bb]<a href=\"http:\/\/lekdetectiecentrale.be\/fr\/camera-thermique\">Cam\u00e9ra thermique<\/a>[\/mk_fancy_title][mk_fancy_title tag_name=\u00a0\u00bbspan\u00a0\u00bb size=\u00a0\u00bb16&Prime; font_weight=\u00a0\u00bb100&Prime; font_family=\u00a0\u00bbnone\u00a0\u00bb]Les cam\u00e9ras thermiques sont des appareils qui enregistrent les rayonnements infrarouges \u00e9mis par les corps qui diffusent de la chaleur. Ces rayonnements varient en fonction de la temp\u00e9rature des corps. Utilis\u00e9e dans plusieurs domaines, cette technique permet de localiser rapidement une fuite.[\/mk_fancy_title][\/vc_column_inner][\/vc_row_inner][\/vc_column][\/mk_page_section][vc_row][vc_column][vc_separator border_width=\u00a0\u00bb2&Prime;][\/vc_column][\/vc_row][mk_page_section sidebar=\u00a0\u00bbsidebar-1&Prime;][vc_column width=\u00a0\u00bb3\/4&Prime;][mk_fancy_title tag_name=\u00a0\u00bbspan\u00a0\u00bb size=\u00a0\u00bb24&Prime; font_family=\u00a0\u00bbnone\u00a0\u00bb]Vous avez constat\u00e9 une fuite dans votre tuyauterie ou votre syst\u00e8me de chauffage ?<br \/>\nContactez-nous, nous vous assisterons![\/mk_fancy_title][\/vc_column][vc_column width=\u00a0\u00bb1\/4&Prime;][mk_button dimension=\u00a0\u00bbflat\u00a0\u00bb size=\u00a0\u00bblarge\u00a0\u00bb icon=\u00a0\u00bbmk-moon-phone\u00a0\u00bb url=\u00a0\u00bb\/fr\/contact\u00a0\u00bb]Prenez rendez-vous![\/mk_button][\/vc_column][\/mk_page_section]\n","protected":false},"excerpt":{"rendered":"<p>[mk_page_section padding_bottom=\u00a0\u00bb0&Prime; top_shape_color=\u00a0\u00bb#ffffff\u00a0\u00bb bottom_shape_color=\u00a0\u00bb#ffffff\u00a0\u00bb sidebar=\u00a0\u00bbsidebar-1&Prime;][vc_column width=\u00a0\u00bb1\/2&Prime;][mk_padding_divider size=\u00a0\u00bb50&Prime;][mk_fancy_title tag_name=\u00a0\u00bbspan\u00a0\u00bb size=\u00a0\u00bb18&Prime; margin_bottom=\u00a0\u00bb0&Prime; font_family=\u00a0\u00bbnone\u00a0\u00bb]Pour rep\u00e9rer les fuites, nous avons recours \u00e0 plusieurs techniques telles que la d\u00e9tection par ultrasons et la thermographie infrarouge. Le point sur les techniques et appareils utilis\u00e9s :[\/mk_fancy_title][vc_row_inner][vc_column_inner width=\u00a0\u00bb1\/2&Prime;][vc_column_text]FUITES D\u2019EAU[\/vc_column_text][mk_custom_list icon_color=\u00a0\u00bb#2bb0e0&Prime;] Chauffage au sol Circuit de chauffage central Syst\u00e8mes de chauffage Fuites de radiateur [&hellip;]<\/p>\n","protected":false},"author":1,"featured_media":0,"parent":0,"menu_order":0,"comment_status":"closed","ping_status":"closed","template":"","meta":{"_monsterinsights_skip_tracking":false,"_monsterinsights_sitenote_active":false,"_monsterinsights_sitenote_note":"","_monsterinsights_sitenote_category":0,"footnotes":""},"class_list":["post-27","page","type-page","status-publish","hentry"],"yoast_head":"<!-- This site is optimized with the Yoast SEO plugin v24.0 - https:\/\/yoast.com\/wordpress\/plugins\/seo\/ -->\n<title>Types de fuites - LCS D\u00e9tection des fuites<\/title>\n<meta name=\"description\" content=\"D\u00e9couvrez les diff\u00e9rents types de fuites d\u2019eau et apprenez \u00e0 les identifier rapidement pour \u00e9viter des d\u00e9g\u00e2ts dans votre habitation.\" \/>\n<meta name=\"robots\" content=\"index, follow, max-snippet:-1, max-image-preview:large, max-video-preview:-1\" \/>\n<link rel=\"canonical\" href=\"https:\/\/lekdetectiecentrale.be\/fr\/types-de-fuites\" \/>\n<meta property=\"og:locale\" content=\"fr_FR\" \/>\n<meta property=\"og:type\" content=\"article\" \/>\n<meta property=\"og:title\" content=\"Types de fuites - LCS D\u00e9tection des fuites\" \/>\n<meta property=\"og:description\" content=\"D\u00e9couvrez les diff\u00e9rents types de fuites d\u2019eau et apprenez \u00e0 les identifier rapidement pour \u00e9viter des d\u00e9g\u00e2ts dans votre habitation.\" \/>\n<meta property=\"og:url\" content=\"https:\/\/lekdetectiecentrale.be\/fr\/types-de-fuites\" \/>\n<meta property=\"og:site_name\" content=\"LCS D\u00e9tection des fuites\" \/>\n<meta property=\"article:modified_time\" content=\"2026-03-16T09:21:09+00:00\" \/>\n<meta name=\"twitter:card\" content=\"summary_large_image\" \/>\n<meta name=\"twitter:label1\" content=\"Dur\u00e9e de lecture est.\" \/>\n\t<meta name=\"twitter:data1\" content=\"2 minutes\" \/>\n<script type=\"application\/ld+json\" class=\"yoast-schema-graph\">{\"@context\":\"https:\/\/schema.org\",\"@graph\":[{\"@type\":\"WebPage\",\"@id\":\"https:\/\/lekdetectiecentrale.be\/fr\/types-de-fuites\",\"url\":\"https:\/\/lekdetectiecentrale.be\/fr\/types-de-fuites\",\"name\":\"Types de fuites - LCS D\u00e9tection des fuites\",\"isPartOf\":{\"@id\":\"https:\/\/lekdetectiecentrale.be\/fr\/#website\"},\"datePublished\":\"2017-01-12T11:06:28+00:00\",\"dateModified\":\"2026-03-16T09:21:09+00:00\",\"description\":\"D\u00e9couvrez les diff\u00e9rents types de fuites d\u2019eau et apprenez \u00e0 les identifier rapidement pour \u00e9viter des d\u00e9g\u00e2ts dans votre habitation.\",\"breadcrumb\":{\"@id\":\"https:\/\/lekdetectiecentrale.be\/fr\/types-de-fuites#breadcrumb\"},\"inLanguage\":\"fr-BE\",\"potentialAction\":[{\"@type\":\"ReadAction\",\"target\":[\"https:\/\/lekdetectiecentrale.be\/fr\/types-de-fuites\"]}]},{\"@type\":\"BreadcrumbList\",\"@id\":\"https:\/\/lekdetectiecentrale.be\/fr\/types-de-fuites#breadcrumb\",\"itemListElement\":[{\"@type\":\"ListItem\",\"position\":1,\"name\":\"Home\",\"item\":\"https:\/\/lekdetectiecentrale.be\/fr\/\"},{\"@type\":\"ListItem\",\"position\":2,\"name\":\"Types de fuites\"}]},{\"@type\":\"WebSite\",\"@id\":\"https:\/\/lekdetectiecentrale.be\/fr\/#website\",\"url\":\"https:\/\/lekdetectiecentrale.be\/fr\/\",\"name\":\"LCS D\u00e9tection des fuites\",\"description\":\"Le sp\u00e9cialiste en d\u00e9tection des fuites\",\"publisher\":{\"@id\":\"https:\/\/lekdetectiecentrale.be\/fr\/#organization\"},\"potentialAction\":[{\"@type\":\"SearchAction\",\"target\":{\"@type\":\"EntryPoint\",\"urlTemplate\":\"https:\/\/lekdetectiecentrale.be\/fr\/?s={search_term_string}\"},\"query-input\":{\"@type\":\"PropertyValueSpecification\",\"valueRequired\":true,\"valueName\":\"search_term_string\"}}],\"inLanguage\":\"fr-BE\"},{\"@type\":\"Organization\",\"@id\":\"https:\/\/lekdetectiecentrale.be\/fr\/#organization\",\"name\":\"LCS D\u00e9tection des fuites\",\"url\":\"https:\/\/lekdetectiecentrale.be\/fr\/\",\"logo\":{\"@type\":\"ImageObject\",\"inLanguage\":\"fr-BE\",\"@id\":\"https:\/\/lekdetectiecentrale.be\/fr\/#\/schema\/logo\/image\/\",\"url\":\"https:\/\/lekdetectiecentrale.be\/fr\/wp-content\/uploads\/2017\/09\/lcs-detection-des-fuites.png\",\"contentUrl\":\"https:\/\/lekdetectiecentrale.be\/fr\/wp-content\/uploads\/2017\/09\/lcs-detection-des-fuites.png\",\"width\":250,\"height\":142,\"caption\":\"LCS D\u00e9tection des fuites\"},\"image\":{\"@id\":\"https:\/\/lekdetectiecentrale.be\/fr\/#\/schema\/logo\/image\/\"}}]}<\/script>\n<!-- \/ Yoast SEO plugin. -->","yoast_head_json":{"title":"Types de fuites - LCS D\u00e9tection des fuites","description":"D\u00e9couvrez les diff\u00e9rents types de fuites d\u2019eau et apprenez \u00e0 les identifier rapidement pour \u00e9viter des d\u00e9g\u00e2ts dans votre habitation.","robots":{"index":"index","follow":"follow","max-snippet":"max-snippet:-1","max-image-preview":"max-image-preview:large","max-video-preview":"max-video-preview:-1"},"canonical":"https:\/\/lekdetectiecentrale.be\/fr\/types-de-fuites","og_locale":"fr_FR","og_type":"article","og_title":"Types de fuites - LCS D\u00e9tection des fuites","og_description":"D\u00e9couvrez les diff\u00e9rents types de fuites d\u2019eau et apprenez \u00e0 les identifier rapidement pour \u00e9viter des d\u00e9g\u00e2ts dans votre habitation.","og_url":"https:\/\/lekdetectiecentrale.be\/fr\/types-de-fuites","og_site_name":"LCS D\u00e9tection des fuites","article_modified_time":"2026-03-16T09:21:09+00:00","twitter_card":"summary_large_image","twitter_misc":{"Dur\u00e9e de lecture est.":"2 minutes"},"schema":{"@context":"https:\/\/schema.org","@graph":[{"@type":"WebPage","@id":"https:\/\/lekdetectiecentrale.be\/fr\/types-de-fuites","url":"https:\/\/lekdetectiecentrale.be\/fr\/types-de-fuites","name":"Types de fuites - LCS D\u00e9tection des fuites","isPartOf":{"@id":"https:\/\/lekdetectiecentrale.be\/fr\/#website"},"datePublished":"2017-01-12T11:06:28+00:00","dateModified":"2026-03-16T09:21:09+00:00","description":"D\u00e9couvrez les diff\u00e9rents types de fuites d\u2019eau et apprenez \u00e0 les identifier rapidement pour \u00e9viter des d\u00e9g\u00e2ts dans votre habitation.","breadcrumb":{"@id":"https:\/\/lekdetectiecentrale.be\/fr\/types-de-fuites#breadcrumb"},"inLanguage":"fr-BE","potentialAction":[{"@type":"ReadAction","target":["https:\/\/lekdetectiecentrale.be\/fr\/types-de-fuites"]}]},{"@type":"BreadcrumbList","@id":"https:\/\/lekdetectiecentrale.be\/fr\/types-de-fuites#breadcrumb","itemListElement":[{"@type":"ListItem","position":1,"name":"Home","item":"https:\/\/lekdetectiecentrale.be\/fr\/"},{"@type":"ListItem","position":2,"name":"Types de fuites"}]},{"@type":"WebSite","@id":"https:\/\/lekdetectiecentrale.be\/fr\/#website","url":"https:\/\/lekdetectiecentrale.be\/fr\/","name":"LCS D\u00e9tection des fuites","description":"Le sp\u00e9cialiste en d\u00e9tection des fuites","publisher":{"@id":"https:\/\/lekdetectiecentrale.be\/fr\/#organization"},"potentialAction":[{"@type":"SearchAction","target":{"@type":"EntryPoint","urlTemplate":"https:\/\/lekdetectiecentrale.be\/fr\/?s={search_term_string}"},"query-input":{"@type":"PropertyValueSpecification","valueRequired":true,"valueName":"search_term_string"}}],"inLanguage":"fr-BE"},{"@type":"Organization","@id":"https:\/\/lekdetectiecentrale.be\/fr\/#organization","name":"LCS D\u00e9tection des fuites","url":"https:\/\/lekdetectiecentrale.be\/fr\/","logo":{"@type":"ImageObject","inLanguage":"fr-BE","@id":"https:\/\/lekdetectiecentrale.be\/fr\/#\/schema\/logo\/image\/","url":"https:\/\/lekdetectiecentrale.be\/fr\/wp-content\/uploads\/2017\/09\/lcs-detection-des-fuites.png","contentUrl":"https:\/\/lekdetectiecentrale.be\/fr\/wp-content\/uploads\/2017\/09\/lcs-detection-des-fuites.png","width":250,"height":142,"caption":"LCS D\u00e9tection des fuites"},"image":{"@id":"https:\/\/lekdetectiecentrale.be\/fr\/#\/schema\/logo\/image\/"}}]}},"_links":{"self":[{"href":"https:\/\/lekdetectiecentrale.be\/fr\/wp-json\/wp\/v2\/pages\/27","targetHints":{"allow":["GET"]}}],"collection":[{"href":"https:\/\/lekdetectiecentrale.be\/fr\/wp-json\/wp\/v2\/pages"}],"about":[{"href":"https:\/\/lekdetectiecentrale.be\/fr\/wp-json\/wp\/v2\/types\/page"}],"author":[{"embeddable":true,"href":"https:\/\/lekdetectiecentrale.be\/fr\/wp-json\/wp\/v2\/users\/1"}],"replies":[{"embeddable":true,"href":"https:\/\/lekdetectiecentrale.be\/fr\/wp-json\/wp\/v2\/comments?post=27"}],"version-history":[{"count":13,"href":"https:\/\/lekdetectiecentrale.be\/fr\/wp-json\/wp\/v2\/pages\/27\/revisions"}],"predecessor-version":[{"id":950,"href":"https:\/\/lekdetectiecentrale.be\/fr\/wp-json\/wp\/v2\/pages\/27\/revisions\/950"}],"wp:attachment":[{"href":"https:\/\/lekdetectiecentrale.be\/fr\/wp-json\/wp\/v2\/media?parent=27"}],"curies":[{"name":"wp","href":"https:\/\/api.w.org\/{rel}","templated":true}]}}