{"id":22,"date":"2017-01-12T12:05:50","date_gmt":"2017-01-12T11:05:50","guid":{"rendered":"http:\/\/lekdetectiecentrale.be\/fr\/?page_id=22"},"modified":"2026-02-05T11:59:46","modified_gmt":"2026-02-05T10:59:46","slug":"contact","status":"publish","type":"page","link":"https:\/\/lekdetectiecentrale.be\/fr\/contact","title":{"rendered":"Contact"},"content":{"rendered":"[mk_page_section sidebar=\u00a0\u00bbsidebar-1&Prime;][vc_column][mk_padding_divider size=\u00a0\u00bb60&Prime;][mk_image src=\u00a0\u00bbhttp:\/\/lekdetectiecentrale.be\/fr\/wp-content\/uploads\/2017\/09\/lcs-favicon.png\u00a0\u00bb image_size=\u00a0\u00bbfull\u00a0\u00bb align=\u00a0\u00bbcenter\u00a0\u00bb margin_bottom=\u00a0\u00bb20&Prime; animation=\u00a0\u00bbscale-up\u00a0\u00bb][mk_fancy_title tag_name=\u00a0\u00bbspan\u00a0\u00bb color=\u00a0\u00bb#00375b\u00a0\u00bb size=\u00a0\u00bb20&Prime; txt_transform=\u00a0\u00bbuppercase\u00a0\u00bb margin_bottom=\u00a0\u00bb0&Prime; font_family=\u00a0\u00bbnone\u00a0\u00bb align=\u00a0\u00bbcenter\u00a0\u00bb]Informations\u00a0et contact[\/mk_fancy_title][vc_row_inner][vc_column_inner width=\u00a0\u00bb1\/6&Prime;][\/vc_column_inner][vc_column_inner width=\u00a0\u00bb4\/6&Prime;][vc_column_text disable_pattern=\u00a0\u00bbfalse\u00a0\u00bb align=\u00a0\u00bbcenter\u00a0\u00bb margin_bottom=\u00a0\u00bb10&Prime;]\n<p style=\"text-align: center;\">LCS D\u00e9tection des fuites intervient dans toute la Belgique.<br \/>\nVous pouvez nous joindre du lundi au vendredi, entre 09h00 et 17h00.<br \/>\n<span style=\"text-decoration: underline;\">info@lekdetectiecentrale.be<\/span><\/p>\n[\/vc_column_text][mk_padding_divider size=\u00a0\u00bb20&Prime;][\/vc_column_inner][vc_column_inner width=\u00a0\u00bb1\/6&Prime;][\/vc_column_inner][\/vc_row_inner][vc_row_inner][vc_column_inner width=\u00a0\u00bb1\/6&Prime;][mk_fancy_title tag_name=\u00a0\u00bbspan\u00a0\u00bb color=\u00a0\u00bb#00375b\u00a0\u00bb size=\u00a0\u00bb16&Prime; margin_bottom=\u00a0\u00bb0&Prime; font_family=\u00a0\u00bbnone\u00a0\u00bb align=\u00a0\u00bbcenter\u00a0\u00bb]Lundi[\/mk_fancy_title][vc_column_text align=\u00a0\u00bbcenter\u00a0\u00bb]09:00-17:00[\/vc_column_text][\/vc_column_inner][vc_column_inner width=\u00a0\u00bb1\/6&Prime;][mk_fancy_title tag_name=\u00a0\u00bbspan\u00a0\u00bb color=\u00a0\u00bb#00375b\u00a0\u00bb size=\u00a0\u00bb16&Prime; margin_bottom=\u00a0\u00bb0&Prime; font_family=\u00a0\u00bbnone\u00a0\u00bb align=\u00a0\u00bbcenter\u00a0\u00bb]Mardi[\/mk_fancy_title][vc_column_text align=\u00a0\u00bbcenter\u00a0\u00bb]09:00-17:00[\/vc_column_text][\/vc_column_inner][vc_column_inner width=\u00a0\u00bb1\/6&Prime;][mk_fancy_title tag_name=\u00a0\u00bbspan\u00a0\u00bb color=\u00a0\u00bb#00375b\u00a0\u00bb size=\u00a0\u00bb16&Prime; margin_bottom=\u00a0\u00bb0&Prime; font_family=\u00a0\u00bbnone\u00a0\u00bb align=\u00a0\u00bbcenter\u00a0\u00bb]Mecredi[\/mk_fancy_title][vc_column_text align=\u00a0\u00bbcenter\u00a0\u00bb]09:00-17:00[\/vc_column_text][\/vc_column_inner][vc_column_inner width=\u00a0\u00bb1\/6&Prime;][mk_fancy_title tag_name=\u00a0\u00bbspan\u00a0\u00bb color=\u00a0\u00bb#00375b\u00a0\u00bb size=\u00a0\u00bb16&Prime; margin_bottom=\u00a0\u00bb0&Prime; font_family=\u00a0\u00bbnone\u00a0\u00bb align=\u00a0\u00bbcenter\u00a0\u00bb]Jeudi[\/mk_fancy_title][vc_column_text align=\u00a0\u00bbcenter\u00a0\u00bb]09:00-17:00[\/vc_column_text][\/vc_column_inner][vc_column_inner width=\u00a0\u00bb1\/6&Prime;][mk_fancy_title tag_name=\u00a0\u00bbspan\u00a0\u00bb color=\u00a0\u00bb#00375b\u00a0\u00bb size=\u00a0\u00bb16&Prime; margin_bottom=\u00a0\u00bb0&Prime; font_family=\u00a0\u00bbnone\u00a0\u00bb align=\u00a0\u00bbcenter\u00a0\u00bb]Vendredi[\/mk_fancy_title][vc_column_text align=\u00a0\u00bbcenter\u00a0\u00bb]09:00-17:00[\/vc_column_text][\/vc_column_inner][vc_column_inner width=\u00a0\u00bb1\/6&Prime;][mk_fancy_title tag_name=\u00a0\u00bbspan\u00a0\u00bb color=\u00a0\u00bb#00375b\u00a0\u00bb size=\u00a0\u00bb16&Prime; margin_bottom=\u00a0\u00bb0&Prime; font_family=\u00a0\u00bbnone\u00a0\u00bb align=\u00a0\u00bbcenter\u00a0\u00bb]Samedi \/ Dimanche[\/mk_fancy_title][vc_column_text align=\u00a0\u00bbcenter\u00a0\u00bb]Ferm\u00e9[\/vc_column_text][\/vc_column_inner][\/vc_row_inner][\/vc_column][\/mk_page_section][mk_page_section sidebar=\u00a0\u00bbsidebar-1&Prime;][vc_column][vc_row_inner animation=\u00a0\u00bbbottom-to-top\u00a0\u00bb css=\u00a0\u00bb.vc_custom_1484321740113{padding-top: 30px !important;}\u00a0\u00bb][vc_column_inner width=\u00a0\u00bb1\/4&Prime;][mk_table]\n<table width=\"100%\">\n<thead>\n<tr>\n<th>Region Ath<\/th>\n<\/tr>\n<\/thead>\n<tbody>\n<tr>\n<td><a href=\"tel:068480396\">068 48 03 96<\/a><br \/>\nAth<\/td>\n<\/tr>\n<\/tbody>\n<\/table>\n[\/mk_table][\/vc_column_inner][vc_column_inner width=\u00a0\u00bb1\/4&Prime;][mk_table]\n<table width=\"100%\">\n<thead>\n<tr>\n<th>Region Bruxelles<\/th>\n<\/tr>\n<\/thead>\n<tbody>\n<tr>\n<td><a href=\"tel:027930388\">02 793 03 88<\/a><br \/>\nBruxelles<\/td>\n<\/tr>\n<\/tbody>\n<\/table>\n[\/mk_table][\/vc_column_inner][vc_column_inner width=\u00a0\u00bb1\/4&Prime;][mk_table]\n<table width=\"100%\">\n<thead>\n<tr>\n<th>Region Charleroi<\/th>\n<\/tr>\n<\/thead>\n<tbody>\n<tr>\n<td><a href=\"tel:071962914\">071 96 29 14<\/a><br \/>\nCharleroi<\/td>\n<\/tr>\n<\/tbody>\n<\/table>\n[\/mk_table][\/vc_column_inner][vc_column_inner width=\u00a0\u00bb1\/4&Prime;][mk_table]\n<table width=\"100%\">\n<thead>\n<tr>\n<th>Region La Louvi\u00e8re<\/th>\n<\/tr>\n<\/thead>\n<tbody>\n<tr>\n<td><a href=\"tel:064680103\">064 68 01 03<\/a><br \/>\nLa Louvi\u00e8re<\/td>\n<\/tr>\n<\/tbody>\n<\/table>\n[\/mk_table][\/vc_column_inner][\/vc_row_inner][vc_row_inner animation=\u00a0\u00bbbottom-to-top\u00a0\u00bb css=\u00a0\u00bb.vc_custom_1484321740113{padding-top: 30px !important;}\u00a0\u00bb][vc_column_inner width=\u00a0\u00bb1\/4&Prime;][mk_table]\n<table width=\"100%\">\n<thead>\n<tr>\n<th>Region Mons<\/th>\n<\/tr>\n<\/thead>\n<tbody>\n<tr>\n<td><a href=\"tel:065680114\">065 68 01 14<\/a><br \/>\nMons<\/td>\n<\/tr>\n<\/tbody>\n<\/table>\n[\/mk_table][\/vc_column_inner][vc_column_inner width=\u00a0\u00bb1\/4&Prime;][mk_table]\n<table width=\"100%\">\n<thead>\n<tr>\n<th>Region Namur<\/th>\n<\/tr>\n<\/thead>\n<tbody>\n<tr>\n<td><a href=\"tel:081280204\">081 28 02 04<\/a><br \/>\nNamur<\/td>\n<\/tr>\n<\/tbody>\n<\/table>\n[\/mk_table][\/vc_column_inner][vc_column_inner width=\u00a0\u00bb1\/4&Prime;][mk_table]\n<table width=\"100%\">\n<thead>\n<tr>\n<th>Region Tournai<\/th>\n<\/tr>\n<\/thead>\n<tbody>\n<tr>\n<td><a href=\"tel:069480103\">069 48 01 03<\/a><br \/>\nTournai<\/td>\n<\/tr>\n<\/tbody>\n<\/table>\n[\/mk_table][\/vc_column_inner][vc_column_inner width=\u00a0\u00bb1\/4&Prime;][mk_table]\n<table width=\"100%\">\n<thead>\n<tr>\n<th>Region Waremme<\/th>\n<\/tr>\n<\/thead>\n<tbody>\n<tr>\n<td><a href=\"tel:019480387\">019 48 03 87<\/a><br \/>\nWaremme<\/td>\n<\/tr>\n<\/tbody>\n<\/table>\n[\/mk_table][\/vc_column_inner][\/vc_row_inner][mk_padding_divider][\/vc_column][\/mk_page_section][mk_page_section bg_stretch=\u00a0\u00bbtrue\u00a0\u00bb min_height=\u00a0\u00bb300&Prime; full_width=\u00a0\u00bbtrue\u00a0\u00bb padding_top=\u00a0\u00bb0&Prime; padding_bottom=\u00a0\u00bb0&Prime; sidebar=\u00a0\u00bbsidebar-1&Prime;][vc_column][mk_advanced_gmaps custom_markers=\u00a0\u00bbtrue\u00a0\u00bb latitude=\u00a0\u00bb50.85233960&Prime; longitude=\u00a0\u00bb4.35171030&Prime; address=\u00a0\u00bbBruxelles\u00a0\u00bb custom_marker_1=\u00a0\u00bbhttp:\/\/lekdetectiecentrale.be\/fr\/wp-content\/uploads\/2017\/09\/lcs-favicon-klein.png\u00a0\u00bb latitude_2=\u00a0\u00bb50.83334320&Prime; longitude_2=\u00a0\u00bb4.36662940&Prime; address_2=\u00a0\u00bbIxelles\u00a0\u00bb custom_marker_2=\u00a0\u00bbhttp:\/\/lekdetectiecentrale.be\/fr\/wp-content\/uploads\/2017\/09\/lcs-favicon-klein.png\u00a0\u00bb latitude_3=\u00a0\u00bb50.80239820&Prime; longitude_3=\u00a0\u00bb4.34067000&Prime; address_3=\u00a0\u00bbUccle\u00a0\u00bb custom_marker_3=\u00a0\u00bbhttp:\/\/lekdetectiecentrale.be\/fr\/wp-content\/uploads\/2017\/09\/lcs-favicon-klein.png\u00a0\u00bb additional_markers=\u00a0\u00bb%5B%7B%22uniqid%22%3A%221488289329835%22%2C%22latitude%22%3A%2250.83658080%22%2C%22longitude%22%3A%224.30818700%22%2C%22address%22%3A%22Anderlecht%22%2C%22marker_icon%22%3A%22http%3A\/\/lekdetectiecentrale.be\/fr\/wp-content\/uploads\/2017\/09\/lcs-favicon-klein.png%22%7D%2C%7B%22uniqid%22%3A%221488289488197%22%2C%22latitude%22%3A%2250.86741640%22%2C%22longitude%22%3A%224.37729810%22%2C%22address%22%3A%22Schaerbeek%22%2C%22marker_icon%22%3A%22http%3A\/\/lekdetectiecentrale.be\/fr\/wp-content\/uploads\/2017\/09\/lcs-favicon-klein.png%22%7D%2C%7B%22uniqid%22%3A%221495027846206%22%2C%22latitude%22%3A%2250.59787000%22%2C%22longitude%22%3A%224.32851000%22%2C%22address%22%3A%22Nivelles%22%2C%22marker_icon%22%3A%22http%3A\/\/lekdetectiecentrale.be\/fr\/wp-content\/uploads\/2017\/09\/lcs-favicon-klein.png%22%7D%2C%7B%22uniqid%22%3A%221495027876829%22%2C%22latitude%22%3A%2250.71589560%22%2C%22longitude%22%3A%224.61280750%22%2C%22address%22%3A%22Wavre%22%2C%22marker_icon%22%3A%22http%3A\/\/lekdetectiecentrale.be\/fr\/wp-content\/uploads\/2017\/09\/lcs-favicon-klein.png%22%7D%2C%7B%22uniqid%22%3A%221495027913940%22%2C%22latitude%22%3A%2250.68536260%22%2C%22longitude%22%3A%224.37791970%22%2C%22address%22%3A%22Braine-l%27Alleud%22%2C%22marker_icon%22%3A%22http%3A\/\/lekdetectiecentrale.be\/fr\/wp-content\/uploads\/2017\/09\/lcs-favicon-klein.png%22%7D%2C%7B%22uniqid%22%3A%221736166453942%22%2C%22latitude%22%3A%2250.4116233%22%2C%22longitude%22%3A%224.444528%22%2C%22address%22%3A%22Charleroi%22%2C%22marker_icon%22%3A%22http%3A\/\/lekdetectiecentrale.be\/fr\/wp-content\/uploads\/2017\/09\/lcs-favicon-klein.png%22%7D%2C%7B%22uniqid%22%3A%221736166854997%22%2C%22latitude%22%3A%2250.4665284%22%2C%22longitude%22%3A%224.8661892%22%2C%22address%22%3A%22Namur%22%2C%22marker_icon%22%3A%22http%3A\/\/lekdetectiecentrale.be\/fr\/wp-content\/uploads\/2017\/09\/lcs-favicon-klein.png%22%7D%2C%7B%22uniqid%22%3A%221736168552486%22%2C%22latitude%22%3A%2250.4549568%22%2C%22longitude%22%3A%223.951958%22%2C%22address%22%3A%22Mons%22%2C%22marker_icon%22%3A%22http%3A\/\/lekdetectiecentrale.be\/fr\/wp-content\/uploads\/2017\/09\/lcs-favicon-klein.png%22%7D%5D\u00a0\u00bb content_font_color=\u00a0\u00bb#ffffff\u00a0\u00bb height=\u00a0\u00bb400&Prime; map_zoom=\u00a0\u00bb9&Prime;][\/vc_column][\/mk_page_section]\n","protected":false},"excerpt":{"rendered":"<p>[mk_page_section sidebar=\u00a0\u00bbsidebar-1&Prime;][vc_column][mk_padding_divider size=\u00a0\u00bb60&Prime;][mk_image src=\u00a0\u00bbhttp:\/\/lekdetectiecentrale.be\/fr\/wp-content\/uploads\/2017\/09\/lcs-favicon.png\u00a0\u00bb image_size=\u00a0\u00bbfull\u00a0\u00bb align=\u00a0\u00bbcenter\u00a0\u00bb margin_bottom=\u00a0\u00bb20&Prime; animation=\u00a0\u00bbscale-up\u00a0\u00bb][mk_fancy_title tag_name=\u00a0\u00bbspan\u00a0\u00bb color=\u00a0\u00bb#00375b\u00a0\u00bb size=\u00a0\u00bb20&Prime; txt_transform=\u00a0\u00bbuppercase\u00a0\u00bb margin_bottom=\u00a0\u00bb0&Prime; font_family=\u00a0\u00bbnone\u00a0\u00bb align=\u00a0\u00bbcenter\u00a0\u00bb]Informations\u00a0et contact[\/mk_fancy_title][vc_row_inner][vc_column_inner width=\u00a0\u00bb1\/6&Prime;][\/vc_column_inner][vc_column_inner width=\u00a0\u00bb4\/6&Prime;][vc_column_text disable_pattern=\u00a0\u00bbfalse\u00a0\u00bb align=\u00a0\u00bbcenter\u00a0\u00bb margin_bottom=\u00a0\u00bb10&Prime;] LCS D\u00e9tection des fuites intervient dans toute la Belgique. Vous pouvez nous joindre du lundi au vendredi, entre 09h00 et 17h00. info@lekdetectiecentrale.be [\/vc_column_text][mk_padding_divider size=\u00a0\u00bb20&Prime;][\/vc_column_inner][vc_column_inner width=\u00a0\u00bb1\/6&Prime;][\/vc_column_inner][\/vc_row_inner][vc_row_inner][vc_column_inner width=\u00a0\u00bb1\/6&Prime;][mk_fancy_title tag_name=\u00a0\u00bbspan\u00a0\u00bb color=\u00a0\u00bb#00375b\u00a0\u00bb size=\u00a0\u00bb16&Prime; margin_bottom=\u00a0\u00bb0&Prime; font_family=\u00a0\u00bbnone\u00a0\u00bb align=\u00a0\u00bbcenter\u00a0\u00bb]Lundi[\/mk_fancy_title][vc_column_text align=\u00a0\u00bbcenter\u00a0\u00bb]09:00-17:00[\/vc_column_text][\/vc_column_inner][vc_column_inner width=\u00a0\u00bb1\/6&Prime;][mk_fancy_title [&hellip;]<\/p>\n","protected":false},"author":1,"featured_media":0,"parent":0,"menu_order":0,"comment_status":"closed","ping_status":"closed","template":"","meta":{"_monsterinsights_skip_tracking":false,"_monsterinsights_sitenote_active":false,"_monsterinsights_sitenote_note":"","_monsterinsights_sitenote_category":0,"footnotes":""},"class_list":["post-22","page","type-page","status-publish","hentry"],"yoast_head":"<!-- This site is optimized with the Yoast SEO plugin v24.0 - https:\/\/yoast.com\/wordpress\/plugins\/seo\/ -->\n<title>Contact - LCS D\u00e9tection des fuites<\/title>\n<meta name=\"description\" content=\"Vous recherchez le meilleur service de d\u00e9tection de fuites dans votre r\u00e9gion ? Alors cette page est faite pour vous. Appelez-nous d\u00e8s maintenant pour prendre rendez-vous et confiez-nous vos soucis!\" \/>\n<meta name=\"robots\" content=\"index, follow, max-snippet:-1, max-image-preview:large, max-video-preview:-1\" \/>\n<link rel=\"canonical\" href=\"https:\/\/lekdetectiecentrale.be\/fr\/contact\" \/>\n<meta property=\"og:locale\" content=\"fr_FR\" \/>\n<meta property=\"og:type\" content=\"article\" \/>\n<meta property=\"og:title\" content=\"Contact - LCS D\u00e9tection des fuites\" \/>\n<meta property=\"og:description\" content=\"Vous recherchez le meilleur service de d\u00e9tection de fuites dans votre r\u00e9gion ? Alors cette page est faite pour vous. Appelez-nous d\u00e8s maintenant pour prendre rendez-vous et confiez-nous vos soucis!\" \/>\n<meta property=\"og:url\" content=\"https:\/\/lekdetectiecentrale.be\/fr\/contact\" \/>\n<meta property=\"og:site_name\" content=\"LCS D\u00e9tection des fuites\" \/>\n<meta property=\"article:modified_time\" content=\"2026-02-05T10:59:46+00:00\" \/>\n<meta name=\"twitter:card\" content=\"summary_large_image\" \/>\n<meta name=\"twitter:label1\" content=\"Dur\u00e9e de lecture est.\" \/>\n\t<meta name=\"twitter:data1\" content=\"2 minutes\" \/>\n<script type=\"application\/ld+json\" class=\"yoast-schema-graph\">{\"@context\":\"https:\/\/schema.org\",\"@graph\":[{\"@type\":\"WebPage\",\"@id\":\"https:\/\/lekdetectiecentrale.be\/fr\/contact\",\"url\":\"https:\/\/lekdetectiecentrale.be\/fr\/contact\",\"name\":\"Contact - LCS D\u00e9tection des fuites\",\"isPartOf\":{\"@id\":\"https:\/\/lekdetectiecentrale.be\/fr\/#website\"},\"datePublished\":\"2017-01-12T11:05:50+00:00\",\"dateModified\":\"2026-02-05T10:59:46+00:00\",\"description\":\"Vous recherchez le meilleur service de d\u00e9tection de fuites dans votre r\u00e9gion ? Alors cette page est faite pour vous. Appelez-nous d\u00e8s maintenant pour prendre rendez-vous et confiez-nous vos soucis!\",\"breadcrumb\":{\"@id\":\"https:\/\/lekdetectiecentrale.be\/fr\/contact#breadcrumb\"},\"inLanguage\":\"fr-BE\",\"potentialAction\":[{\"@type\":\"ReadAction\",\"target\":[\"https:\/\/lekdetectiecentrale.be\/fr\/contact\"]}]},{\"@type\":\"BreadcrumbList\",\"@id\":\"https:\/\/lekdetectiecentrale.be\/fr\/contact#breadcrumb\",\"itemListElement\":[{\"@type\":\"ListItem\",\"position\":1,\"name\":\"Home\",\"item\":\"https:\/\/lekdetectiecentrale.be\/fr\/\"},{\"@type\":\"ListItem\",\"position\":2,\"name\":\"Contact\"}]},{\"@type\":\"WebSite\",\"@id\":\"https:\/\/lekdetectiecentrale.be\/fr\/#website\",\"url\":\"https:\/\/lekdetectiecentrale.be\/fr\/\",\"name\":\"LCS D\u00e9tection des fuites\",\"description\":\"Le sp\u00e9cialiste en d\u00e9tection des fuites\",\"publisher\":{\"@id\":\"https:\/\/lekdetectiecentrale.be\/fr\/#organization\"},\"potentialAction\":[{\"@type\":\"SearchAction\",\"target\":{\"@type\":\"EntryPoint\",\"urlTemplate\":\"https:\/\/lekdetectiecentrale.be\/fr\/?s={search_term_string}\"},\"query-input\":{\"@type\":\"PropertyValueSpecification\",\"valueRequired\":true,\"valueName\":\"search_term_string\"}}],\"inLanguage\":\"fr-BE\"},{\"@type\":\"Organization\",\"@id\":\"https:\/\/lekdetectiecentrale.be\/fr\/#organization\",\"name\":\"LCS D\u00e9tection des fuites\",\"url\":\"https:\/\/lekdetectiecentrale.be\/fr\/\",\"logo\":{\"@type\":\"ImageObject\",\"inLanguage\":\"fr-BE\",\"@id\":\"https:\/\/lekdetectiecentrale.be\/fr\/#\/schema\/logo\/image\/\",\"url\":\"https:\/\/lekdetectiecentrale.be\/fr\/wp-content\/uploads\/2017\/09\/lcs-detection-des-fuites.png\",\"contentUrl\":\"https:\/\/lekdetectiecentrale.be\/fr\/wp-content\/uploads\/2017\/09\/lcs-detection-des-fuites.png\",\"width\":250,\"height\":142,\"caption\":\"LCS D\u00e9tection des fuites\"},\"image\":{\"@id\":\"https:\/\/lekdetectiecentrale.be\/fr\/#\/schema\/logo\/image\/\"}}]}<\/script>\n<!-- \/ Yoast SEO plugin. -->","yoast_head_json":{"title":"Contact - LCS D\u00e9tection des fuites","description":"Vous recherchez le meilleur service de d\u00e9tection de fuites dans votre r\u00e9gion ? Alors cette page est faite pour vous. Appelez-nous d\u00e8s maintenant pour prendre rendez-vous et confiez-nous vos soucis!","robots":{"index":"index","follow":"follow","max-snippet":"max-snippet:-1","max-image-preview":"max-image-preview:large","max-video-preview":"max-video-preview:-1"},"canonical":"https:\/\/lekdetectiecentrale.be\/fr\/contact","og_locale":"fr_FR","og_type":"article","og_title":"Contact - LCS D\u00e9tection des fuites","og_description":"Vous recherchez le meilleur service de d\u00e9tection de fuites dans votre r\u00e9gion ? Alors cette page est faite pour vous. Appelez-nous d\u00e8s maintenant pour prendre rendez-vous et confiez-nous vos soucis!","og_url":"https:\/\/lekdetectiecentrale.be\/fr\/contact","og_site_name":"LCS D\u00e9tection des fuites","article_modified_time":"2026-02-05T10:59:46+00:00","twitter_card":"summary_large_image","twitter_misc":{"Dur\u00e9e de lecture est.":"2 minutes"},"schema":{"@context":"https:\/\/schema.org","@graph":[{"@type":"WebPage","@id":"https:\/\/lekdetectiecentrale.be\/fr\/contact","url":"https:\/\/lekdetectiecentrale.be\/fr\/contact","name":"Contact - LCS D\u00e9tection des fuites","isPartOf":{"@id":"https:\/\/lekdetectiecentrale.be\/fr\/#website"},"datePublished":"2017-01-12T11:05:50+00:00","dateModified":"2026-02-05T10:59:46+00:00","description":"Vous recherchez le meilleur service de d\u00e9tection de fuites dans votre r\u00e9gion ? Alors cette page est faite pour vous. Appelez-nous d\u00e8s maintenant pour prendre rendez-vous et confiez-nous vos soucis!","breadcrumb":{"@id":"https:\/\/lekdetectiecentrale.be\/fr\/contact#breadcrumb"},"inLanguage":"fr-BE","potentialAction":[{"@type":"ReadAction","target":["https:\/\/lekdetectiecentrale.be\/fr\/contact"]}]},{"@type":"BreadcrumbList","@id":"https:\/\/lekdetectiecentrale.be\/fr\/contact#breadcrumb","itemListElement":[{"@type":"ListItem","position":1,"name":"Home","item":"https:\/\/lekdetectiecentrale.be\/fr\/"},{"@type":"ListItem","position":2,"name":"Contact"}]},{"@type":"WebSite","@id":"https:\/\/lekdetectiecentrale.be\/fr\/#website","url":"https:\/\/lekdetectiecentrale.be\/fr\/","name":"LCS D\u00e9tection des fuites","description":"Le sp\u00e9cialiste en d\u00e9tection des fuites","publisher":{"@id":"https:\/\/lekdetectiecentrale.be\/fr\/#organization"},"potentialAction":[{"@type":"SearchAction","target":{"@type":"EntryPoint","urlTemplate":"https:\/\/lekdetectiecentrale.be\/fr\/?s={search_term_string}"},"query-input":{"@type":"PropertyValueSpecification","valueRequired":true,"valueName":"search_term_string"}}],"inLanguage":"fr-BE"},{"@type":"Organization","@id":"https:\/\/lekdetectiecentrale.be\/fr\/#organization","name":"LCS D\u00e9tection des fuites","url":"https:\/\/lekdetectiecentrale.be\/fr\/","logo":{"@type":"ImageObject","inLanguage":"fr-BE","@id":"https:\/\/lekdetectiecentrale.be\/fr\/#\/schema\/logo\/image\/","url":"https:\/\/lekdetectiecentrale.be\/fr\/wp-content\/uploads\/2017\/09\/lcs-detection-des-fuites.png","contentUrl":"https:\/\/lekdetectiecentrale.be\/fr\/wp-content\/uploads\/2017\/09\/lcs-detection-des-fuites.png","width":250,"height":142,"caption":"LCS D\u00e9tection des fuites"},"image":{"@id":"https:\/\/lekdetectiecentrale.be\/fr\/#\/schema\/logo\/image\/"}}]}},"_links":{"self":[{"href":"https:\/\/lekdetectiecentrale.be\/fr\/wp-json\/wp\/v2\/pages\/22","targetHints":{"allow":["GET"]}}],"collection":[{"href":"https:\/\/lekdetectiecentrale.be\/fr\/wp-json\/wp\/v2\/pages"}],"about":[{"href":"https:\/\/lekdetectiecentrale.be\/fr\/wp-json\/wp\/v2\/types\/page"}],"author":[{"embeddable":true,"href":"https:\/\/lekdetectiecentrale.be\/fr\/wp-json\/wp\/v2\/users\/1"}],"replies":[{"embeddable":true,"href":"https:\/\/lekdetectiecentrale.be\/fr\/wp-json\/wp\/v2\/comments?post=22"}],"version-history":[{"count":33,"href":"https:\/\/lekdetectiecentrale.be\/fr\/wp-json\/wp\/v2\/pages\/22\/revisions"}],"predecessor-version":[{"id":1049,"href":"https:\/\/lekdetectiecentrale.be\/fr\/wp-json\/wp\/v2\/pages\/22\/revisions\/1049"}],"wp:attachment":[{"href":"https:\/\/lekdetectiecentrale.be\/fr\/wp-json\/wp\/v2\/media?parent=22"}],"curies":[{"name":"wp","href":"https:\/\/api.w.org\/{rel}","templated":true}]}}