{"id":197,"date":"2017-01-25T09:49:36","date_gmt":"2017-01-25T08:49:36","guid":{"rendered":"http:\/\/lekdetectiecentrale.be\/fr\/?page_id=197"},"modified":"2026-03-16T10:31:54","modified_gmt":"2026-03-16T09:31:54","slug":"camera-thermique","status":"publish","type":"page","link":"https:\/\/lekdetectiecentrale.be\/fr\/camera-thermique","title":{"rendered":"Cam\u00e9ra thermique"},"content":{"rendered":"[mk_page_section bg_color=\u00a0\u00bb#005094&Prime; bg_stretch=\u00a0\u00bbtrue\u00a0\u00bb min_height=\u00a0\u00bb20&Prime; padding_top=\u00a0\u00bb0&Prime; padding_bottom=\u00a0\u00bb0&Prime; sidebar=\u00a0\u00bbsidebar-1&Prime;][vc_column][vc_row_inner css=\u00a0\u00bb.vc_custom_1485252305388{padding-top: 20px !important;background-color: #005094 !important;}\u00a0\u00bb][vc_column_inner width=\u00a0\u00bb1\/3&Prime;][mk_icon_box icon=\u00a0\u00bbmk-moon-home\u00a0\u00bb title=\u00a0\u00bbD\u00e9tection sans d\u00e9molition\u00a0\u00bb text_size=\u00a0\u00bb20&Prime; icon_size=\u00a0\u00bblarge\u00a0\u00bb icon_color=\u00a0\u00bb#2bb0e0&Prime; icon_circle_color=\u00a0\u00bb\u00a0\u00bb title_color=\u00a0\u00bb#ffffff\u00a0\u00bb margin=\u00a0\u00bb0&Prime;][\/mk_icon_box][\/vc_column_inner][vc_column_inner width=\u00a0\u00bb1\/3&Prime;][mk_icon_box icon=\u00a0\u00bbmk-moon-credit\u00a0\u00bb title=\u00a0\u00bbAucun frais inutile\u00a0\u00bb text_size=\u00a0\u00bb20&Prime; icon_size=\u00a0\u00bblarge\u00a0\u00bb icon_color=\u00a0\u00bb#2bb0e0&Prime; icon_circle_color=\u00a0\u00bb\u00a0\u00bb title_color=\u00a0\u00bb#ffffff\u00a0\u00bb margin=\u00a0\u00bb0&Prime;][\/mk_icon_box][\/vc_column_inner][vc_column_inner width=\u00a0\u00bb1\/3&Prime;][mk_icon_box icon=\u00a0\u00bbmk-moon-file-check-2&Prime; title=\u00a0\u00bbCo\u00fbt de la d\u00e9tection de fuite souvent pris en charge par les assurances\u00a0\u00bb text_size=\u00a0\u00bb20&Prime; icon_size=\u00a0\u00bblarge\u00a0\u00bb icon_color=\u00a0\u00bb#2bb0e0&Prime; icon_circle_color=\u00a0\u00bb\u00a0\u00bb title_color=\u00a0\u00bb#ffffff\u00a0\u00bb margin=\u00a0\u00bb0&Prime;][\/mk_icon_box][\/vc_column_inner][\/vc_row_inner][\/vc_column][\/mk_page_section][mk_page_section bg_image=\u00a0\u00bbhttp:\/\/lekdetectiecentrale.be\/fr\/wp-content\/uploads\/2017\/01\/moersleutel-compri2.jpg\u00a0\u00bb bg_position=\u00a0\u00bbcenter center\u00a0\u00bb bg_repeat=\u00a0\u00bbno-repeat\u00a0\u00bb bg_stretch=\u00a0\u00bbtrue\u00a0\u00bb speed_factor=\u00a0\u00bb3&Prime; video_loop=\u00a0\u00bbfalse\u00a0\u00bb video_mask=\u00a0\u00bbtrue\u00a0\u00bb video_color_mask=\u00a0\u00bb#83cee4&Prime; video_opacity=\u00a0\u00bb0.1&Prime; padding_top=\u00a0\u00bb0&Prime; sidebar=\u00a0\u00bbsidebar-1&Prime;][vc_column][vc_row_inner][vc_column_inner width=\u00a0\u00bb2\/3&Prime;][mk_padding_divider size=\u00a0\u00bb20&Prime;][mk_padding_divider size=\u00a0\u00bb80&Prime; visibility=\u00a0\u00bbhidden-sm\u00a0\u00bb][mk_fancy_title tag_name=\u00a0\u00bbh1&Prime; color=\u00a0\u00bb#ffffff\u00a0\u00bb size=\u00a0\u00bb42&Prime; force_font_size=\u00a0\u00bbtrue\u00a0\u00bb size_tablet=\u00a0\u00bb28&Prime; size_phone=\u00a0\u00bb24&Prime; font_weight=\u00a0\u00bbbold\u00a0\u00bb txt_transform=\u00a0\u00bbuppercase\u00a0\u00bb margin_bottom=\u00a0\u00bb0&Prime; font_family=\u00a0\u00bbnone\u00a0\u00bb]Cam\u00e9ra thermique[\/mk_fancy_title][mk_fancy_title tag_name=\u00a0\u00bbspan\u00a0\u00bb color=\u00a0\u00bb#ffffff\u00a0\u00bb size=\u00a0\u00bb18&Prime; font_family=\u00a0\u00bbnone\u00a0\u00bb]Visualisation de la fuite et localisation pr\u00e9cise gr\u00e2ce aux rayonnements infrarouges.<br \/>\nAucun travail de d\u00e9molition n\u00e9cessaire ![\/mk_fancy_title][mk_button dimension=\u00a0\u00bbflat\u00a0\u00bb size=\u00a0\u00bblarge\u00a0\u00bb icon=\u00a0\u00bbmk-icon-phone\u00a0\u00bb url=\u00a0\u00bb\/fr\/contact\u00a0\u00bb animation=\u00a0\u00bbbottom-to-top\u00a0\u00bb bg_color=\u00a0\u00bb#005094&Prime; btn_hover_bg=\u00a0\u00bb#80cce3&Prime;]Prenez rendez-vous![\/mk_button][mk_padding_divider size=\u00a0\u00bb80&Prime; visibility=\u00a0\u00bbhidden-sm\u00a0\u00bb][mk_padding_divider size=\u00a0\u00bb20&Prime;][\/vc_column_inner][vc_column_inner width=\u00a0\u00bb1\/3&Prime;][mk_padding_divider size=\u00a0\u00bb130&Prime; visibility=\u00a0\u00bbhidden-sm\u00a0\u00bb][mk_custom_list style=\u00a0\u00bbmk-moon-checkmark-3&Prime; icon_color=\u00a0\u00bb#2bb0e0&Prime; animation=\u00a0\u00bbfade-in\u00a0\u00bb]\n<ul>\n<li><span style=\"color: #ffffff; font-size: 20px;\">D\u00e9tection de fuite professionel<\/span><\/li>\n<li><span style=\"color: #ffffff; font-size: 20px;\">Pas de d\u00e9molition inutile<\/span><\/li>\n<li><span style=\"color: #ffffff; font-size: 20px;\">Transparence des prix<\/span><\/li>\n<li><span style=\"color: #ffffff; font-size: 20px;\">Clart\u00e9 des devis et des rapports<\/span><\/li>\n<li><span style=\"color: #ffffff; font-size: 20px;\">Co\u00fbt des travaux est g\u00e9n\u00e9ralement couvert par les assurances<\/span><\/li>\n<li><span style=\"color: #ffffff; font-size: 20px;\">Disponible le jour\u00a0m\u00eame<\/span><\/li>\n<\/ul>\n[\/mk_custom_list][\/vc_column_inner][\/vc_row_inner][\/vc_column][\/mk_page_section][mk_page_section padding_top=\u00a0\u00bb50&Prime; padding_bottom=\u00a0\u00bb40&Prime; sidebar=\u00a0\u00bbsidebar-1&Prime;][vc_column width=\u00a0\u00bb2\/3&Prime;][vc_column_text]\n<h2>D\u00e9tection des fuites au niveau des drains gr\u00e2ce \u00e0 la thermographie infrarouge<\/h2>\n<p>Une fuite d\u2019eau peut causer des d\u00e9g\u00e2ts importants et parfois irr\u00e9versibles dans votre maison, par exemple des traces de moisissure ou d\u2019humidit\u00e9 sur les murs ou au plafond. Afin d\u2019\u00e9viter que la situation n\u2019empire, nous d\u00e9tectons l\u2019origine des fuites \u00e0 votre place. Lorsque la fuite de drain est constat\u00e9e, nos sp\u00e9cialistes utilisent une <strong>cam\u00e9ra thermique<\/strong> afin de localiser l\u2019emplacement exact de la fuite. Cette technique est tr\u00e8s pr\u00e9cise et \u00e9vite de r\u00e9aliser des travaux de d\u00e9molition dans votre maison. Apr\u00e8s la d\u00e9tection, vous n\u2019aurez plus qu\u2019\u00e0 faire appel \u00e0 un professionnel pour r\u00e9parer la fuite sans avoir \u00e0 attendre plusieurs jours parmi les d\u00e9combres.<\/p>\n<h2>Comment d\u00e9tecter les fuites avec une cam\u00e9ra thermique ?<\/h2>\n<p>En cas de fuite au niveau d\u2019un drain, l\u2019eau qui se trouve \u00e0 l\u2019ext\u00e9rieur refroidit et sa temp\u00e9rature est inf\u00e9rieure \u00e0 celle de l\u2019eau situ\u00e9e \u00e0 l\u2019int\u00e9rieur du conduit. Ce type de fuite peut \u00eatre observ\u00e9 dans la douche ou sous votre \u00e9vier. La cam\u00e9ra thermique enregistre les rayonnements infrarouges \u00e9mis par les sources de chaleur. Elle mesure les variations de temp\u00e9ratures et permet de les visualiser. Dans le cas des fuites d\u2019eau, elle permet de localiser l\u2019\u00e9cart de temp\u00e9rature entre l\u2019eau chaude et l\u2019eau refroidie. Autrement dit, de retrouver l\u2019origine de la fuite. La thermographie infrarouge est une technique fiable et pr\u00e9cise qui offre la possibilit\u00e9 de d\u00e9tecter une fuite sans occasionner de d\u00e9g\u00e2ts dans votre maison.<\/p>\n<h2>Rapport de d\u00e9tection des fuites<\/h2>\n<p>Apr\u00e8s avoir d\u00e9tect\u00e9 une fuite \u00e0 l\u2019aide d\u2019une cam\u00e9ra thermique, nous r\u00e9digeons un rapport que nous vous transmettons. Il contient des informations pr\u00e9cieuses sur la fuite ainsi que des photographies lorsque l\u2019emplacement de la fuite le permet. Ce document est tr\u00e8s utile aux plombiers et aux chauffagistes car il leur \u00e9vite de rechercher l\u2019origine de la fuite. En outre, il leur permet de proposer une solution efficace sur mesure. Sachez que vous pouvez \u00e9galement r\u00e9clamer les dommages produits par la fuite \u00e0 votre assureur en lui pr\u00e9sentant notre rapport, car les assurances couvrent g\u00e9n\u00e9ralement les frais associ\u00e9s \u00e0 la <a href=\"http:\/\/lekdetectiecentrale.be\/fr\/\">d\u00e9tection des fuites<\/a>.[\/vc_column_text][mk_padding_divider size=\u00a0\u00bb30&Prime;][mk_blockquote font_family=\u00a0\u00bbnone\u00a0\u00bb animation=\u00a0\u00bbflip-x\u00a0\u00bb el_class=\u00a0\u00bbblockquote\u00a0\u00bb]Pr\u00e9vention des d\u00e9g\u00e2ts des eaux : n\u2019attendez pas trop longtemps pour r\u00e9parer la fuite ! Par ailleurs, votre assurance couvre probablement la d\u00e9tection.[\/mk_blockquote][\/vc_column][vc_column width=\u00a0\u00bb1\/3&Prime;][mk_padding_divider size=\u00a0\u00bb10&Prime;][mk_fancy_title tag_name=\u00a0\u00bbspan\u00a0\u00bb color=\u00a0\u00bb#000000&Prime; size=\u00a0\u00bb36&Prime; font_weight=\u00a0\u00bbbold\u00a0\u00bb txt_transform=\u00a0\u00bbuppercase\u00a0\u00bb margin_bottom=\u00a0\u00bb0&Prime; font_family=\u00a0\u00bbnone\u00a0\u00bb]Nos services[\/mk_fancy_title][mk_fancy_title tag_name=\u00a0\u00bbspan\u00a0\u00bb color=\u00a0\u00bb#000000&Prime; size=\u00a0\u00bb18&Prime; font_family=\u00a0\u00bbnone\u00a0\u00bb]LCS D\u00e9tection des fuites intervient dans toute la Belgique. Nous sommes pr\u00e9sents par exemple dans les villes indiqu\u00e9es ci-dessous.[\/mk_fancy_title][vc_row_inner][vc_column_inner width=\u00a0\u00bb1\/2&Prime;][vc_column_text]<a href=\"\/fr\/detection-de-fuite-anderlecht\">Anderlecht<\/a><br \/>\n<a href=\"https:\/\/lekdetectiecentrale.be\/fr\/detection-de-fuite-ath\">Ath<\/a><br \/>\n<a href=\"https:\/\/lekdetectiecentrale.be\/fr\/detection-de-fuite-binche\">Binche<\/a><br \/>\n<a href=\"\/fr\/detection-de-fuite-braine-lalleud\">Braine-l&rsquo;Alleud<\/a><br \/>\n<a href=\"\/fr\/detection-de-fuite-bruxelles\">Bruxelles<\/a><br \/>\n<a href=\"https:\/\/lekdetectiecentrale.be\/fr\/detection-de-fuite-charleroi\">Charleroi<\/a><br \/>\n<a href=\"https:\/\/lekdetectiecentrale.be\/fr\/detection-de-fuite-chatelet\">Ch\u00e2telet<\/a><br \/>\n<a href=\"https:\/\/lekdetectiecentrale.be\/fr\/detection-de-fuite-courcelles\">Courcelles<\/a><br \/>\n<a href=\"https:\/\/lekdetectiecentrale.be\/fr\/detection-de-fuite-hannut\">Hannut<\/a><br \/>\n<a href=\"\/fr\/detection-de-fuite-ixelles\">Ixelles<\/a>[\/vc_column_text][\/vc_column_inner][vc_column_inner width=\u00a0\u00bb1\/2&Prime;][vc_column_text]<a href=\"https:\/\/lekdetectiecentrale.be\/fr\/detection-de-fuite-la-louviere\">La Louvi\u00e8re<\/a><br \/>\n<a href=\"https:\/\/lekdetectiecentrale.be\/fr\/detection-de-fuite-mons\">Mons<\/a><br \/>\n<a href=\"https:\/\/lekdetectiecentrale.be\/fr\/detection-de-fuite-namur\">Namur<\/a><br \/>\n<a href=\"\/fr\/detection-de-fuite-nivelles\">Nivelles<\/a><br \/>\n<a href=\"\/fr\/detection-de-fuite-schaerbeek\">Schaerbeek<\/a><br \/>\n<a href=\"https:\/\/lekdetectiecentrale.be\/fr\/detection-de-fuite-tournai\">Tournai<\/a><br \/>\n<a href=\"\/fr\/detection-de-fuite-uccle\">Uccle<\/a><br \/>\n<a href=\"https:\/\/lekdetectiecentrale.be\/fr\/detection-de-fuite-waremme\">Waremme<\/a><br \/>\n<a href=\"https:\/\/lekdetectiecentrale.be\/fr\/detection-de-fuite-waterloo\">Waterloo<\/a><br \/>\n<a href=\"\/fr\/detection-de-fuite-wavre\">Wavre<\/a>[\/vc_column_text][\/vc_column_inner][\/vc_row_inner][mk_padding_divider size=\u00a0\u00bb20&Prime;][vc_row_inner][vc_column_inner][mk_fancy_title tag_name=\u00a0\u00bbspan\u00a0\u00bb size=\u00a0\u00bb20&Prime; margin_bottom=\u00a0\u00bb0&Prime; font_family=\u00a0\u00bbnone\u00a0\u00bb align=\u00a0\u00bbcenter\u00a0\u00bb]Prenez rendez-vous ![\/mk_fancy_title][mk_padding_divider size=\u00a0\u00bb20&Prime;][\/vc_column_inner][\/vc_row_inner][vc_row_inner][vc_column_inner width=\u00a0\u00bb1\/2&Prime;][vc_column_text]\n<p style=\"text-align: center; margin-bottom: 10px;\">REGION ATH<\/p>\n<p style=\"text-align: center; margin-bottom: 20px;\"><span style=\"color: #005094;\"><a style=\"color: #005094; font-size: 24px;\" href=\"tel:068480396\">068 48 03 96<\/a><\/span><\/p>\n<p style=\"text-align: center; margin-bottom: 10px;\">REGION BRUXELLES<\/p>\n<p style=\"text-align: center; margin-bottom: 20px;\"><span style=\"color: #005094;\"><a style=\"color: #005094; font-size: 24px;\" href=\"tel:010280256\">010 28 02 56<\/a><\/span><\/p>\n<p style=\"text-align: center; margin-bottom: 10px;\">REGION CHARLEROI<\/p>\n<p style=\"text-align: center; margin-bottom: 20px;\"><span style=\"color: #005094;\"><a style=\"color: #005094; font-size: 24px;\" href=\"tel:071962914\">071 96 29 14<\/a><\/span><\/p>\n<p style=\"text-align: center; margin-bottom: 10px;\">REGION LA LOUVI\u00c8RE<\/p>\n<p style=\"text-align: center; margin-bottom: 20px;\"><span style=\"color: #005094;\"><a style=\"color: #005094; font-size: 24px;\" href=\"tel:064680103\">064 68 01 03<\/a><\/span><\/p>\n[\/vc_column_text][\/vc_column_inner][vc_column_inner width=\u00a0\u00bb1\/2&Prime;][vc_column_text]\n<p style=\"text-align: center; margin-bottom: 10px;\">REGION MONS<\/p>\n<p style=\"text-align: center; margin-bottom: 20px;\"><span style=\"color: #005094;\"><a style=\"color: #005094; font-size: 24px;\" href=\"tel:065680114\">065 68 01 14<\/a><\/span><\/p>\n<p style=\"text-align: center; margin-bottom: 10px;\">REGION NAMUR<\/p>\n<p style=\"text-align: center; margin-bottom: 20px;\"><span style=\"color: #005094;\"><a style=\"color: #005094; font-size: 24px;\" href=\"tel:081280204\">081 28 02 04<\/a><\/span><\/p>\n<p style=\"text-align: center; margin-bottom: 10px;\">REGION TOURNAI<\/p>\n<p style=\"text-align: center; margin-bottom: 20px;\"><span style=\"color: #005094;\"><a style=\"color: #005094; font-size: 24px;\" href=\"tel:069480103\">069 48 01 03<\/a><\/span><\/p>\n<p style=\"text-align: center; margin-bottom: 10px;\">REGION WAREMME<\/p>\n<p style=\"text-align: center; margin-bottom: 20px;\"><span style=\"color: #005094;\"><a style=\"color: #005094; font-size: 24px;\" href=\"tel:019480387\">019 48 03 87<\/a><\/span><\/p>\n[\/vc_column_text][\/vc_column_inner][\/vc_row_inner][mk_padding_divider][mk_image src=\u00a0\u00bbhttp:\/\/lekdetectiecentrale.be\/fr\/wp-content\/uploads\/2017\/01\/thermografische-camera-crop-2.jpg\u00a0\u00bb image_size=\u00a0\u00bbmedium\u00a0\u00bb align=\u00a0\u00bbcenter\u00a0\u00bb][mk_padding_divider visibility=\u00a0\u00bbvisible-sm\u00a0\u00bb][\/vc_column][\/mk_page_section][mk_page_section margin_bottom=\u00a0\u00bb20&Prime; sidebar=\u00a0\u00bbsidebar-1&Prime;][vc_column width=\u00a0\u00bb1\/3&Prime;][vc_row_inner][vc_column_inner][mk_font_icons icon=\u00a0\u00bbmk-moon-droplet-4&Prime; color=\u00a0\u00bb#005094&Prime; size=\u00a0\u00bbmedium\u00a0\u00bb align=\u00a0\u00bbcenter\u00a0\u00bb][mk_fancy_title color=\u00a0\u00bb#000000&Prime; size=\u00a0\u00bb28&Prime; txt_transform=\u00a0\u00bbuppercase\u00a0\u00bb margin_bottom=\u00a0\u00bb0&Prime; font_family=\u00a0\u00bbnone\u00a0\u00bb align=\u00a0\u00bbcenter\u00a0\u00bb]1.\u00a0Fuites[\/mk_fancy_title][vc_column_text align=\u00a0\u00bbcenter\u00a0\u00bb]Vous avez constat\u00e9 une fuite, mais vous ignorez d\u2019o\u00f9 elle provient. Naturellement, cela est ennuyeux, d\u2019autant plus que la fuite a provoqu\u00e9 des d\u00e9g\u00e2ts consid\u00e9rables et qu\u2019une intervention sans d\u00e9molition semble impossible.[\/vc_column_text][\/vc_column_inner][\/vc_row_inner][\/vc_column][vc_column width=\u00a0\u00bb1\/3&Prime;][vc_row_inner][vc_column_inner][mk_font_icons icon=\u00a0\u00bbmk-moon-search-5&Prime; color=\u00a0\u00bb#005094&Prime; size=\u00a0\u00bbmedium\u00a0\u00bb align=\u00a0\u00bbcenter\u00a0\u00bb][mk_fancy_title color=\u00a0\u00bb#000000&Prime; size=\u00a0\u00bb28&Prime; txt_transform=\u00a0\u00bbuppercase\u00a0\u00bb margin_bottom=\u00a0\u00bb0&Prime; font_family=\u00a0\u00bbnone\u00a0\u00bb align=\u00a0\u00bbcenter\u00a0\u00bb]2.\u00a0D\u00e9tection des fuites[\/mk_fancy_title][vc_column_text align=\u00a0\u00bbcenter\u00a0\u00bb]Gr\u00e2ce \u00e0 nos \u00e9quipements ultramodernes, nous d\u00e9tectons les fuites sans rien casser. L\u2019emplacement de la fuite est localis\u00e9 rapidement et avec pr\u00e9cision. De plus, nos appareils d\u00e9tectent \u00e9galement les fuites de chaleur.[\/vc_column_text][\/vc_column_inner][\/vc_row_inner][\/vc_column][vc_column width=\u00a0\u00bb1\/3&Prime;][vc_row_inner][vc_column_inner][mk_font_icons icon=\u00a0\u00bbmk-moon-certificate\u00a0\u00bb color=\u00a0\u00bb#005094&Prime; size=\u00a0\u00bbmedium\u00a0\u00bb align=\u00a0\u00bbcenter\u00a0\u00bb][mk_fancy_title color=\u00a0\u00bb#000000&Prime; size=\u00a0\u00bb28&Prime; txt_transform=\u00a0\u00bbuppercase\u00a0\u00bb margin_bottom=\u00a0\u00bb0&Prime; font_family=\u00a0\u00bbnone\u00a0\u00bb align=\u00a0\u00bbcenter\u00a0\u00bb]3. Rapport[\/mk_fancy_title][vc_column_text align=\u00a0\u00bbcenter\u00a0\u00bb]Nos rapports indiquent clairement l\u2019emplacement et la nature de la fuite afin que le plombier ou chauffagiste sache exactement o\u00f9 intervenir. Ils constituent \u00e9galement un \u00e9l\u00e9ment d\u2019information important pour les assureurs.[\/vc_column_text][\/vc_column_inner][\/vc_row_inner][\/vc_column][\/mk_page_section]\n","protected":false},"excerpt":{"rendered":"<p>[mk_page_section bg_color=\u00a0\u00bb#005094&Prime; bg_stretch=\u00a0\u00bbtrue\u00a0\u00bb min_height=\u00a0\u00bb20&Prime; padding_top=\u00a0\u00bb0&Prime; padding_bottom=\u00a0\u00bb0&Prime; sidebar=\u00a0\u00bbsidebar-1&Prime;][vc_column][vc_row_inner css=\u00a0\u00bb.vc_custom_1485252305388{padding-top: 20px !important;background-color: #005094 !important;}\u00a0\u00bb][vc_column_inner width=\u00a0\u00bb1\/3&Prime;][mk_icon_box icon=\u00a0\u00bbmk-moon-home\u00a0\u00bb title=\u00a0\u00bbD\u00e9tection sans d\u00e9molition\u00a0\u00bb text_size=\u00a0\u00bb20&Prime; icon_size=\u00a0\u00bblarge\u00a0\u00bb icon_color=\u00a0\u00bb#2bb0e0&Prime; icon_circle_color=\u00a0\u00bb\u00a0\u00bb title_color=\u00a0\u00bb#ffffff\u00a0\u00bb margin=\u00a0\u00bb0&Prime;][\/mk_icon_box][\/vc_column_inner][vc_column_inner width=\u00a0\u00bb1\/3&Prime;][mk_icon_box icon=\u00a0\u00bbmk-moon-credit\u00a0\u00bb title=\u00a0\u00bbAucun frais inutile\u00a0\u00bb text_size=\u00a0\u00bb20&Prime; icon_size=\u00a0\u00bblarge\u00a0\u00bb icon_color=\u00a0\u00bb#2bb0e0&Prime; icon_circle_color=\u00a0\u00bb\u00a0\u00bb title_color=\u00a0\u00bb#ffffff\u00a0\u00bb margin=\u00a0\u00bb0&Prime;][\/mk_icon_box][\/vc_column_inner][vc_column_inner width=\u00a0\u00bb1\/3&Prime;][mk_icon_box icon=\u00a0\u00bbmk-moon-file-check-2&Prime; title=\u00a0\u00bbCo\u00fbt de la d\u00e9tection de fuite souvent pris en charge par les assurances\u00a0\u00bb text_size=\u00a0\u00bb20&Prime; icon_size=\u00a0\u00bblarge\u00a0\u00bb icon_color=\u00a0\u00bb#2bb0e0&Prime; icon_circle_color=\u00a0\u00bb\u00a0\u00bb title_color=\u00a0\u00bb#ffffff\u00a0\u00bb margin=\u00a0\u00bb0&Prime;][\/mk_icon_box][\/vc_column_inner][\/vc_row_inner][\/vc_column][\/mk_page_section][mk_page_section [&hellip;]<\/p>\n","protected":false},"author":1,"featured_media":0,"parent":0,"menu_order":0,"comment_status":"closed","ping_status":"closed","template":"","meta":{"_monsterinsights_skip_tracking":false,"_monsterinsights_sitenote_active":false,"_monsterinsights_sitenote_note":"","_monsterinsights_sitenote_category":0,"footnotes":""},"class_list":["post-197","page","type-page","status-publish","hentry"],"yoast_head":"<!-- This site is optimized with the Yoast SEO plugin v24.0 - https:\/\/yoast.com\/wordpress\/plugins\/seo\/ -->\n<title>Cam\u00e9ra thermique - LCS D\u00e9tection des fuites<\/title>\n<meta name=\"description\" content=\"La cam\u00e9ra thermique permet d\u2019identifier rapidement les fuites d\u2019eau cach\u00e9es gr\u00e2ce aux diff\u00e9rences de temp\u00e9rature.\" \/>\n<meta name=\"robots\" content=\"index, follow, max-snippet:-1, max-image-preview:large, max-video-preview:-1\" \/>\n<link rel=\"canonical\" href=\"https:\/\/lekdetectiecentrale.be\/fr\/camera-thermique\" \/>\n<meta property=\"og:locale\" content=\"fr_FR\" \/>\n<meta property=\"og:type\" content=\"article\" \/>\n<meta property=\"og:title\" content=\"Cam\u00e9ra thermique - LCS D\u00e9tection des fuites\" \/>\n<meta property=\"og:description\" content=\"La cam\u00e9ra thermique permet d\u2019identifier rapidement les fuites d\u2019eau cach\u00e9es gr\u00e2ce aux diff\u00e9rences de temp\u00e9rature.\" \/>\n<meta property=\"og:url\" content=\"https:\/\/lekdetectiecentrale.be\/fr\/camera-thermique\" \/>\n<meta property=\"og:site_name\" content=\"LCS D\u00e9tection des fuites\" \/>\n<meta property=\"article:modified_time\" content=\"2026-03-16T09:31:54+00:00\" \/>\n<meta name=\"twitter:card\" content=\"summary_large_image\" \/>\n<meta name=\"twitter:label1\" content=\"Dur\u00e9e de lecture est.\" \/>\n\t<meta name=\"twitter:data1\" content=\"5 minutes\" \/>\n<script type=\"application\/ld+json\" class=\"yoast-schema-graph\">{\"@context\":\"https:\/\/schema.org\",\"@graph\":[{\"@type\":\"WebPage\",\"@id\":\"https:\/\/lekdetectiecentrale.be\/fr\/camera-thermique\",\"url\":\"https:\/\/lekdetectiecentrale.be\/fr\/camera-thermique\",\"name\":\"Cam\u00e9ra thermique - LCS D\u00e9tection des fuites\",\"isPartOf\":{\"@id\":\"https:\/\/lekdetectiecentrale.be\/fr\/#website\"},\"datePublished\":\"2017-01-25T08:49:36+00:00\",\"dateModified\":\"2026-03-16T09:31:54+00:00\",\"description\":\"La cam\u00e9ra thermique permet d\u2019identifier rapidement les fuites d\u2019eau cach\u00e9es gr\u00e2ce aux diff\u00e9rences de temp\u00e9rature.\",\"breadcrumb\":{\"@id\":\"https:\/\/lekdetectiecentrale.be\/fr\/camera-thermique#breadcrumb\"},\"inLanguage\":\"fr-BE\",\"potentialAction\":[{\"@type\":\"ReadAction\",\"target\":[\"https:\/\/lekdetectiecentrale.be\/fr\/camera-thermique\"]}]},{\"@type\":\"BreadcrumbList\",\"@id\":\"https:\/\/lekdetectiecentrale.be\/fr\/camera-thermique#breadcrumb\",\"itemListElement\":[{\"@type\":\"ListItem\",\"position\":1,\"name\":\"Home\",\"item\":\"https:\/\/lekdetectiecentrale.be\/fr\/\"},{\"@type\":\"ListItem\",\"position\":2,\"name\":\"Cam\u00e9ra thermique\"}]},{\"@type\":\"WebSite\",\"@id\":\"https:\/\/lekdetectiecentrale.be\/fr\/#website\",\"url\":\"https:\/\/lekdetectiecentrale.be\/fr\/\",\"name\":\"LCS D\u00e9tection des fuites\",\"description\":\"Le sp\u00e9cialiste en d\u00e9tection des fuites\",\"publisher\":{\"@id\":\"https:\/\/lekdetectiecentrale.be\/fr\/#organization\"},\"potentialAction\":[{\"@type\":\"SearchAction\",\"target\":{\"@type\":\"EntryPoint\",\"urlTemplate\":\"https:\/\/lekdetectiecentrale.be\/fr\/?s={search_term_string}\"},\"query-input\":{\"@type\":\"PropertyValueSpecification\",\"valueRequired\":true,\"valueName\":\"search_term_string\"}}],\"inLanguage\":\"fr-BE\"},{\"@type\":\"Organization\",\"@id\":\"https:\/\/lekdetectiecentrale.be\/fr\/#organization\",\"name\":\"LCS D\u00e9tection des fuites\",\"url\":\"https:\/\/lekdetectiecentrale.be\/fr\/\",\"logo\":{\"@type\":\"ImageObject\",\"inLanguage\":\"fr-BE\",\"@id\":\"https:\/\/lekdetectiecentrale.be\/fr\/#\/schema\/logo\/image\/\",\"url\":\"https:\/\/lekdetectiecentrale.be\/fr\/wp-content\/uploads\/2017\/09\/lcs-detection-des-fuites.png\",\"contentUrl\":\"https:\/\/lekdetectiecentrale.be\/fr\/wp-content\/uploads\/2017\/09\/lcs-detection-des-fuites.png\",\"width\":250,\"height\":142,\"caption\":\"LCS D\u00e9tection des fuites\"},\"image\":{\"@id\":\"https:\/\/lekdetectiecentrale.be\/fr\/#\/schema\/logo\/image\/\"}}]}<\/script>\n<!-- \/ Yoast SEO plugin. -->","yoast_head_json":{"title":"Cam\u00e9ra thermique - LCS D\u00e9tection des fuites","description":"La cam\u00e9ra thermique permet d\u2019identifier rapidement les fuites d\u2019eau cach\u00e9es gr\u00e2ce aux diff\u00e9rences de temp\u00e9rature.","robots":{"index":"index","follow":"follow","max-snippet":"max-snippet:-1","max-image-preview":"max-image-preview:large","max-video-preview":"max-video-preview:-1"},"canonical":"https:\/\/lekdetectiecentrale.be\/fr\/camera-thermique","og_locale":"fr_FR","og_type":"article","og_title":"Cam\u00e9ra thermique - LCS D\u00e9tection des fuites","og_description":"La cam\u00e9ra thermique permet d\u2019identifier rapidement les fuites d\u2019eau cach\u00e9es gr\u00e2ce aux diff\u00e9rences de temp\u00e9rature.","og_url":"https:\/\/lekdetectiecentrale.be\/fr\/camera-thermique","og_site_name":"LCS D\u00e9tection des fuites","article_modified_time":"2026-03-16T09:31:54+00:00","twitter_card":"summary_large_image","twitter_misc":{"Dur\u00e9e de lecture est.":"5 minutes"},"schema":{"@context":"https:\/\/schema.org","@graph":[{"@type":"WebPage","@id":"https:\/\/lekdetectiecentrale.be\/fr\/camera-thermique","url":"https:\/\/lekdetectiecentrale.be\/fr\/camera-thermique","name":"Cam\u00e9ra thermique - LCS D\u00e9tection des fuites","isPartOf":{"@id":"https:\/\/lekdetectiecentrale.be\/fr\/#website"},"datePublished":"2017-01-25T08:49:36+00:00","dateModified":"2026-03-16T09:31:54+00:00","description":"La cam\u00e9ra thermique permet d\u2019identifier rapidement les fuites d\u2019eau cach\u00e9es gr\u00e2ce aux diff\u00e9rences de temp\u00e9rature.","breadcrumb":{"@id":"https:\/\/lekdetectiecentrale.be\/fr\/camera-thermique#breadcrumb"},"inLanguage":"fr-BE","potentialAction":[{"@type":"ReadAction","target":["https:\/\/lekdetectiecentrale.be\/fr\/camera-thermique"]}]},{"@type":"BreadcrumbList","@id":"https:\/\/lekdetectiecentrale.be\/fr\/camera-thermique#breadcrumb","itemListElement":[{"@type":"ListItem","position":1,"name":"Home","item":"https:\/\/lekdetectiecentrale.be\/fr\/"},{"@type":"ListItem","position":2,"name":"Cam\u00e9ra thermique"}]},{"@type":"WebSite","@id":"https:\/\/lekdetectiecentrale.be\/fr\/#website","url":"https:\/\/lekdetectiecentrale.be\/fr\/","name":"LCS D\u00e9tection des fuites","description":"Le sp\u00e9cialiste en d\u00e9tection des fuites","publisher":{"@id":"https:\/\/lekdetectiecentrale.be\/fr\/#organization"},"potentialAction":[{"@type":"SearchAction","target":{"@type":"EntryPoint","urlTemplate":"https:\/\/lekdetectiecentrale.be\/fr\/?s={search_term_string}"},"query-input":{"@type":"PropertyValueSpecification","valueRequired":true,"valueName":"search_term_string"}}],"inLanguage":"fr-BE"},{"@type":"Organization","@id":"https:\/\/lekdetectiecentrale.be\/fr\/#organization","name":"LCS D\u00e9tection des fuites","url":"https:\/\/lekdetectiecentrale.be\/fr\/","logo":{"@type":"ImageObject","inLanguage":"fr-BE","@id":"https:\/\/lekdetectiecentrale.be\/fr\/#\/schema\/logo\/image\/","url":"https:\/\/lekdetectiecentrale.be\/fr\/wp-content\/uploads\/2017\/09\/lcs-detection-des-fuites.png","contentUrl":"https:\/\/lekdetectiecentrale.be\/fr\/wp-content\/uploads\/2017\/09\/lcs-detection-des-fuites.png","width":250,"height":142,"caption":"LCS D\u00e9tection des fuites"},"image":{"@id":"https:\/\/lekdetectiecentrale.be\/fr\/#\/schema\/logo\/image\/"}}]}},"_links":{"self":[{"href":"https:\/\/lekdetectiecentrale.be\/fr\/wp-json\/wp\/v2\/pages\/197","targetHints":{"allow":["GET"]}}],"collection":[{"href":"https:\/\/lekdetectiecentrale.be\/fr\/wp-json\/wp\/v2\/pages"}],"about":[{"href":"https:\/\/lekdetectiecentrale.be\/fr\/wp-json\/wp\/v2\/types\/page"}],"author":[{"embeddable":true,"href":"https:\/\/lekdetectiecentrale.be\/fr\/wp-json\/wp\/v2\/users\/1"}],"replies":[{"embeddable":true,"href":"https:\/\/lekdetectiecentrale.be\/fr\/wp-json\/wp\/v2\/comments?post=197"}],"version-history":[{"count":24,"href":"https:\/\/lekdetectiecentrale.be\/fr\/wp-json\/wp\/v2\/pages\/197\/revisions"}],"predecessor-version":[{"id":976,"href":"https:\/\/lekdetectiecentrale.be\/fr\/wp-json\/wp\/v2\/pages\/197\/revisions\/976"}],"wp:attachment":[{"href":"https:\/\/lekdetectiecentrale.be\/fr\/wp-json\/wp\/v2\/media?parent=197"}],"curies":[{"name":"wp","href":"https:\/\/api.w.org\/{rel}","templated":true}]}}