{"id":146,"date":"2017-01-23T16:00:29","date_gmt":"2017-01-23T15:00:29","guid":{"rendered":"http:\/\/lekdetectiecentrale.be\/fr\/?page_id=146"},"modified":"2025-01-06T15:28:03","modified_gmt":"2025-01-06T14:28:03","slug":"detection-de-fuite-ixelles","status":"publish","type":"page","link":"https:\/\/lekdetectiecentrale.be\/fr\/detection-de-fuite-ixelles","title":{"rendered":"Ixelles"},"content":{"rendered":"[mk_page_section bg_color=\u00a0\u00bb#005094&Prime; bg_stretch=\u00a0\u00bbtrue\u00a0\u00bb min_height=\u00a0\u00bb20&Prime; padding_top=\u00a0\u00bb0&Prime; padding_bottom=\u00a0\u00bb0&Prime; sidebar=\u00a0\u00bbsidebar-1&Prime;][vc_column][vc_row_inner css=\u00a0\u00bb.vc_custom_1485252305388{padding-top: 20px !important;background-color: #005094 !important;}\u00a0\u00bb][vc_column_inner width=\u00a0\u00bb1\/3&Prime;][mk_icon_box icon=\u00a0\u00bbmk-moon-home\u00a0\u00bb title=\u00a0\u00bbD\u00e9tection sans d\u00e9molition\u00a0\u00bb text_size=\u00a0\u00bb20&Prime; icon_size=\u00a0\u00bblarge\u00a0\u00bb icon_color=\u00a0\u00bb#2bb0e0&Prime; icon_circle_color=\u00a0\u00bb\u00a0\u00bb title_color=\u00a0\u00bb#ffffff\u00a0\u00bb margin=\u00a0\u00bb0&Prime;][\/mk_icon_box][\/vc_column_inner][vc_column_inner width=\u00a0\u00bb1\/3&Prime;][mk_icon_box icon=\u00a0\u00bbmk-moon-credit\u00a0\u00bb title=\u00a0\u00bbAucun frais inutile\u00a0\u00bb text_size=\u00a0\u00bb20&Prime; icon_size=\u00a0\u00bblarge\u00a0\u00bb icon_color=\u00a0\u00bb#2bb0e0&Prime; icon_circle_color=\u00a0\u00bb\u00a0\u00bb title_color=\u00a0\u00bb#ffffff\u00a0\u00bb margin=\u00a0\u00bb0&Prime;][\/mk_icon_box][\/vc_column_inner][vc_column_inner width=\u00a0\u00bb1\/3&Prime;][mk_icon_box icon=\u00a0\u00bbmk-moon-file-check-2&Prime; title=\u00a0\u00bbCo\u00fbt de la d\u00e9tection de fuite souvent pris en charge par les assurances\u00a0\u00bb text_size=\u00a0\u00bb20&Prime; icon_size=\u00a0\u00bblarge\u00a0\u00bb icon_color=\u00a0\u00bb#2bb0e0&Prime; icon_circle_color=\u00a0\u00bb\u00a0\u00bb title_color=\u00a0\u00bb#ffffff\u00a0\u00bb margin=\u00a0\u00bb0&Prime;][\/mk_icon_box][\/vc_column_inner][\/vc_row_inner][\/vc_column][\/mk_page_section][mk_page_section bg_image=\u00a0\u00bbhttp:\/\/lekdetectiecentrale.be\/fr\/wp-content\/uploads\/2017\/01\/moersleutel-compri2.jpg\u00a0\u00bb bg_position=\u00a0\u00bbcenter center\u00a0\u00bb bg_repeat=\u00a0\u00bbno-repeat\u00a0\u00bb bg_stretch=\u00a0\u00bbtrue\u00a0\u00bb speed_factor=\u00a0\u00bb3&Prime; video_loop=\u00a0\u00bbfalse\u00a0\u00bb video_mask=\u00a0\u00bbtrue\u00a0\u00bb video_color_mask=\u00a0\u00bb#83cee4&Prime; video_opacity=\u00a0\u00bb0.1&Prime; sidebar=\u00a0\u00bbsidebar-1&Prime;][vc_column][vc_row_inner][vc_column_inner width=\u00a0\u00bb2\/3&Prime;][mk_padding_divider size=\u00a0\u00bb20&Prime;][mk_padding_divider size=\u00a0\u00bb80&Prime; visibility=\u00a0\u00bbhidden-sm\u00a0\u00bb][mk_fancy_title tag_name=\u00a0\u00bbh1&Prime; color=\u00a0\u00bb#ffffff\u00a0\u00bb size=\u00a0\u00bb36&Prime; force_font_size=\u00a0\u00bbtrue\u00a0\u00bb size_tablet=\u00a0\u00bb28&Prime; size_phone=\u00a0\u00bb32&Prime; font_weight=\u00a0\u00bbbold\u00a0\u00bb txt_transform=\u00a0\u00bbuppercase\u00a0\u00bb margin_bottom=\u00a0\u00bb0&Prime; font_family=\u00a0\u00bbnone\u00a0\u00bb]D\u00e9tection des fuites \u00e0 Ixelles &#8211;<br \/>\nLCS D\u00e9tection des fuites, un travail de professionnel ultrapr\u00e9cis[\/mk_fancy_title][mk_fancy_title tag_name=\u00a0\u00bbspan\u00a0\u00bb color=\u00a0\u00bb#ffffff\u00a0\u00bb size=\u00a0\u00bb18&Prime; font_family=\u00a0\u00bbnone\u00a0\u00bb]Nous utilisons des \u00e9quipements de pointe pour d\u00e9tecter les fuites sans avoir \u00e0 r\u00e9aliser<br \/>\ndes travaux de d\u00e9molition. Les frais engendr\u00e9s par la d\u00e9tection des fuites sont<br \/>\ng\u00e9n\u00e9ralement pris en charge par les compagnies d\u2019assurance ![\/mk_fancy_title][mk_button dimension=\u00a0\u00bbflat\u00a0\u00bb size=\u00a0\u00bblarge\u00a0\u00bb icon=\u00a0\u00bbmk-icon-phone\u00a0\u00bb url=\u00a0\u00bbtel:027930388&Prime; animation=\u00a0\u00bbbottom-to-top\u00a0\u00bb bg_color=\u00a0\u00bb#005094&Prime; btn_hover_bg=\u00a0\u00bb#80cce3&Prime;]02 793 03 88[\/mk_button][mk_padding_divider size=\u00a0\u00bb80&Prime; visibility=\u00a0\u00bbhidden-sm\u00a0\u00bb][mk_padding_divider size=\u00a0\u00bb20&Prime;][\/vc_column_inner][vc_column_inner width=\u00a0\u00bb1\/3&Prime;][mk_padding_divider size=\u00a0\u00bb150&Prime; visibility=\u00a0\u00bbhidden-sm\u00a0\u00bb][mk_custom_list style=\u00a0\u00bbmk-moon-checkmark-3&Prime; icon_color=\u00a0\u00bb#2bb0e0&Prime; animation=\u00a0\u00bbfade-in\u00a0\u00bb]\n<ul>\n<li><span style=\"color: #ffffff; font-size: 20px;\">D\u00e9tection de fuite professionel<\/span><\/li>\n<li><span style=\"color: #ffffff; font-size: 20px;\">Pas de d\u00e9molition inutile<\/span><\/li>\n<li><span style=\"color: #ffffff; font-size: 20px;\">Transparence des prix<\/span><\/li>\n<li><span style=\"color: #ffffff; font-size: 20px;\">Clart\u00e9 des devis et des rapports<\/span><\/li>\n<li><span style=\"color: #ffffff; font-size: 20px;\">Co\u00fbt des travaux est g\u00e9n\u00e9ralement couvert par les assurances<\/span><\/li>\n<li><span style=\"color: #ffffff; font-size: 20px;\">Disponible le jour\u00a0m\u00eame<\/span><\/li>\n<\/ul>\n[\/mk_custom_list][\/vc_column_inner][\/vc_row_inner][\/vc_column][\/mk_page_section][mk_page_section padding_top=\u00a0\u00bb40&Prime; sidebar=\u00a0\u00bbsidebar-1&Prime;][vc_column width=\u00a0\u00bb2\/3&Prime;][mk_fancy_title tag_name=\u00a0\u00bbspan\u00a0\u00bb color=\u00a0\u00bb#000000&Prime; size=\u00a0\u00bb24&Prime; margin_bottom=\u00a0\u00bb0&Prime; font_family=\u00a0\u00bbnone\u00a0\u00bb]LCS D\u00e9tection des fuites, mode d\u2019emploi[\/mk_fancy_title][vc_column_text]Vous craignez les fuites ? Pas de panique, LCS D\u00e9tection des fuites met \u00e0 sa disposition son expertise et ses \u00e9quipements innovants afin de d\u00e9tecter les fuites sans avoir \u00e0 d\u00e9molir vos murs. Nous d\u00e9tectons, analysons et capturons si possible des images des fuites. Toutes les informations collect\u00e9es sont ensuite inclues dans un rapport d\u00e9taill\u00e9.[\/vc_column_text][mk_fancy_title tag_name=\u00a0\u00bbspan\u00a0\u00bb color=\u00a0\u00bb#000000&Prime; size=\u00a0\u00bb24&Prime; margin_bottom=\u00a0\u00bb0&Prime; font_family=\u00a0\u00bbnone\u00a0\u00bb]Fuite d\u00e9tect\u00e9e ! Et maintenant ?[\/mk_fancy_title][vc_column_text]La fuite a enfin \u00e9t\u00e9 d\u00e9tect\u00e9e et indiqu\u00e9e dans notre rapport d\u00e9taill\u00e9. Et maintenant ? Le rapport comporte plusieurs informations relatives \u00e0 la fuite, afin que le plombier ou le chauffagiste connaisse sa nature et son emplacement. Nous vous recommandons de faire appel rapidement \u00e0 un professionnel qualifi\u00e9 afin de r\u00e9parer la fuite. Le rapport est ensuite transmis \u00e0 votre assureur. Le co\u00fbt de la d\u00e9tection de fuites est presque toujours couvert par les assurances.[\/vc_column_text][\/vc_column][vc_column width=\u00a0\u00bb1\/3&Prime;][mk_padding_divider][mk_image src=\u00a0\u00bbhttp:\/\/lekdetectiecentrale.be\/fr\/wp-content\/uploads\/2017\/01\/lekdetectie1-compri-crop-2.jpg\u00a0\u00bb image_size=\u00a0\u00bbmedium\u00a0\u00bb align=\u00a0\u00bbcenter\u00a0\u00bb][\/vc_column][\/mk_page_section][mk_page_section min_height=\u00a0\u00bb20&Prime; padding_bottom=\u00a0\u00bb20&Prime; sidebar=\u00a0\u00bbsidebar-1&Prime;][vc_column width=\u00a0\u00bb1\/6&Prime;][\/vc_column][vc_column width=\u00a0\u00bb4\/6&Prime;][mk_blockquote font_family=\u00a0\u00bbnone\u00a0\u00bb animation=\u00a0\u00bbflip-x\u00a0\u00bb el_class=\u00a0\u00bbblockquote\u00a0\u00bb]Pr\u00e9vention des d\u00e9g\u00e2ts des eaux : n\u2019attendez pas trop longtemps pour r\u00e9parer la fuite ! Par ailleurs, votre assurance couvre probablement la d\u00e9tection.[\/mk_blockquote][\/vc_column][vc_column width=\u00a0\u00bb1\/6&Prime;][\/vc_column][\/mk_page_section][mk_page_section bg_color=\u00a0\u00bb#005094&Prime; padding_top=\u00a0\u00bb40&Prime; padding_bottom=\u00a0\u00bb30&Prime; sidebar=\u00a0\u00bbsidebar-1&Prime;][vc_column width=\u00a0\u00bb1\/3&Prime;][vc_row_inner][vc_column_inner][mk_font_icons icon=\u00a0\u00bbmk-moon-droplet-4&Prime; color=\u00a0\u00bb#2bb0e0&Prime; size=\u00a0\u00bbmedium\u00a0\u00bb align=\u00a0\u00bbcenter\u00a0\u00bb][mk_fancy_title color=\u00a0\u00bb#ffffff\u00a0\u00bb size=\u00a0\u00bb28&Prime; txt_transform=\u00a0\u00bbuppercase\u00a0\u00bb margin_bottom=\u00a0\u00bb0&Prime; font_family=\u00a0\u00bbnone\u00a0\u00bb align=\u00a0\u00bbcenter\u00a0\u00bb]1.\u00a0Fuites[\/mk_fancy_title][vc_column_text align=\u00a0\u00bbcenter\u00a0\u00bb]<span style=\"color: #ffffff;\">Vous avez constat\u00e9 une fuite, mais vous ignorez d\u2019o\u00f9 elle provient. Naturellement, cela est ennuyeux, d\u2019autant plus que la fuite a provoqu\u00e9 des d\u00e9g\u00e2ts consid\u00e9rables et qu\u2019une intervention sans d\u00e9molition semble impossible.<\/span>[\/vc_column_text][\/vc_column_inner][\/vc_row_inner][\/vc_column][vc_column width=\u00a0\u00bb1\/3&Prime;][vc_row_inner][vc_column_inner][mk_font_icons icon=\u00a0\u00bbmk-moon-search-5&Prime; color=\u00a0\u00bb#2bb0e0&Prime; size=\u00a0\u00bbmedium\u00a0\u00bb align=\u00a0\u00bbcenter\u00a0\u00bb][mk_fancy_title color=\u00a0\u00bb#ffffff\u00a0\u00bb size=\u00a0\u00bb28&Prime; txt_transform=\u00a0\u00bbuppercase\u00a0\u00bb margin_bottom=\u00a0\u00bb0&Prime; font_family=\u00a0\u00bbnone\u00a0\u00bb align=\u00a0\u00bbcenter\u00a0\u00bb]2.\u00a0D\u00e9tection des fuites[\/mk_fancy_title][vc_column_text align=\u00a0\u00bbcenter\u00a0\u00bb]<span style=\"color: #ffffff;\">Gr\u00e2ce \u00e0 nos \u00e9quipements ultramodernes, nous d\u00e9tectons les fuites sans rien casser. L\u2019emplacement de la fuite est localis\u00e9 rapidement et avec pr\u00e9cision. De plus, nos appareils d\u00e9tectent \u00e9galement les fuites de chaleur.<\/span>[\/vc_column_text][\/vc_column_inner][\/vc_row_inner][\/vc_column][vc_column width=\u00a0\u00bb1\/3&Prime;][vc_row_inner][vc_column_inner][mk_font_icons icon=\u00a0\u00bbmk-moon-certificate\u00a0\u00bb color=\u00a0\u00bb#2bb0e0&Prime; size=\u00a0\u00bbmedium\u00a0\u00bb align=\u00a0\u00bbcenter\u00a0\u00bb][mk_fancy_title color=\u00a0\u00bb#ffffff\u00a0\u00bb size=\u00a0\u00bb28&Prime; txt_transform=\u00a0\u00bbuppercase\u00a0\u00bb margin_bottom=\u00a0\u00bb0&Prime; font_family=\u00a0\u00bbnone\u00a0\u00bb align=\u00a0\u00bbcenter\u00a0\u00bb]3. Rapport[\/mk_fancy_title][vc_column_text align=\u00a0\u00bbcenter\u00a0\u00bb]<span style=\"color: #ffffff;\">Nos rapports indiquent clairement l\u2019emplacement et la nature de la fuite afin que le plombier ou chauffagiste sache exactement o\u00f9 intervenir. Ils constituent \u00e9galement un \u00e9l\u00e9ment d\u2019information important pour les assureurs.<\/span>[\/vc_column_text][\/vc_column_inner][\/vc_row_inner][\/vc_column][\/mk_page_section][mk_page_section padding_top=\u00a0\u00bb50&Prime; padding_bottom=\u00a0\u00bb40&Prime; sidebar=\u00a0\u00bbsidebar-1&Prime;][vc_column width=\u00a0\u00bb2\/3&Prime;][vc_column_text]\n<h2>LCS D\u00e9tection des fuites, sp\u00e9cialiste de la d\u00e9tection des fuites \u00e0 Ixelles<\/h2>\n<p>Pour les propri\u00e9taires d\u2019une maison, d\u2019un appartement ou d\u2019un local, une fuite est un gros probl\u00e8me qui peut occasionner des dommages tr\u00e8s importants. Et pour cause, il est souvent n\u00e9cessaire de casser une partie des murs ou du plancher pour d\u00e9tecter une fuite. Sans parler des d\u00e9g\u00e2ts d\u2019une fuite d\u2019eau tels que les moisissures et les taches d\u2019humidit\u00e9, lorsque l\u2019eau s\u2019infiltre dans les murs ou dans les poutres de votre plafond. N\u2019attendez pas un tel sc\u00e9nario et faites appel \u00e0 LCS D\u00e9tection des fuites pour <strong>d\u00e9tecter vos fuites \u00e0 Ixelles<\/strong> ! Nous r\u00e9alisons des travaux d\u2019expertise dans les foyers et les entreprises pour d\u00e9tecter les fuites sans d\u00e9molition. Vous pouvez ainsi faire r\u00e9parer la fuite sans vivre plusieurs jours parmi les d\u00e9combres.<\/p>\n<h2>Techniques utilis\u00e9es pour la d\u00e9tection des fuites \u00e0 Ixelles<\/h2>\n<p>Nous utilisons deux diff\u00e9rentes techniques pour rep\u00e9rer les fuites \u00e0 Ixelles, la d\u00e9tection par ultrasons et la thermographie infrarouge. La premi\u00e8re est surtout employ\u00e9e en cas de fuite dans les conduits d\u2019eau froide, dans les maisons. La deuxi\u00e8me est adapt\u00e9e aux fuites dans les conduits d\u2019eau chaude. Bas\u00e9e sur la d\u00e9tection des rayonnements infrarouges, elle consiste \u00e0 enregistrer les variations de temp\u00e9ratures \u00e9mises par les corps \u00e0 l\u2019aide d\u2019une cam\u00e9ra thermique.<br \/>\nContactez-nous si vous souhaitez en savoir plus sur nos appareils qui garantissent une d\u00e9tection ultrapr\u00e9cise !<\/p>\n<h2>Rapport d\u00e9taille apr\u00e8s la d\u00e9tection de la fuite<\/h2>\n<p>Apr\u00e8s avoir d\u00e9tect\u00e9 une fuite \u00e0 Ixelles, nous r\u00e9digeons un rapport d\u00e9taill\u00e9 que nous vous remettons. Il contient des informations pr\u00e9cieuses avec, lorsque c\u2019est possible, des photos pour indiquer l\u2019endroit exact de la fuite. Ce rapport peut ensuite \u00eatre transmis au plombier ou au chauffagiste de votre choix. Il y trouvera toutes les informations dont il a besoin pour vous proposer une solution efficace afin de r\u00e9parer la fuite et pr\u00e9venir les r\u00e9cidives. Veillez \u00e0 bien vous informer avant de faire appel \u00e0 un professionnel. Nous vous recommandons de vous rendre sur <a href=\"http:\/\/www.livios.be\" target=\"_blank\" rel=\"noopener noreferrer\">www.livios.be<\/a>, un site d\u2019information d\u00e9di\u00e9 aux b\u00e2tisseurs et aux r\u00e9novateurs.[\/vc_column_text][\/vc_column][vc_column width=\u00a0\u00bb1\/3&Prime;][mk_padding_divider size=\u00a0\u00bb10&Prime;][mk_fancy_title tag_name=\u00a0\u00bbspan\u00a0\u00bb size=\u00a0\u00bb20&Prime; margin_bottom=\u00a0\u00bb0&Prime; font_family=\u00a0\u00bbnone\u00a0\u00bb align=\u00a0\u00bbcenter\u00a0\u00bb]Appelez LCS D\u00e9tection des fuites \u00e0\u00a0Ixelles[\/mk_fancy_title][mk_fancy_title tag_name=\u00a0\u00bbspan\u00a0\u00bb size=\u00a0\u00bb28&Prime; margin_bottom=\u00a0\u00bb0&Prime; font_family=\u00a0\u00bbnone\u00a0\u00bb align=\u00a0\u00bbcenter\u00a0\u00bb]Appelez <a style=\"color: #005094;\" href=\"tel:027930388\">02 793 03 88<\/a>[\/mk_fancy_title][vc_column_text]\n<p style=\"text-align: center;\">Du lundi au vendredi :<br \/>\n9:00-17:00<\/p>\n[\/vc_column_text][mk_padding_divider size=\u00a0\u00bb20&Prime;][mk_fancy_title tag_name=\u00a0\u00bbspan\u00a0\u00bb size=\u00a0\u00bb20&Prime; margin_bottom=\u00a0\u00bb0&Prime; font_family=\u00a0\u00bbnone\u00a0\u00bb align=\u00a0\u00bbcenter\u00a0\u00bb]Technique[\/mk_fancy_title][mk_fancy_title tag_name=\u00a0\u00bbspan\u00a0\u00bb size=\u00a0\u00bb16&Prime; margin_bottom=\u00a0\u00bb0&Prime; font_family=\u00a0\u00bbnone\u00a0\u00bb align=\u00a0\u00bbcenter\u00a0\u00bb]O\u00f9 soup\u00e7onnez-vous une fuite ?<br \/>\nNous pouvons d\u00e9tecter les fuites dans :[\/mk_fancy_title][vc_row_inner][vc_column_inner width=\u00a0\u00bb1\/4&Prime;][\/vc_column_inner][vc_column_inner width=\u00a0\u00bb3\/4&Prime;][mk_custom_list icon_color=\u00a0\u00bb#2bb0e0&Prime;]\n<ul>\n<li>Chauffage au sol<\/li>\n<li>Chauffage central<\/li>\n<li>Tuyaux de chauffage<\/li>\n<li>Radiateurs<\/li>\n<li>Tuyaux d\u2019eau<\/li>\n<li>Drains<\/li>\n<li>Siphons<\/li>\n<\/ul>\n[\/mk_custom_list][\/vc_column_inner][\/vc_row_inner][\/vc_column][\/mk_page_section][mk_page_section bg_stretch=\u00a0\u00bbtrue\u00a0\u00bb full_width=\u00a0\u00bbtrue\u00a0\u00bb padding_bottom=\u00a0\u00bb0&Prime; sidebar=\u00a0\u00bbsidebar-1&Prime;][vc_column][mk_advanced_gmaps custom_markers=\u00a0\u00bbtrue\u00a0\u00bb latitude=\u00a0\u00bb50.83634320&Prime; longitude=\u00a0\u00bb4.36662940&Prime; address=\u00a0\u00bbAppelez 02 793 03 88&Prime; custom_marker_1=\u00a0\u00bbhttp:\/\/lekdetectiecentrale.be\/fr\/wp-content\/uploads\/2017\/09\/lcs-icon-map.png\u00a0\u00bb content_font_color=\u00a0\u00bb#ffffff\u00a0\u00bb map_zoom=\u00a0\u00bb11&Prime;][\/vc_column][\/mk_page_section]\n","protected":false},"excerpt":{"rendered":"<p>[mk_page_section bg_color=\u00a0\u00bb#005094&Prime; bg_stretch=\u00a0\u00bbtrue\u00a0\u00bb min_height=\u00a0\u00bb20&Prime; padding_top=\u00a0\u00bb0&Prime; padding_bottom=\u00a0\u00bb0&Prime; sidebar=\u00a0\u00bbsidebar-1&Prime;][vc_column][vc_row_inner css=\u00a0\u00bb.vc_custom_1485252305388{padding-top: 20px !important;background-color: #005094 !important;}\u00a0\u00bb][vc_column_inner width=\u00a0\u00bb1\/3&Prime;][mk_icon_box icon=\u00a0\u00bbmk-moon-home\u00a0\u00bb title=\u00a0\u00bbD\u00e9tection sans d\u00e9molition\u00a0\u00bb text_size=\u00a0\u00bb20&Prime; icon_size=\u00a0\u00bblarge\u00a0\u00bb icon_color=\u00a0\u00bb#2bb0e0&Prime; icon_circle_color=\u00a0\u00bb\u00a0\u00bb title_color=\u00a0\u00bb#ffffff\u00a0\u00bb margin=\u00a0\u00bb0&Prime;][\/mk_icon_box][\/vc_column_inner][vc_column_inner width=\u00a0\u00bb1\/3&Prime;][mk_icon_box icon=\u00a0\u00bbmk-moon-credit\u00a0\u00bb title=\u00a0\u00bbAucun frais inutile\u00a0\u00bb text_size=\u00a0\u00bb20&Prime; icon_size=\u00a0\u00bblarge\u00a0\u00bb icon_color=\u00a0\u00bb#2bb0e0&Prime; icon_circle_color=\u00a0\u00bb\u00a0\u00bb title_color=\u00a0\u00bb#ffffff\u00a0\u00bb margin=\u00a0\u00bb0&Prime;][\/mk_icon_box][\/vc_column_inner][vc_column_inner width=\u00a0\u00bb1\/3&Prime;][mk_icon_box icon=\u00a0\u00bbmk-moon-file-check-2&Prime; title=\u00a0\u00bbCo\u00fbt de la d\u00e9tection de fuite souvent pris en charge par les assurances\u00a0\u00bb text_size=\u00a0\u00bb20&Prime; icon_size=\u00a0\u00bblarge\u00a0\u00bb icon_color=\u00a0\u00bb#2bb0e0&Prime; icon_circle_color=\u00a0\u00bb\u00a0\u00bb title_color=\u00a0\u00bb#ffffff\u00a0\u00bb margin=\u00a0\u00bb0&Prime;][\/mk_icon_box][\/vc_column_inner][\/vc_row_inner][\/vc_column][\/mk_page_section][mk_page_section [&hellip;]<\/p>\n","protected":false},"author":1,"featured_media":0,"parent":0,"menu_order":0,"comment_status":"closed","ping_status":"closed","template":"","meta":{"_monsterinsights_skip_tracking":false,"_monsterinsights_sitenote_active":false,"_monsterinsights_sitenote_note":"","_monsterinsights_sitenote_category":0,"footnotes":""},"class_list":["post-146","page","type-page","status-publish","hentry"],"yoast_head":"<!-- This site is optimized with the Yoast SEO plugin v24.0 - https:\/\/yoast.com\/wordpress\/plugins\/seo\/ -->\n<title>D\u00e9tection de fuites \u00e0 Ixelles sans rien d\u00e9molir - LCS D\u00e9tection des fuites<\/title>\n<meta name=\"description\" content=\"D\u00e9tection des fuites \u00e0 Ixelles sans d\u00e9molition. Vous \u00e9conomiserez des frais et pourrez vous faire rembourser par votre assurance.\" \/>\n<meta name=\"robots\" content=\"index, follow, max-snippet:-1, max-image-preview:large, max-video-preview:-1\" \/>\n<link rel=\"canonical\" href=\"https:\/\/lekdetectiecentrale.be\/fr\/detection-de-fuite-ixelles\" \/>\n<meta property=\"og:locale\" content=\"fr_FR\" \/>\n<meta property=\"og:type\" content=\"article\" \/>\n<meta property=\"og:title\" content=\"D\u00e9tection de fuites \u00e0 Ixelles sans rien d\u00e9molir - LCS D\u00e9tection des fuites\" \/>\n<meta property=\"og:description\" content=\"D\u00e9tection des fuites \u00e0 Ixelles sans d\u00e9molition. Vous \u00e9conomiserez des frais et pourrez vous faire rembourser par votre assurance.\" \/>\n<meta property=\"og:url\" content=\"https:\/\/lekdetectiecentrale.be\/fr\/detection-de-fuite-ixelles\" \/>\n<meta property=\"og:site_name\" content=\"LCS D\u00e9tection des fuites\" \/>\n<meta property=\"article:modified_time\" content=\"2025-01-06T14:28:03+00:00\" \/>\n<meta name=\"twitter:card\" content=\"summary_large_image\" \/>\n<meta name=\"twitter:label1\" content=\"Dur\u00e9e de lecture est.\" \/>\n\t<meta name=\"twitter:data1\" content=\"8 minutes\" \/>\n<script type=\"application\/ld+json\" class=\"yoast-schema-graph\">{\"@context\":\"https:\/\/schema.org\",\"@graph\":[{\"@type\":\"WebPage\",\"@id\":\"https:\/\/lekdetectiecentrale.be\/fr\/detection-de-fuite-ixelles\",\"url\":\"https:\/\/lekdetectiecentrale.be\/fr\/detection-de-fuite-ixelles\",\"name\":\"D\u00e9tection de fuites \u00e0 Ixelles sans rien d\u00e9molir - LCS D\u00e9tection des fuites\",\"isPartOf\":{\"@id\":\"https:\/\/lekdetectiecentrale.be\/fr\/#website\"},\"datePublished\":\"2017-01-23T15:00:29+00:00\",\"dateModified\":\"2025-01-06T14:28:03+00:00\",\"description\":\"D\u00e9tection des fuites \u00e0 Ixelles sans d\u00e9molition. Vous \u00e9conomiserez des frais et pourrez vous faire rembourser par votre assurance.\",\"breadcrumb\":{\"@id\":\"https:\/\/lekdetectiecentrale.be\/fr\/detection-de-fuite-ixelles#breadcrumb\"},\"inLanguage\":\"fr-BE\",\"potentialAction\":[{\"@type\":\"ReadAction\",\"target\":[\"https:\/\/lekdetectiecentrale.be\/fr\/detection-de-fuite-ixelles\"]}]},{\"@type\":\"BreadcrumbList\",\"@id\":\"https:\/\/lekdetectiecentrale.be\/fr\/detection-de-fuite-ixelles#breadcrumb\",\"itemListElement\":[{\"@type\":\"ListItem\",\"position\":1,\"name\":\"Home\",\"item\":\"https:\/\/lekdetectiecentrale.be\/fr\/\"},{\"@type\":\"ListItem\",\"position\":2,\"name\":\"Ixelles\"}]},{\"@type\":\"WebSite\",\"@id\":\"https:\/\/lekdetectiecentrale.be\/fr\/#website\",\"url\":\"https:\/\/lekdetectiecentrale.be\/fr\/\",\"name\":\"LCS D\u00e9tection des fuites\",\"description\":\"Le sp\u00e9cialiste en d\u00e9tection des fuites\",\"publisher\":{\"@id\":\"https:\/\/lekdetectiecentrale.be\/fr\/#organization\"},\"potentialAction\":[{\"@type\":\"SearchAction\",\"target\":{\"@type\":\"EntryPoint\",\"urlTemplate\":\"https:\/\/lekdetectiecentrale.be\/fr\/?s={search_term_string}\"},\"query-input\":{\"@type\":\"PropertyValueSpecification\",\"valueRequired\":true,\"valueName\":\"search_term_string\"}}],\"inLanguage\":\"fr-BE\"},{\"@type\":\"Organization\",\"@id\":\"https:\/\/lekdetectiecentrale.be\/fr\/#organization\",\"name\":\"LCS D\u00e9tection des fuites\",\"url\":\"https:\/\/lekdetectiecentrale.be\/fr\/\",\"logo\":{\"@type\":\"ImageObject\",\"inLanguage\":\"fr-BE\",\"@id\":\"https:\/\/lekdetectiecentrale.be\/fr\/#\/schema\/logo\/image\/\",\"url\":\"https:\/\/lekdetectiecentrale.be\/fr\/wp-content\/uploads\/2017\/09\/lcs-detection-des-fuites.png\",\"contentUrl\":\"https:\/\/lekdetectiecentrale.be\/fr\/wp-content\/uploads\/2017\/09\/lcs-detection-des-fuites.png\",\"width\":250,\"height\":142,\"caption\":\"LCS D\u00e9tection des fuites\"},\"image\":{\"@id\":\"https:\/\/lekdetectiecentrale.be\/fr\/#\/schema\/logo\/image\/\"}}]}<\/script>\n<!-- \/ Yoast SEO plugin. -->","yoast_head_json":{"title":"D\u00e9tection de fuites \u00e0 Ixelles sans rien d\u00e9molir - LCS D\u00e9tection des fuites","description":"D\u00e9tection des fuites \u00e0 Ixelles sans d\u00e9molition. Vous \u00e9conomiserez des frais et pourrez vous faire rembourser par votre assurance.","robots":{"index":"index","follow":"follow","max-snippet":"max-snippet:-1","max-image-preview":"max-image-preview:large","max-video-preview":"max-video-preview:-1"},"canonical":"https:\/\/lekdetectiecentrale.be\/fr\/detection-de-fuite-ixelles","og_locale":"fr_FR","og_type":"article","og_title":"D\u00e9tection de fuites \u00e0 Ixelles sans rien d\u00e9molir - LCS D\u00e9tection des fuites","og_description":"D\u00e9tection des fuites \u00e0 Ixelles sans d\u00e9molition. Vous \u00e9conomiserez des frais et pourrez vous faire rembourser par votre assurance.","og_url":"https:\/\/lekdetectiecentrale.be\/fr\/detection-de-fuite-ixelles","og_site_name":"LCS D\u00e9tection des fuites","article_modified_time":"2025-01-06T14:28:03+00:00","twitter_card":"summary_large_image","twitter_misc":{"Dur\u00e9e de lecture est.":"8 minutes"},"schema":{"@context":"https:\/\/schema.org","@graph":[{"@type":"WebPage","@id":"https:\/\/lekdetectiecentrale.be\/fr\/detection-de-fuite-ixelles","url":"https:\/\/lekdetectiecentrale.be\/fr\/detection-de-fuite-ixelles","name":"D\u00e9tection de fuites \u00e0 Ixelles sans rien d\u00e9molir - LCS D\u00e9tection des fuites","isPartOf":{"@id":"https:\/\/lekdetectiecentrale.be\/fr\/#website"},"datePublished":"2017-01-23T15:00:29+00:00","dateModified":"2025-01-06T14:28:03+00:00","description":"D\u00e9tection des fuites \u00e0 Ixelles sans d\u00e9molition. Vous \u00e9conomiserez des frais et pourrez vous faire rembourser par votre assurance.","breadcrumb":{"@id":"https:\/\/lekdetectiecentrale.be\/fr\/detection-de-fuite-ixelles#breadcrumb"},"inLanguage":"fr-BE","potentialAction":[{"@type":"ReadAction","target":["https:\/\/lekdetectiecentrale.be\/fr\/detection-de-fuite-ixelles"]}]},{"@type":"BreadcrumbList","@id":"https:\/\/lekdetectiecentrale.be\/fr\/detection-de-fuite-ixelles#breadcrumb","itemListElement":[{"@type":"ListItem","position":1,"name":"Home","item":"https:\/\/lekdetectiecentrale.be\/fr\/"},{"@type":"ListItem","position":2,"name":"Ixelles"}]},{"@type":"WebSite","@id":"https:\/\/lekdetectiecentrale.be\/fr\/#website","url":"https:\/\/lekdetectiecentrale.be\/fr\/","name":"LCS D\u00e9tection des fuites","description":"Le sp\u00e9cialiste en d\u00e9tection des fuites","publisher":{"@id":"https:\/\/lekdetectiecentrale.be\/fr\/#organization"},"potentialAction":[{"@type":"SearchAction","target":{"@type":"EntryPoint","urlTemplate":"https:\/\/lekdetectiecentrale.be\/fr\/?s={search_term_string}"},"query-input":{"@type":"PropertyValueSpecification","valueRequired":true,"valueName":"search_term_string"}}],"inLanguage":"fr-BE"},{"@type":"Organization","@id":"https:\/\/lekdetectiecentrale.be\/fr\/#organization","name":"LCS D\u00e9tection des fuites","url":"https:\/\/lekdetectiecentrale.be\/fr\/","logo":{"@type":"ImageObject","inLanguage":"fr-BE","@id":"https:\/\/lekdetectiecentrale.be\/fr\/#\/schema\/logo\/image\/","url":"https:\/\/lekdetectiecentrale.be\/fr\/wp-content\/uploads\/2017\/09\/lcs-detection-des-fuites.png","contentUrl":"https:\/\/lekdetectiecentrale.be\/fr\/wp-content\/uploads\/2017\/09\/lcs-detection-des-fuites.png","width":250,"height":142,"caption":"LCS D\u00e9tection des fuites"},"image":{"@id":"https:\/\/lekdetectiecentrale.be\/fr\/#\/schema\/logo\/image\/"}}]}},"_links":{"self":[{"href":"https:\/\/lekdetectiecentrale.be\/fr\/wp-json\/wp\/v2\/pages\/146","targetHints":{"allow":["GET"]}}],"collection":[{"href":"https:\/\/lekdetectiecentrale.be\/fr\/wp-json\/wp\/v2\/pages"}],"about":[{"href":"https:\/\/lekdetectiecentrale.be\/fr\/wp-json\/wp\/v2\/types\/page"}],"author":[{"embeddable":true,"href":"https:\/\/lekdetectiecentrale.be\/fr\/wp-json\/wp\/v2\/users\/1"}],"replies":[{"embeddable":true,"href":"https:\/\/lekdetectiecentrale.be\/fr\/wp-json\/wp\/v2\/comments?post=146"}],"version-history":[{"count":34,"href":"https:\/\/lekdetectiecentrale.be\/fr\/wp-json\/wp\/v2\/pages\/146\/revisions"}],"predecessor-version":[{"id":830,"href":"https:\/\/lekdetectiecentrale.be\/fr\/wp-json\/wp\/v2\/pages\/146\/revisions\/830"}],"wp:attachment":[{"href":"https:\/\/lekdetectiecentrale.be\/fr\/wp-json\/wp\/v2\/media?parent=146"}],"curies":[{"name":"wp","href":"https:\/\/api.w.org\/{rel}","templated":true}]}}