{"id":1005,"date":"2025-01-30T11:34:56","date_gmt":"2025-01-30T10:34:56","guid":{"rendered":"https:\/\/lekdetectiecentrale.be\/fr\/?page_id=1005"},"modified":"2025-01-30T11:50:20","modified_gmt":"2025-01-30T10:50:20","slug":"gaz-traceur","status":"publish","type":"page","link":"https:\/\/lekdetectiecentrale.be\/fr\/gaz-traceur","title":{"rendered":"Gaz traceur"},"content":{"rendered":"[mk_page_section bg_color=\u00a0\u00bb#005094&Prime; bg_stretch=\u00a0\u00bbtrue\u00a0\u00bb min_height=\u00a0\u00bb20&Prime; padding_top=\u00a0\u00bb0&Prime; padding_bottom=\u00a0\u00bb0&Prime; sidebar=\u00a0\u00bbsidebar-1&Prime;][vc_column][vc_row_inner css=\u00a0\u00bb.vc_custom_1485252305388{padding-top: 20px !important;background-color: #005094 !important;}\u00a0\u00bb][vc_column_inner width=\u00a0\u00bb1\/3&Prime;][mk_icon_box icon=\u00a0\u00bbmk-moon-home\u00a0\u00bb title=\u00a0\u00bbD\u00e9tection sans d\u00e9molition\u00a0\u00bb text_size=\u00a0\u00bb20&Prime; icon_size=\u00a0\u00bblarge\u00a0\u00bb icon_color=\u00a0\u00bb#2bb0e0&Prime; icon_circle_color=\u00a0\u00bb\u00a0\u00bb title_color=\u00a0\u00bb#ffffff\u00a0\u00bb margin=\u00a0\u00bb0&Prime;][\/mk_icon_box][\/vc_column_inner][vc_column_inner width=\u00a0\u00bb1\/3&Prime;][mk_icon_box icon=\u00a0\u00bbmk-moon-credit\u00a0\u00bb title=\u00a0\u00bbAucun frais inutile\u00a0\u00bb text_size=\u00a0\u00bb20&Prime; icon_size=\u00a0\u00bblarge\u00a0\u00bb icon_color=\u00a0\u00bb#2bb0e0&Prime; icon_circle_color=\u00a0\u00bb\u00a0\u00bb title_color=\u00a0\u00bb#ffffff\u00a0\u00bb margin=\u00a0\u00bb0&Prime;][\/mk_icon_box][\/vc_column_inner][vc_column_inner width=\u00a0\u00bb1\/3&Prime;][mk_icon_box icon=\u00a0\u00bbmk-moon-file-check-2&Prime; title=\u00a0\u00bbCo\u00fbt de la d\u00e9tection de fuite souvent pris en charge par les assurances\u00a0\u00bb text_size=\u00a0\u00bb20&Prime; icon_size=\u00a0\u00bblarge\u00a0\u00bb icon_color=\u00a0\u00bb#2bb0e0&Prime; icon_circle_color=\u00a0\u00bb\u00a0\u00bb title_color=\u00a0\u00bb#ffffff\u00a0\u00bb margin=\u00a0\u00bb0&Prime;][\/mk_icon_box][\/vc_column_inner][\/vc_row_inner][\/vc_column][\/mk_page_section][mk_page_section bg_image=\u00a0\u00bbhttp:\/\/lekdetectiecentrale.be\/fr\/wp-content\/uploads\/2017\/01\/moersleutel-compri2.jpg\u00a0\u00bb bg_position=\u00a0\u00bbcenter center\u00a0\u00bb bg_repeat=\u00a0\u00bbno-repeat\u00a0\u00bb bg_stretch=\u00a0\u00bbtrue\u00a0\u00bb speed_factor=\u00a0\u00bb3&Prime; video_loop=\u00a0\u00bbfalse\u00a0\u00bb video_mask=\u00a0\u00bbtrue\u00a0\u00bb video_color_mask=\u00a0\u00bb#83cee4&Prime; video_opacity=\u00a0\u00bb0.1&Prime; padding_top=\u00a0\u00bb0&Prime; sidebar=\u00a0\u00bbsidebar-1&Prime;][vc_column][vc_row_inner][vc_column_inner width=\u00a0\u00bb2\/3&Prime;][mk_padding_divider size=\u00a0\u00bb20&Prime;][mk_padding_divider size=\u00a0\u00bb80&Prime; visibility=\u00a0\u00bbhidden-sm\u00a0\u00bb][mk_fancy_title tag_name=\u00a0\u00bbh1&Prime; color=\u00a0\u00bb#ffffff\u00a0\u00bb size=\u00a0\u00bb42&Prime; force_font_size=\u00a0\u00bbtrue\u00a0\u00bb size_tablet=\u00a0\u00bb28&Prime; size_phone=\u00a0\u00bb24&Prime; font_weight=\u00a0\u00bbbold\u00a0\u00bb txt_transform=\u00a0\u00bbuppercase\u00a0\u00bb margin_bottom=\u00a0\u00bb0&Prime; font_family=\u00a0\u00bbnone\u00a0\u00bb]Gaz traceur[\/mk_fancy_title][mk_fancy_title tag_name=\u00a0\u00bbspan\u00a0\u00bb color=\u00a0\u00bb#ffffff\u00a0\u00bb size=\u00a0\u00bb18&Prime; font_family=\u00a0\u00bbnone\u00a0\u00bb]Nous injectons un gaz sp\u00e9cifique dans la conduite.<br \/>\nLes endroits pr\u00e9sentant une concentration \u00e9lev\u00e9e de ce gaz (mesurable) indiquent la pr\u00e9sence d&rsquo;une fuite.[\/mk_fancy_title][mk_button dimension=\u00a0\u00bbflat\u00a0\u00bb size=\u00a0\u00bblarge\u00a0\u00bb icon=\u00a0\u00bbmk-icon-phone\u00a0\u00bb url=\u00a0\u00bb\/fr\/contact\u00a0\u00bb animation=\u00a0\u00bbbottom-to-top\u00a0\u00bb bg_color=\u00a0\u00bb#005094&Prime; btn_hover_bg=\u00a0\u00bb#80cce3&Prime;]Prenez rendez-vous![\/mk_button][mk_padding_divider size=\u00a0\u00bb80&Prime; visibility=\u00a0\u00bbhidden-sm\u00a0\u00bb][mk_padding_divider size=\u00a0\u00bb20&Prime;][\/vc_column_inner][vc_column_inner width=\u00a0\u00bb1\/3&Prime;][mk_padding_divider size=\u00a0\u00bb130&Prime; visibility=\u00a0\u00bbhidden-sm\u00a0\u00bb][mk_custom_list style=\u00a0\u00bbmk-moon-checkmark-3&Prime; icon_color=\u00a0\u00bb#2bb0e0&Prime; animation=\u00a0\u00bbfade-in\u00a0\u00bb]\n<ul>\n<li><span style=\"color: #ffffff; font-size: 20px;\">D\u00e9tection de fuite professionel<\/span><\/li>\n<li><span style=\"color: #ffffff; font-size: 20px;\">Pas de d\u00e9molition inutile<\/span><\/li>\n<li><span style=\"color: #ffffff; font-size: 20px;\">Transparence des prix<\/span><\/li>\n<li><span style=\"color: #ffffff; font-size: 20px;\">Clart\u00e9 des devis et des rapports<\/span><\/li>\n<li><span style=\"color: #ffffff; font-size: 20px;\">Co\u00fbt des travaux est g\u00e9n\u00e9ralement couvert par les assurances<\/span><\/li>\n<li><span style=\"color: #ffffff; font-size: 20px;\">Disponible le jour\u00a0m\u00eame<\/span><\/li>\n<\/ul>\n[\/mk_custom_list][\/vc_column_inner][\/vc_row_inner][\/vc_column][\/mk_page_section][mk_page_section padding_top=\u00a0\u00bb50&Prime; padding_bottom=\u00a0\u00bb40&Prime; sidebar=\u00a0\u00bbsidebar-1&Prime;][vc_column width=\u00a0\u00bb2\/3&Prime;][vc_column_text]\n<h2>D\u00e9tection de fuites \u00e0 l\u2019aide du gaz traceur<\/h2>\n<p>Une fuite dans une conduite, qu\u2019il s\u2019agisse d\u2019un tuyau de chauffage central, d\u2019un circuit de chauffage par le sol ou d\u2019une conduite d\u2019eau, peut avoir diverses origines. Dans certains cas, elle est due \u00e0 l\u2019usure ou \u00e0 une mauvaise installation. Quelle que soit la cause, une fuite doit \u00eatre rapidement r\u00e9par\u00e9e. Si elle n\u2019est pas trait\u00e9e, elle peut entra\u00eener des d\u00e9g\u00e2ts des eaux souvent irr\u00e9versibles. Parfois, la pr\u00e9sence d\u2019une fuite est \u00e9vidente, mais sa localisation exacte est difficile \u00e0 d\u00e9terminer. C\u2019est l\u00e0 qu\u2019intervient la d\u00e9tection de fuites par LCS D\u00e9tection des fuites. Nous utilisons diff\u00e9rentes techniques pour identifier pr\u00e9cis\u00e9ment l\u2019origine du probl\u00e8me. L\u2019une de ces m\u00e9thodes est l\u2019utilisation de gaz traceur, une technique largement utilis\u00e9e pour localiser les fuites dans les conduites. Cette m\u00e9thode peut \u00e9galement \u00eatre combin\u00e9e avec d\u2019autres techniques de d\u00e9tection de fuites pour obtenir des r\u00e9sultats plus pr\u00e9cis.<\/p>\n<h2>Pr\u00e9paration pour une d\u00e9tection de fuite avec du gaz traceur<\/h2>\n<p>Avant d\u2019appliquer la technique du <strong>gaz traceur<\/strong>, il est n\u00e9cessaire de vider les conduites. Cela est r\u00e9alis\u00e9 \u00e0 l\u2019aide d\u2019un compresseur qui exerce une pression sur le r\u00e9seau de tuyauterie. Toutes les vannes et robinets sont ouverts afin d\u2019\u00e9vacuer compl\u00e8tement l\u2019eau pr\u00e9sente dans les conduites. Une fois les conduites vid\u00e9es, un m\u00e9lange de gaz hydrog\u00e8ne et d\u2019azote, appel\u00e9 gaz traceur, est inject\u00e9 sous pression dans les canalisations. Ce gaz va alors circuler dans le r\u00e9seau de conduites. L\u2019hydrog\u00e8ne \u00e9tant un gaz extr\u00eamement l\u00e9ger et volatil (plus que l\u2019eau), il peut s\u2019\u00e9chapper par les plus infimes fissures et ouvertures des canalisations.<\/p>\n<h2>Comment d\u00e9tecte-t-on une fuite avec du gaz traceur?<\/h2>\n<p>Une sonde sp\u00e9ciale, qui d\u00e9tecte la pr\u00e9sence du gaz, est utilis\u00e9e pour identifier les fuites. Cette sonde, \u00e9galement appel\u00e9e d\u00e9tecteur d\u2019hydrog\u00e8ne, est pass\u00e9e le long des conduites \u00e0 divers endroits afin de mesurer la concentration de gaz hydrog\u00e8ne dans l\u2019air. Si une concentration \u00e9lev\u00e9e d\u2019hydrog\u00e8ne est d\u00e9tect\u00e9e \u00e0 un endroit pr\u00e9cis, cela signifie qu\u2019une fuite est pr\u00e9sente \u00e0 cet endroit. D\u2019o\u00f9 le nom de gaz traceur. Cette m\u00e9thode est extr\u00eamement pr\u00e9cise : elle permet de localiser une fuite avec une pr\u00e9cision de quelques centim\u00e8tres, gr\u00e2ce \u00e0 la sensibilit\u00e9 \u00e9lev\u00e9e du d\u00e9tecteur d\u2019hydrog\u00e8ne.[\/vc_column_text][mk_padding_divider size=\u00a0\u00bb30&Prime;][mk_blockquote font_family=\u00a0\u00bbnone\u00a0\u00bb animation=\u00a0\u00bbflip-x\u00a0\u00bb el_class=\u00a0\u00bbblockquote\u00a0\u00bb]\n<p>Pr\u00e9vention des d\u00e9g\u00e2ts des eaux : n\u2019attendez pas trop longtemps pour r\u00e9parer la fuite ! Par ailleurs, votre assurance couvre probablement la d\u00e9tection.<\/p>\n[\/mk_blockquote][\/vc_column][vc_column width=\u00a0\u00bb1\/3&Prime;][mk_padding_divider size=\u00a0\u00bb10&Prime;][mk_fancy_title tag_name=\u00a0\u00bbspan\u00a0\u00bb color=\u00a0\u00bb#000000&Prime; size=\u00a0\u00bb36&Prime; font_weight=\u00a0\u00bbbold\u00a0\u00bb txt_transform=\u00a0\u00bbuppercase\u00a0\u00bb margin_bottom=\u00a0\u00bb0&Prime; font_family=\u00a0\u00bbnone\u00a0\u00bb]Nos services[\/mk_fancy_title][mk_fancy_title tag_name=\u00a0\u00bbspan\u00a0\u00bb color=\u00a0\u00bb#000000&Prime; size=\u00a0\u00bb18&Prime; font_family=\u00a0\u00bbnone\u00a0\u00bb]LCS D\u00e9tection des fuites intervient dans toute la Belgique. Nous sommes pr\u00e9sents par exemple dans les villes indiqu\u00e9es ci-dessous.[\/mk_fancy_title][vc_row_inner][vc_column_inner width=\u00a0\u00bb1\/2&Prime;][vc_column_text]<a href=\"\/fr\/detection-de-fuite-anderlecht\">Anderlecht<\/a><br \/>\n<a href=\"https:\/\/lekdetectiecentrale.be\/fr\/detection-de-fuite-ath\">Ath<\/a><br \/>\n<a href=\"https:\/\/lekdetectiecentrale.be\/fr\/detection-de-fuite-binche\">Binche<\/a><br \/>\n<a href=\"\/fr\/detection-de-fuite-braine-lalleud\">Braine-l&rsquo;Alleud<\/a><br \/>\n<a href=\"\/fr\/detection-de-fuite-bruxelles\">Bruxelles<\/a><br \/>\n<a href=\"https:\/\/lekdetectiecentrale.be\/fr\/detection-de-fuite-charleroi\">Charleroi<\/a><br \/>\n<a href=\"https:\/\/lekdetectiecentrale.be\/fr\/detection-de-fuite-chatelet\">Ch\u00e2telet<\/a><br \/>\n<a href=\"https:\/\/lekdetectiecentrale.be\/fr\/detection-de-fuite-courcelles\">Courcelles<\/a><br \/>\n<a href=\"https:\/\/lekdetectiecentrale.be\/fr\/detection-de-fuite-hannut\">Hannut<\/a><br \/>\n<a href=\"\/fr\/detection-de-fuite-ixelles\">Ixelles<\/a>[\/vc_column_text][\/vc_column_inner][vc_column_inner width=\u00a0\u00bb1\/2&Prime;][vc_column_text]<a href=\"https:\/\/lekdetectiecentrale.be\/fr\/detection-de-fuite-la-louviere\">La Louvi\u00e8re<\/a><br \/>\n<a href=\"https:\/\/lekdetectiecentrale.be\/fr\/detection-de-fuite-mons\">Mons<\/a><br \/>\n<a href=\"https:\/\/lekdetectiecentrale.be\/fr\/detection-de-fuite-namur\">Namur<\/a><br \/>\n<a href=\"\/fr\/detection-de-fuite-nivelles\">Nivelles<\/a><br \/>\n<a href=\"\/fr\/detection-de-fuite-schaerbeek\">Schaerbeek<\/a><br \/>\n<a href=\"https:\/\/lekdetectiecentrale.be\/fr\/detection-de-fuite-tournai\">Tournai<\/a><br \/>\n<a href=\"\/fr\/detection-de-fuite-uccle\">Uccle<\/a><br \/>\n<a href=\"https:\/\/lekdetectiecentrale.be\/fr\/detection-de-fuite-waremme\">Waremme<\/a><br \/>\n<a href=\"https:\/\/lekdetectiecentrale.be\/fr\/detection-de-fuite-waterloo\">Waterloo<\/a><br \/>\n<a href=\"\/fr\/detection-de-fuite-wavre\">Wavre<\/a>[\/vc_column_text][\/vc_column_inner][\/vc_row_inner][mk_padding_divider size=\u00a0\u00bb20&Prime;][vc_row_inner][vc_column_inner][mk_fancy_title tag_name=\u00a0\u00bbspan\u00a0\u00bb size=\u00a0\u00bb20&Prime; margin_bottom=\u00a0\u00bb0&Prime; font_family=\u00a0\u00bbnone\u00a0\u00bb align=\u00a0\u00bbcenter\u00a0\u00bb]Prenez rendez-vous ![\/mk_fancy_title][mk_padding_divider size=\u00a0\u00bb20&Prime;][\/vc_column_inner][\/vc_row_inner][vc_row_inner][vc_column_inner width=\u00a0\u00bb1\/2&Prime;][vc_column_text]\n<p style=\"text-align: center; margin-bottom: 10px;\">REGION ATH<\/p>\n<p style=\"text-align: center; margin-bottom: 20px;\"><span style=\"color: #005094;\"><a style=\"color: #005094; font-size: 24px;\" href=\"tel:068480396\">068 48 03 96<\/a><\/span><\/p>\n<p style=\"text-align: center; margin-bottom: 10px;\">REGION BRUXELLES<\/p>\n<p style=\"text-align: center; margin-bottom: 20px;\"><span style=\"color: #005094;\"><a style=\"color: #005094; font-size: 24px;\" href=\"tel:010280256\">010 28 02 56<\/a><\/span><\/p>\n<p style=\"text-align: center; margin-bottom: 10px;\">REGION CHARLEROI<\/p>\n<p style=\"text-align: center; margin-bottom: 20px;\"><span style=\"color: #005094;\"><a style=\"color: #005094; font-size: 24px;\" href=\"tel:071962914\">071 96 29 14<\/a><\/span><\/p>\n<p style=\"text-align: center; margin-bottom: 10px;\">REGION LA LOUVI\u00c8RE<\/p>\n<p style=\"text-align: center; margin-bottom: 20px;\"><span style=\"color: #005094;\"><a style=\"color: #005094; font-size: 24px;\" href=\"tel:064680103\">064 68 01 03<\/a><\/span><\/p>\n[\/vc_column_text][\/vc_column_inner][vc_column_inner width=\u00a0\u00bb1\/2&Prime;][vc_column_text]\n<p style=\"text-align: center; margin-bottom: 10px;\">REGION MONS<\/p>\n<p style=\"text-align: center; margin-bottom: 20px;\"><span style=\"color: #005094;\"><a style=\"color: #005094; font-size: 24px;\" href=\"tel:065680114\">065 68 01 14<\/a><\/span><\/p>\n<p style=\"text-align: center; margin-bottom: 10px;\">REGION NAMUR<\/p>\n<p style=\"text-align: center; margin-bottom: 20px;\"><span style=\"color: #005094;\"><a style=\"color: #005094; font-size: 24px;\" href=\"tel:081280204\">081 28 02 04<\/a><\/span><\/p>\n<p style=\"text-align: center; margin-bottom: 10px;\">REGION TOURNAI<\/p>\n<p style=\"text-align: center; margin-bottom: 20px;\"><span style=\"color: #005094;\"><a style=\"color: #005094; font-size: 24px;\" href=\"tel:069480103\">069 48 01 03<\/a><\/span><\/p>\n<p style=\"text-align: center; margin-bottom: 10px;\">REGION WAREMME<\/p>\n<p style=\"text-align: center; margin-bottom: 20px;\"><span style=\"color: #005094;\"><a style=\"color: #005094; font-size: 24px;\" href=\"tel:019480387\">019 48 03 87<\/a><\/span><\/p>\n[\/vc_column_text][\/vc_column_inner][\/vc_row_inner][mk_padding_divider][mk_image src=\u00a0\u00bbhttp:\/\/lekdetectiecentrale.be\/fr\/wp-content\/uploads\/2017\/01\/moersleutel-compri-e1485336635803.jpg\u00a0\u00bb image_size=\u00a0\u00bbfull\u00a0\u00bb align=\u00a0\u00bbcenter\u00a0\u00bb][mk_padding_divider visibility=\u00a0\u00bbvisible-sm\u00a0\u00bb][\/vc_column][\/mk_page_section][mk_page_section margin_bottom=\u00a0\u00bb20&Prime; sidebar=\u00a0\u00bbsidebar-1&Prime;][vc_column width=\u00a0\u00bb1\/3&Prime;][vc_row_inner][vc_column_inner][mk_font_icons icon=\u00a0\u00bbmk-moon-droplet-4&Prime; color=\u00a0\u00bb#005094&Prime; size=\u00a0\u00bbmedium\u00a0\u00bb align=\u00a0\u00bbcenter\u00a0\u00bb][mk_fancy_title color=\u00a0\u00bb#000000&Prime; size=\u00a0\u00bb28&Prime; txt_transform=\u00a0\u00bbuppercase\u00a0\u00bb margin_bottom=\u00a0\u00bb0&Prime; font_family=\u00a0\u00bbnone\u00a0\u00bb align=\u00a0\u00bbcenter\u00a0\u00bb]1.\u00a0Fuites[\/mk_fancy_title][vc_column_text align=\u00a0\u00bbcenter\u00a0\u00bb]Vous avez constat\u00e9 une fuite, mais vous ignorez d\u2019o\u00f9 elle provient. Naturellement, cela est ennuyeux, d\u2019autant plus que la fuite a provoqu\u00e9 des d\u00e9g\u00e2ts consid\u00e9rables et qu\u2019une intervention sans d\u00e9molition semble impossible.[\/vc_column_text][\/vc_column_inner][\/vc_row_inner][\/vc_column][vc_column width=\u00a0\u00bb1\/3&Prime;][vc_row_inner][vc_column_inner][mk_font_icons icon=\u00a0\u00bbmk-moon-search-5&Prime; color=\u00a0\u00bb#005094&Prime; size=\u00a0\u00bbmedium\u00a0\u00bb align=\u00a0\u00bbcenter\u00a0\u00bb][mk_fancy_title color=\u00a0\u00bb#000000&Prime; size=\u00a0\u00bb28&Prime; txt_transform=\u00a0\u00bbuppercase\u00a0\u00bb margin_bottom=\u00a0\u00bb0&Prime; font_family=\u00a0\u00bbnone\u00a0\u00bb align=\u00a0\u00bbcenter\u00a0\u00bb]2.\u00a0D\u00e9tection des fuites[\/mk_fancy_title][vc_column_text align=\u00a0\u00bbcenter\u00a0\u00bb]Gr\u00e2ce \u00e0 nos \u00e9quipements ultramodernes, nous d\u00e9tectons les fuites sans rien casser. L\u2019emplacement de la fuite est localis\u00e9 rapidement et avec pr\u00e9cision. De plus, nos appareils d\u00e9tectent \u00e9galement les fuites de chaleur.[\/vc_column_text][\/vc_column_inner][\/vc_row_inner][\/vc_column][vc_column width=\u00a0\u00bb1\/3&Prime;][vc_row_inner][vc_column_inner][mk_font_icons icon=\u00a0\u00bbmk-moon-certificate\u00a0\u00bb color=\u00a0\u00bb#005094&Prime; size=\u00a0\u00bbmedium\u00a0\u00bb align=\u00a0\u00bbcenter\u00a0\u00bb][mk_fancy_title color=\u00a0\u00bb#000000&Prime; size=\u00a0\u00bb28&Prime; txt_transform=\u00a0\u00bbuppercase\u00a0\u00bb margin_bottom=\u00a0\u00bb0&Prime; font_family=\u00a0\u00bbnone\u00a0\u00bb align=\u00a0\u00bbcenter\u00a0\u00bb]3. Rapport[\/mk_fancy_title][vc_column_text align=\u00a0\u00bbcenter\u00a0\u00bb]Nos rapports indiquent clairement l\u2019emplacement et la nature de la fuite afin que le plombier ou chauffagiste sache exactement o\u00f9 intervenir. Ils constituent \u00e9galement un \u00e9l\u00e9ment d\u2019information important pour les assureurs.[\/vc_column_text][\/vc_column_inner][\/vc_row_inner][\/vc_column][\/mk_page_section]\n","protected":false},"excerpt":{"rendered":"<p>[mk_page_section bg_color=\u00a0\u00bb#005094&Prime; bg_stretch=\u00a0\u00bbtrue\u00a0\u00bb min_height=\u00a0\u00bb20&Prime; padding_top=\u00a0\u00bb0&Prime; padding_bottom=\u00a0\u00bb0&Prime; sidebar=\u00a0\u00bbsidebar-1&Prime;][vc_column][vc_row_inner css=\u00a0\u00bb.vc_custom_1485252305388{padding-top: 20px !important;background-color: #005094 !important;}\u00a0\u00bb][vc_column_inner width=\u00a0\u00bb1\/3&Prime;][mk_icon_box icon=\u00a0\u00bbmk-moon-home\u00a0\u00bb title=\u00a0\u00bbD\u00e9tection sans d\u00e9molition\u00a0\u00bb text_size=\u00a0\u00bb20&Prime; icon_size=\u00a0\u00bblarge\u00a0\u00bb icon_color=\u00a0\u00bb#2bb0e0&Prime; icon_circle_color=\u00a0\u00bb\u00a0\u00bb title_color=\u00a0\u00bb#ffffff\u00a0\u00bb margin=\u00a0\u00bb0&Prime;][\/mk_icon_box][\/vc_column_inner][vc_column_inner width=\u00a0\u00bb1\/3&Prime;][mk_icon_box icon=\u00a0\u00bbmk-moon-credit\u00a0\u00bb title=\u00a0\u00bbAucun frais inutile\u00a0\u00bb text_size=\u00a0\u00bb20&Prime; icon_size=\u00a0\u00bblarge\u00a0\u00bb icon_color=\u00a0\u00bb#2bb0e0&Prime; icon_circle_color=\u00a0\u00bb\u00a0\u00bb title_color=\u00a0\u00bb#ffffff\u00a0\u00bb margin=\u00a0\u00bb0&Prime;][\/mk_icon_box][\/vc_column_inner][vc_column_inner width=\u00a0\u00bb1\/3&Prime;][mk_icon_box icon=\u00a0\u00bbmk-moon-file-check-2&Prime; title=\u00a0\u00bbCo\u00fbt de la d\u00e9tection de fuite souvent pris en charge par les assurances\u00a0\u00bb text_size=\u00a0\u00bb20&Prime; icon_size=\u00a0\u00bblarge\u00a0\u00bb icon_color=\u00a0\u00bb#2bb0e0&Prime; icon_circle_color=\u00a0\u00bb\u00a0\u00bb title_color=\u00a0\u00bb#ffffff\u00a0\u00bb margin=\u00a0\u00bb0&Prime;][\/mk_icon_box][\/vc_column_inner][\/vc_row_inner][\/vc_column][\/mk_page_section][mk_page_section [&hellip;]<\/p>\n","protected":false},"author":1,"featured_media":0,"parent":0,"menu_order":0,"comment_status":"closed","ping_status":"closed","template":"","meta":{"_monsterinsights_skip_tracking":false,"_monsterinsights_sitenote_active":false,"_monsterinsights_sitenote_note":"","_monsterinsights_sitenote_category":0,"footnotes":""},"class_list":["post-1005","page","type-page","status-publish","hentry"],"yoast_head":"<!-- This site is optimized with the Yoast SEO plugin v24.0 - https:\/\/yoast.com\/wordpress\/plugins\/seo\/ -->\n<title>D\u00e9tection de fuites avec du gaz traceur<\/title>\n<meta name=\"description\" content=\"La d\u00e9tection de fuites avec du gaz traceur localise les fuites en injectant un gaz (inoffensif) dans les conduites. Aucune d\u00e9molition n\u00e9cessaire!\" \/>\n<meta name=\"robots\" content=\"index, follow, max-snippet:-1, max-image-preview:large, max-video-preview:-1\" \/>\n<link rel=\"canonical\" href=\"https:\/\/lekdetectiecentrale.be\/fr\/gaz-traceur\" \/>\n<meta property=\"og:locale\" content=\"fr_FR\" \/>\n<meta property=\"og:type\" content=\"article\" \/>\n<meta property=\"og:title\" content=\"D\u00e9tection de fuites avec du gaz traceur\" \/>\n<meta property=\"og:description\" content=\"La d\u00e9tection de fuites avec du gaz traceur localise les fuites en injectant un gaz (inoffensif) dans les conduites. Aucune d\u00e9molition n\u00e9cessaire!\" \/>\n<meta property=\"og:url\" content=\"https:\/\/lekdetectiecentrale.be\/fr\/gaz-traceur\" \/>\n<meta property=\"og:site_name\" content=\"LCS D\u00e9tection des fuites\" \/>\n<meta property=\"article:modified_time\" content=\"2025-01-30T10:50:20+00:00\" \/>\n<meta name=\"twitter:card\" content=\"summary_large_image\" \/>\n<meta name=\"twitter:label1\" content=\"Dur\u00e9e de lecture est.\" \/>\n\t<meta name=\"twitter:data1\" content=\"4 minutes\" \/>\n<script type=\"application\/ld+json\" class=\"yoast-schema-graph\">{\"@context\":\"https:\/\/schema.org\",\"@graph\":[{\"@type\":\"WebPage\",\"@id\":\"https:\/\/lekdetectiecentrale.be\/fr\/gaz-traceur\",\"url\":\"https:\/\/lekdetectiecentrale.be\/fr\/gaz-traceur\",\"name\":\"D\u00e9tection de fuites avec du gaz traceur\",\"isPartOf\":{\"@id\":\"https:\/\/lekdetectiecentrale.be\/fr\/#website\"},\"datePublished\":\"2025-01-30T10:34:56+00:00\",\"dateModified\":\"2025-01-30T10:50:20+00:00\",\"description\":\"La d\u00e9tection de fuites avec du gaz traceur localise les fuites en injectant un gaz (inoffensif) dans les conduites. Aucune d\u00e9molition n\u00e9cessaire!\",\"breadcrumb\":{\"@id\":\"https:\/\/lekdetectiecentrale.be\/fr\/gaz-traceur#breadcrumb\"},\"inLanguage\":\"fr-BE\",\"potentialAction\":[{\"@type\":\"ReadAction\",\"target\":[\"https:\/\/lekdetectiecentrale.be\/fr\/gaz-traceur\"]}]},{\"@type\":\"BreadcrumbList\",\"@id\":\"https:\/\/lekdetectiecentrale.be\/fr\/gaz-traceur#breadcrumb\",\"itemListElement\":[{\"@type\":\"ListItem\",\"position\":1,\"name\":\"Home\",\"item\":\"https:\/\/lekdetectiecentrale.be\/fr\/\"},{\"@type\":\"ListItem\",\"position\":2,\"name\":\"Gaz traceur\"}]},{\"@type\":\"WebSite\",\"@id\":\"https:\/\/lekdetectiecentrale.be\/fr\/#website\",\"url\":\"https:\/\/lekdetectiecentrale.be\/fr\/\",\"name\":\"LCS D\u00e9tection des fuites\",\"description\":\"Le sp\u00e9cialiste en d\u00e9tection des fuites\",\"publisher\":{\"@id\":\"https:\/\/lekdetectiecentrale.be\/fr\/#organization\"},\"potentialAction\":[{\"@type\":\"SearchAction\",\"target\":{\"@type\":\"EntryPoint\",\"urlTemplate\":\"https:\/\/lekdetectiecentrale.be\/fr\/?s={search_term_string}\"},\"query-input\":{\"@type\":\"PropertyValueSpecification\",\"valueRequired\":true,\"valueName\":\"search_term_string\"}}],\"inLanguage\":\"fr-BE\"},{\"@type\":\"Organization\",\"@id\":\"https:\/\/lekdetectiecentrale.be\/fr\/#organization\",\"name\":\"LCS D\u00e9tection des fuites\",\"url\":\"https:\/\/lekdetectiecentrale.be\/fr\/\",\"logo\":{\"@type\":\"ImageObject\",\"inLanguage\":\"fr-BE\",\"@id\":\"https:\/\/lekdetectiecentrale.be\/fr\/#\/schema\/logo\/image\/\",\"url\":\"https:\/\/lekdetectiecentrale.be\/fr\/wp-content\/uploads\/2017\/09\/lcs-detection-des-fuites.png\",\"contentUrl\":\"https:\/\/lekdetectiecentrale.be\/fr\/wp-content\/uploads\/2017\/09\/lcs-detection-des-fuites.png\",\"width\":250,\"height\":142,\"caption\":\"LCS D\u00e9tection des fuites\"},\"image\":{\"@id\":\"https:\/\/lekdetectiecentrale.be\/fr\/#\/schema\/logo\/image\/\"}}]}<\/script>\n<!-- \/ Yoast SEO plugin. -->","yoast_head_json":{"title":"D\u00e9tection de fuites avec du gaz traceur","description":"La d\u00e9tection de fuites avec du gaz traceur localise les fuites en injectant un gaz (inoffensif) dans les conduites. Aucune d\u00e9molition n\u00e9cessaire!","robots":{"index":"index","follow":"follow","max-snippet":"max-snippet:-1","max-image-preview":"max-image-preview:large","max-video-preview":"max-video-preview:-1"},"canonical":"https:\/\/lekdetectiecentrale.be\/fr\/gaz-traceur","og_locale":"fr_FR","og_type":"article","og_title":"D\u00e9tection de fuites avec du gaz traceur","og_description":"La d\u00e9tection de fuites avec du gaz traceur localise les fuites en injectant un gaz (inoffensif) dans les conduites. Aucune d\u00e9molition n\u00e9cessaire!","og_url":"https:\/\/lekdetectiecentrale.be\/fr\/gaz-traceur","og_site_name":"LCS D\u00e9tection des fuites","article_modified_time":"2025-01-30T10:50:20+00:00","twitter_card":"summary_large_image","twitter_misc":{"Dur\u00e9e de lecture est.":"4 minutes"},"schema":{"@context":"https:\/\/schema.org","@graph":[{"@type":"WebPage","@id":"https:\/\/lekdetectiecentrale.be\/fr\/gaz-traceur","url":"https:\/\/lekdetectiecentrale.be\/fr\/gaz-traceur","name":"D\u00e9tection de fuites avec du gaz traceur","isPartOf":{"@id":"https:\/\/lekdetectiecentrale.be\/fr\/#website"},"datePublished":"2025-01-30T10:34:56+00:00","dateModified":"2025-01-30T10:50:20+00:00","description":"La d\u00e9tection de fuites avec du gaz traceur localise les fuites en injectant un gaz (inoffensif) dans les conduites. Aucune d\u00e9molition n\u00e9cessaire!","breadcrumb":{"@id":"https:\/\/lekdetectiecentrale.be\/fr\/gaz-traceur#breadcrumb"},"inLanguage":"fr-BE","potentialAction":[{"@type":"ReadAction","target":["https:\/\/lekdetectiecentrale.be\/fr\/gaz-traceur"]}]},{"@type":"BreadcrumbList","@id":"https:\/\/lekdetectiecentrale.be\/fr\/gaz-traceur#breadcrumb","itemListElement":[{"@type":"ListItem","position":1,"name":"Home","item":"https:\/\/lekdetectiecentrale.be\/fr\/"},{"@type":"ListItem","position":2,"name":"Gaz traceur"}]},{"@type":"WebSite","@id":"https:\/\/lekdetectiecentrale.be\/fr\/#website","url":"https:\/\/lekdetectiecentrale.be\/fr\/","name":"LCS D\u00e9tection des fuites","description":"Le sp\u00e9cialiste en d\u00e9tection des fuites","publisher":{"@id":"https:\/\/lekdetectiecentrale.be\/fr\/#organization"},"potentialAction":[{"@type":"SearchAction","target":{"@type":"EntryPoint","urlTemplate":"https:\/\/lekdetectiecentrale.be\/fr\/?s={search_term_string}"},"query-input":{"@type":"PropertyValueSpecification","valueRequired":true,"valueName":"search_term_string"}}],"inLanguage":"fr-BE"},{"@type":"Organization","@id":"https:\/\/lekdetectiecentrale.be\/fr\/#organization","name":"LCS D\u00e9tection des fuites","url":"https:\/\/lekdetectiecentrale.be\/fr\/","logo":{"@type":"ImageObject","inLanguage":"fr-BE","@id":"https:\/\/lekdetectiecentrale.be\/fr\/#\/schema\/logo\/image\/","url":"https:\/\/lekdetectiecentrale.be\/fr\/wp-content\/uploads\/2017\/09\/lcs-detection-des-fuites.png","contentUrl":"https:\/\/lekdetectiecentrale.be\/fr\/wp-content\/uploads\/2017\/09\/lcs-detection-des-fuites.png","width":250,"height":142,"caption":"LCS D\u00e9tection des fuites"},"image":{"@id":"https:\/\/lekdetectiecentrale.be\/fr\/#\/schema\/logo\/image\/"}}]}},"_links":{"self":[{"href":"https:\/\/lekdetectiecentrale.be\/fr\/wp-json\/wp\/v2\/pages\/1005","targetHints":{"allow":["GET"]}}],"collection":[{"href":"https:\/\/lekdetectiecentrale.be\/fr\/wp-json\/wp\/v2\/pages"}],"about":[{"href":"https:\/\/lekdetectiecentrale.be\/fr\/wp-json\/wp\/v2\/types\/page"}],"author":[{"embeddable":true,"href":"https:\/\/lekdetectiecentrale.be\/fr\/wp-json\/wp\/v2\/users\/1"}],"replies":[{"embeddable":true,"href":"https:\/\/lekdetectiecentrale.be\/fr\/wp-json\/wp\/v2\/comments?post=1005"}],"version-history":[{"count":3,"href":"https:\/\/lekdetectiecentrale.be\/fr\/wp-json\/wp\/v2\/pages\/1005\/revisions"}],"predecessor-version":[{"id":1029,"href":"https:\/\/lekdetectiecentrale.be\/fr\/wp-json\/wp\/v2\/pages\/1005\/revisions\/1029"}],"wp:attachment":[{"href":"https:\/\/lekdetectiecentrale.be\/fr\/wp-json\/wp\/v2\/media?parent=1005"}],"curies":[{"name":"wp","href":"https:\/\/api.w.org\/{rel}","templated":true}]}}